{"id":11,"date":"2024-08-01T10:56:32","date_gmt":"2024-08-01T08:56:32","guid":{"rendered":"https:\/\/www.aixtrusion.de\/index.php\/unternehmen\/"},"modified":"2025-03-14T08:04:19","modified_gmt":"2025-03-14T07:04:19","slug":"unternehmen","status":"publish","type":"page","link":"https:\/\/www.aixtrusion.de\/de\/unternehmen\/","title":{"rendered":"Unternehmen"},"content":{"rendered":"\n<h1 class=\"wp-block-heading\">aiXtrusion<\/h1>\n\n\n\n<p>F\u00fcr unsere Kunden konzipieren und entwickeln wir mit einem st\u00e4ndig wachsenden Entwicklerteam von rund 40 Mitarbeitern speziell auf Kundenw\u00fcnsche abgestimmte Hard- und Software bis hin zu vollst\u00e4ndigen Ger\u00e4ten: vom Prototypen bis zur Serienreife, inklusive Geh\u00e4usetechnik. F\u00fcr diese Herausforderungen steht Ihnen eine hoch motivierte und agile Mannschaft aus sehr erfahrenen sowie jungen Ingenieuren und Informatikern zur Seite, die es uns erlaubt, technisch anspruchsvolle Projekte zuverl\u00e4ssig und auf h\u00f6chstem Niveau durchzuf\u00fchren. Durch die Standorte Arnsberg und Aachen k\u00f6nnen wir im Gro\u00dfraum NRW zudem kurze Wege und eine r\u00e4umliche N\u00e4he bei der Zusammenarbeit mit unseren Kunden garantieren.<\/p>\n\n\n\n<hr class=\"wp-block-separator has-alpha-channel-opacity is-style-wide\"\/>\n\n\n\n<div class=\"wp-block-media-text has-media-on-the-right is-stacked-on-mobile\" style=\"grid-template-columns:auto 25%\"><div class=\"wp-block-media-text__content\">\n<h2 class=\"wp-block-heading\">Das leisten wir:<\/h2>\n\n\n\n<p>Unser umfangreiches Portfolio aus individuell zugeschnittener Hard- und Software bietet f\u00fcr jeden Anwendungsfall eine passende L\u00f6sung. Kontaktieren Sie uns. Gemeinsam mit unserem kompetenten Team finden wir f\u00fcr Ihr Problem das richtige Mittel. Eingehende Erfahrungen und ausgezeichnete Referenzen sprechen f\u00fcr unsere Kompetenz in der Projektumsetzung. Wir freuen uns auf Sie!<\/p>\n<\/div><figure class=\"wp-block-media-text__media\"><img loading=\"lazy\" decoding=\"async\" width=\"5000\" height=\"5000\" src=\"https:\/\/www.aixtrusion.de\/wp-content\/uploads\/2024\/08\/SURVEY_3.webp\" alt=\"\" class=\"wp-image-296 size-full\"\/><\/figure><\/div>\n\n\n\n<hr class=\"wp-block-separator has-alpha-channel-opacity is-style-wide\"\/>\n\n\n\n<div class=\"wp-block-media-text has-media-on-the-right is-stacked-on-mobile\" style=\"grid-template-columns:auto 25%\"><div class=\"wp-block-media-text__content\">\n<h2 class=\"wp-block-heading\">Was unsere Kunden besonders sch\u00e4tzen<\/h2>\n\n\n\n<p>Schlanke Strukturen und kurze Wege zeichnen uns aus. Eine enge und partnerschaftliche Zusammenarbeit mit unseren Kunden steht f\u00fcr uns an erster Stelle. Wir arbeiten stets l\u00f6sungsorientiert und haben dabei immer die Gesamtheit des Projektes im Blick &#8211; ganz nach unserem Motto: engineering in its entirety.<\/p>\n<\/div><figure class=\"wp-block-media-text__media\"><img loading=\"lazy\" decoding=\"async\" width=\"250\" height=\"116\" src=\"https:\/\/www.aixtrusion.de\/wp-content\/uploads\/2024\/08\/aiXtrusion-Logo.webp\" alt=\"aiXtrusion - engineering in its entirety\" class=\"wp-image-297 size-full\"\/><\/figure><\/div>\n\n\n\n<hr class=\"wp-block-separator has-alpha-channel-opacity is-style-wide\"\/>\n\n\n\n<h2 class=\"wp-block-heading\">F\u00fcr wen wir arbeiten:<\/h2>\n\n\n\n<p>Unsere Kunden &nbsp;sind &nbsp;weltweit agierende Unternehmen und Global Player in ihren Bereichen. Die Branchen reichen von der Hausger\u00e4tetechnik \u00fcber die Medizin- und Automatisierungstechnik bis hin zum \u201eautomotiven\u201c Zulieferer.<\/p>\n\n\n\n<hr class=\"wp-block-separator has-alpha-channel-opacity is-style-wide\"\/>\n\n\n\n<h2 class=\"wp-block-heading\">Und demn\u00e4chst Sie?<\/h2>\n\n\n\n<p>Treten Sie mit uns in Kontakt, um mehr \u00fcber aiXtrusion zu erfahren. \u00dcberzeugen Sie sich von unserer stukturierten Arbeitsweise, der partnerschaftlichen Zusammenarbeit und nicht zu Letzt von unserem hochqualifizierten Team aus Informatikern, Schaltungsentwicklern und Technikern. Wir freuen uns auf Ihre Kontaktaufnahme!<\/p>\n\n\n\n<hr class=\"wp-block-separator has-alpha-channel-opacity is-style-wide\"\/>\n\n\n\n<div class=\"row\">\n  <div class=\"col-xl-3 col-lg-5 col-md-6 col-sm-12 col-xs-12\">\n    <div class=\"\">\n      <div id=\"c2248\" class=\"\">\n        <div class=\"ce-textpic ce-left ce-above\">\n          <div class=\"ce-bodytext\">\n            <p style=\"margin-bottom: 5px; \">&nbsp;<\/p>\n            <p style=\"margin-bottom: 5px; \">Rainer Maffei<br>Vo\u00dfwinkeler Stra\u00dfe 19<br>59757 Arnsberg<br>Tel.: 02932 8055\n              111<br>eMail: <a href=\"javascript:linkTo_UnCryptMailto('kygjrm8y,zmpicYygvrpsqgml,bc');\" class=\"mail\"><i\n                  class=\"fa\"><\/i>r.maffei@aixtrusion.de<\/a><\/p>\n          <\/div>\n        <\/div>\n      <\/div>\n    <\/div>\n  <\/div>\n  <div class=\"clearfix hidden-sm-up\"><\/div>\n  <div class=\"hidden-xs-down clearfix hidden-md-up\"><\/div>\n  <div class=\"col-md-3 col-sm-12 col-xs-12\">\n    <div class=\"\">\n      <div id=\"c2249\" class=\"\">\n        <div class=\"ce-textpic ce-right ce-above\">\n          <div class=\"\">\n            <div class=\"row\">\n              <div class=\" col-xs-12 col-sm-12 col-md-12 col-lg-12 col-xl-12 \">\n                <div class=\"ce-media\">\n                  \n                    <picture alt=\"aiXtrusion_08.png\">\n                      <img decoding=\"async\" src=\"https:\/\/www.aixtrusion.de\/wp-content\/uploads\/2024\/08\/aiXtrusion_08.webp\"\n                        alt=\"Rainer Peters\" title=\"\" class=\"img-fluid m-b-1  \">\n                    <\/picture>\n                \n                <\/div>\n              <\/div>\n              <div class=\"clearfix hidden-sm-up\"><\/div>\n              <div class=\"hidden-xs-down clearfix hidden-md-up\"><\/div>\n              <div class=\"hidden-sm-down clearfix hidden-lg-up\"><\/div>\n              <div class=\"hidden-md-down clearfix hidden-xl-up\"><\/div>\n              <div class=\"hidden-lg-down clearfix\"><\/div>\n            <\/div>\n          <\/div>\n          <div class=\"ce-bodytext\">\n          <\/div>\n        <\/div>\n      <\/div>\n    <\/div>\n  <\/div>\n  <div class=\"clearfix hidden-sm-up\"><\/div>\n  <div class=\"hidden-xs-down clearfix hidden-md-up\"><\/div>\n<\/div>\n","protected":false},"excerpt":{"rendered":"<p>aiXtrusion F\u00fcr unsere Kunden konzipieren und entwickeln wir mit einem st\u00e4ndig wachsenden Entwicklerteam von rund 40 Mitarbeitern speziell auf Kundenw\u00fcnsche abgestimmte Hard- und Software bis hin zu vollst\u00e4ndigen Ger\u00e4ten: vom Prototypen bis zur Serienreife, inklusive Geh\u00e4usetechnik. F\u00fcr diese Herausforderungen steht Ihnen eine hoch motivierte und agile Mannschaft aus sehr erfahrenen sowie jungen Ingenieuren und Informatikern [&hellip;]<\/p>\n","protected":false},"author":1,"featured_media":0,"parent":0,"menu_order":7,"comment_status":"closed","ping_status":"closed","template":"page-with-submenu","meta":{"footnotes":"","_links_to":"","_links_to_target":""},"class_list":["post-11","page","type-page","status-publish","hentry"],"_links":{"self":[{"href":"https:\/\/www.aixtrusion.de\/de\/wp-json\/wp\/v2\/pages\/11","targetHints":{"allow":["GET"]}}],"collection":[{"href":"https:\/\/www.aixtrusion.de\/de\/wp-json\/wp\/v2\/pages"}],"about":[{"href":"https:\/\/www.aixtrusion.de\/de\/wp-json\/wp\/v2\/types\/page"}],"author":[{"embeddable":true,"href":"https:\/\/www.aixtrusion.de\/de\/wp-json\/wp\/v2\/users\/1"}],"replies":[{"embeddable":true,"href":"https:\/\/www.aixtrusion.de\/de\/wp-json\/wp\/v2\/comments?post=11"}],"version-history":[{"count":6,"href":"https:\/\/www.aixtrusion.de\/de\/wp-json\/wp\/v2\/pages\/11\/revisions"}],"predecessor-version":[{"id":777,"href":"https:\/\/www.aixtrusion.de\/de\/wp-json\/wp\/v2\/pages\/11\/revisions\/777"}],"wp:attachment":[{"href":"https:\/\/www.aixtrusion.de\/de\/wp-json\/wp\/v2\/media?parent=11"}],"curies":[{"name":"wp","href":"https:\/\/api.w.org\/{rel}","templated":true}]}}