{"id":1115,"date":"2026-02-23T09:43:06","date_gmt":"2026-02-23T08:43:06","guid":{"rendered":"https:\/\/www.aixtrusion.de\/de\/produkte\/schraubenkopfauflagenerkennung-aixtight\/fds-verschraubung-mit-aixtight\/"},"modified":"2026-02-23T10:59:14","modified_gmt":"2026-02-23T09:59:14","slug":"fds-verschraubung-mit-aixtight","status":"publish","type":"page","link":"https:\/\/www.aixtrusion.de\/de\/produkte\/schraubenkopfauflagenerkennung-aixtight\/fds-verschraubung-mit-aixtight\/","title":{"rendered":"FDS Verschraubung mit aiXtight"},"content":{"rendered":"\n<h1 class=\"wp-block-heading\"><strong>FDS Verschraubung mit aiXtight<\/strong><\/h1>\n\n\n\n<p><strong>Schiefstellungen prozesssicher erkennen<\/strong><\/p>\n\n\n\n<div style=\"height:100px\" aria-hidden=\"true\" class=\"wp-block-spacer\"><\/div>\n\n\n\n<h2 class=\"wp-block-heading\"><strong>Die Herausforderung: Wenn Pr\u00e4zision auf Prozesskr\u00e4fte trifft<\/strong><\/h2>\n\n\n\n<div class=\"wp-block-columns is-layout-flex wp-container-core-columns-is-layout-28f84493 wp-block-columns-is-layout-flex\">\n<div class=\"wp-block-column is-layout-flow wp-block-column-is-layout-flow\">\n<p>Die flie\u00dflochformende Verschraubung (Flow Drill Screwing, FDS) ist ein Schl\u00fcsselprozess im modernen Leichtbau. Doch die hohen Prozesskr\u00e4fte und die thermische Belastung bergen Risiken. Schon kleine Abweichungen f\u00fchren zu instabilen Verbindungen oder teurem Ausschuss. So werden Schrauben nicht selten schief verschraubt. Dies hat Auswirkungen auf die G\u00fcte der Befestigung selbst bzw. auf die Dichtigkeit der Schraubverbindun<\/p>\n<\/div>\n\n\n\n<div class=\"wp-block-column is-layout-flow wp-block-column-is-layout-flow\">\n<figure class=\"wp-block-image size-large\"><img loading=\"lazy\" decoding=\"async\" width=\"1024\" height=\"475\" src=\"https:\/\/www.aixtrusion.de\/wp-content\/uploads\/2026\/02\/FDS-1024x475.jpg\" alt=\"FDS Verschraubung\" class=\"wp-image-1123\" srcset=\"https:\/\/www.aixtrusion.de\/wp-content\/uploads\/2026\/02\/FDS-1024x475.jpg 1024w, https:\/\/www.aixtrusion.de\/wp-content\/uploads\/2026\/02\/FDS-300x139.jpg 300w, https:\/\/www.aixtrusion.de\/wp-content\/uploads\/2026\/02\/FDS-768x356.jpg 768w, https:\/\/www.aixtrusion.de\/wp-content\/uploads\/2026\/02\/FDS.jpg 1302w\" sizes=\"auto, (max-width: 1024px) 100vw, 1024px\" \/><figcaption class=\"wp-element-caption\">Prozessdarstellung FDS Verschraubung <\/figcaption><\/figure>\n<\/div>\n<\/div>\n\n\n\n<p><\/p>\n\n\n\n<hr class=\"wp-block-separator has-alpha-channel-opacity is-style-wide\"\/>\n\n\n\n<h2 class=\"wp-block-heading\"><strong>Der kritische Faktor: Das \u201eRoboterschieben\u201c<\/strong><\/h2>\n\n\n\n<p>Ein oft untersch\u00e4tztes Problem in der FDS-Fertigung ist das sogenannte <strong>Roboterschieben<\/strong>.<\/p>\n\n\n\n<p>Beim FDS-Prozess wirken enorme Kr\u00e4fte: Eine Kombination aus axialem Druck und hoher Drehzahl f\u00fchren dazu, dass die Mechanik des Roboters leicht nachgibt bzw. die Regelung des Roboters die auftretenden Systemkr\u00e4fte kompensiert. Das Ergebnis:<\/p>\n\n\n\n<div class=\"wp-block-columns is-layout-flex wp-container-core-columns-is-layout-28f84493 wp-block-columns-is-layout-flex\">\n<div class=\"wp-block-column is-layout-flow wp-block-column-is-layout-flow\" style=\"flex-basis:66.66%\">\n<div class=\"wp-block-media-text is-stacked-on-mobile is-vertically-aligned-top\" style=\"grid-template-columns:15% auto\"><figure class=\"wp-block-media-text__media\"><img loading=\"lazy\" decoding=\"async\" width=\"915\" height=\"886\" src=\"https:\/\/www.aixtrusion.de\/wp-content\/uploads\/2026\/02\/FDS_NIO.jpg\" alt=\"FDS Skizze NIO Verschraubung\" class=\"wp-image-1126 size-full\" srcset=\"https:\/\/www.aixtrusion.de\/wp-content\/uploads\/2026\/02\/FDS_NIO.jpg 915w, https:\/\/www.aixtrusion.de\/wp-content\/uploads\/2026\/02\/FDS_NIO-300x290.jpg 300w, https:\/\/www.aixtrusion.de\/wp-content\/uploads\/2026\/02\/FDS_NIO-768x744.jpg 768w\" sizes=\"auto, (max-width: 915px) 100vw, 915px\" \/><\/figure><div class=\"wp-block-media-text__content\">\n<p>1. Der Winkel zwischen Schraubachse und Bauteil ver\u00e4ndert sich w\u00e4hrend des laufenden Prozesses.<\/p>\n\n\n\n<p>2. <strong>Die Folge: <\/strong>Eine Schiefstellung der Schraube, die optisch kaum erkennbar ist, aber die Einhaltung von Qualit\u00e4tskriterien massiv gef\u00e4hrdet.<\/p>\n<\/div><\/div>\n<\/div>\n<\/div>\n\n\n\n<hr class=\"wp-block-separator has-alpha-channel-opacity is-style-wide\"\/>\n\n\n\n<h2 class=\"wp-block-heading\"><strong>Unsere L\u00f6sung:<\/strong> <strong>Eindeutige Erkennung durch Infrarot-Detektion in Echtzeit<\/strong><\/h2>\n\n\n\n<div class=\"wp-block-columns is-layout-flex wp-container-core-columns-is-layout-28f84493 wp-block-columns-is-layout-flex\">\n<div class=\"wp-block-column is-layout-flow wp-block-column-is-layout-flow\" style=\"flex-basis:66.66%\">\n<div class=\"wp-block-media-text has-media-on-the-right is-stacked-on-mobile is-vertically-aligned-top\" style=\"grid-template-columns:auto 30%\"><div class=\"wp-block-media-text__content\">\n<p>Mit dem aiXtight-Messsystem f\u00fcr die FDS-Verschraubung wird der Schraubprozess \u00fcber zwei Infrarotkameras \u00fcberwacht. Die ermittelten W\u00e4rmebilder werden mit den vorliegenden Referenzdaten abgeglichen. So liefert das System direkt nach dem Prozess Aufschluss \u00fcber die korrekte Durchf\u00fchrung der Verschraubung und erkennt zuverl\u00e4ssig m\u00f6gliche Schiefstellungen.<\/p>\n<\/div><figure class=\"wp-block-media-text__media\"><img loading=\"lazy\" decoding=\"async\" width=\"755\" height=\"822\" src=\"https:\/\/www.aixtrusion.de\/wp-content\/uploads\/2026\/02\/FDS3.jpg\" alt=\"aiXtight Detektion f\u00fcr FDS Verschraubungen\" class=\"wp-image-1134 size-full\" srcset=\"https:\/\/www.aixtrusion.de\/wp-content\/uploads\/2026\/02\/FDS3.jpg 755w, https:\/\/www.aixtrusion.de\/wp-content\/uploads\/2026\/02\/FDS3-276x300.jpg 276w\" sizes=\"auto, (max-width: 755px) 100vw, 755px\" \/><\/figure><\/div>\n<\/div>\n\n\n\n<div class=\"wp-block-column is-layout-flow wp-block-column-is-layout-flow\" style=\"flex-basis:33.33%\"><\/div>\n<\/div>\n\n\n\n<hr class=\"wp-block-separator has-alpha-channel-opacity is-style-wide\"\/>\n\n\n\n<h2 class=\"wp-block-heading\"><strong>Ihre Vorteile im \u00dcberblick<\/strong><\/h2>\n\n\n\n<ul class=\"wp-block-list\">\n<li>Kein aufw\u00e4ndiges, manuelles Pr\u00fcfen des Spalts zwischen Schraubkopf und Klemmteil (z.B. durch Spionlehren)<\/li>\n\n\n\n<li>Maximale Sicherheit zur Erkennung von Schiefstellungen und Schraubabrissen<\/li>\n\n\n\n<li>Optimaler Kraftschluss durch Erreichung einer homogenen Kopfauflage<\/li>\n\n\n\n<li>Erreichen der geforderten Dichtigkeit der Bauteile<\/li>\n\n\n\n<li>Steigerung der Qualit\u00e4t und Reduktion von Reklamationen<\/li>\n\n\n\n<li>Integrierte Qualit\u00e4tssicherung durch Realtime Messung<\/li>\n\n\n\n<li>KI unterst\u00fctzte Detektion<\/li>\n\n\n\n<li>Geeignet f\u00fcr jede Art von Industrieschraubern<\/li>\n<\/ul>\n\n\n\n<hr class=\"wp-block-separator has-alpha-channel-opacity is-style-wide\"\/>\n\n\n\n<h3 class=\"wp-block-heading\">Ihr Ansprechpartner<\/h3>\n\n\n\n<div class=\"wp-block-columns is-layout-flex wp-container-core-columns-is-layout-28f84493 wp-block-columns-is-layout-flex\">\n<div class=\"wp-block-column is-layout-flow wp-block-column-is-layout-flow\">\n<div class=\"wpcf7 no-js\" id=\"wpcf7-f1006-o1\" lang=\"de-DE\" dir=\"ltr\" data-wpcf7-id=\"1006\">\n<div class=\"screen-reader-response\"><p role=\"status\" aria-live=\"polite\" aria-atomic=\"true\"><\/p> <ul><\/ul><\/div>\n<form action=\"\/de\/wp-json\/wp\/v2\/pages\/1115#wpcf7-f1006-o1\" method=\"post\" class=\"wpcf7-form init\" aria-label=\"Kontaktformular\" novalidate=\"novalidate\" data-status=\"init\">\n<fieldset class=\"hidden-fields-container\"><input type=\"hidden\" name=\"_wpcf7\" value=\"1006\" \/><input type=\"hidden\" name=\"_wpcf7_version\" value=\"6.1.5\" \/><input type=\"hidden\" name=\"_wpcf7_locale\" value=\"de_DE\" \/><input type=\"hidden\" name=\"_wpcf7_unit_tag\" value=\"wpcf7-f1006-o1\" \/><input type=\"hidden\" name=\"_wpcf7_container_post\" value=\"0\" \/><input type=\"hidden\" name=\"_wpcf7_posted_data_hash\" value=\"\" \/>\n<\/fieldset>\n<p><label> Name<br \/>\n<span class=\"wpcf7-form-control-wrap\" data-name=\"text-377\"><input size=\"40\" maxlength=\"400\" class=\"wpcf7-form-control wpcf7-text wpcf7-validates-as-required\" aria-required=\"true\" aria-invalid=\"false\" placeholder=\"Max Mustermann\" value=\"\" type=\"text\" name=\"text-377\" \/><\/span> <\/label>\n<\/p>\n<p><label> E-Mail<br \/>\n<span class=\"wpcf7-form-control-wrap\" data-name=\"email-556\"><input size=\"40\" maxlength=\"400\" class=\"wpcf7-form-control wpcf7-email wpcf7-validates-as-required wpcf7-text wpcf7-validates-as-email\" aria-required=\"true\" aria-invalid=\"false\" placeholder=\"max_mustermann@mail.de\" value=\"\" type=\"email\" name=\"email-556\" \/><\/span> <\/label>\n<\/p>\n<p><label> Betreff<br \/>\n<span class=\"wpcf7-form-control-wrap\" data-name=\"text-805\"><input size=\"40\" maxlength=\"400\" class=\"wpcf7-form-control wpcf7-text wpcf7-validates-as-required\" aria-required=\"true\" aria-invalid=\"false\" placeholder=\"Anfrage f\u00fcr...\" value=\"\" type=\"text\" name=\"text-805\" \/><\/span> <\/label>\n<\/p>\n<p><label> Nachricht (optional)<br \/>\n<span class=\"wpcf7-form-control-wrap\" data-name=\"textarea-786\"><textarea cols=\"40\" rows=\"10\" maxlength=\"2000\" class=\"wpcf7-form-control wpcf7-textarea\" aria-invalid=\"false\" placeholder=\"Bez\u00fcglich der Schraubenkopfauflage...\" name=\"textarea-786\"><\/textarea><\/span><\/label>\n<\/p>\n<p><div class=\"cf7-cf-turnstile\" style=\"margin-top: 0px; margin-bottom: -15px;\"> <div id=\"cf-turnstile-cf7-4137226578\" class=\"cf-turnstile\" data-sitekey=\"0x4AAAAAACObhySTy7E6CXMr\" data-theme=\"light\" data-language=\"auto\" data-size=\"normal\" data-retry=\"auto\" data-retry-interval=\"1000\" data-refresh-expired=\"auto\" data-action=\"contact-form-7\" data-appearance=\"always\"><\/div> <script>document.addEventListener(\"DOMContentLoaded\", function() { setTimeout(function(){ var e=document.getElementById(\"cf-turnstile-cf7-4137226578\"); e&&!e.innerHTML.trim()&&(turnstile.remove(\"#cf-turnstile-cf7-4137226578\"), turnstile.render(\"#cf-turnstile-cf7-4137226578\", {sitekey:\"0x4AAAAAACObhySTy7E6CXMr\"})); }, 100); });<\/script> <br class=\"cf-turnstile-br cf-turnstile-br-cf7-4137226578\"> <style>#cf-turnstile-cf7-4137226578 { margin-left: -15px; }<\/style> <script>document.addEventListener(\"DOMContentLoaded\",function(){document.querySelectorAll('.wpcf7-form').forEach(function(e){e.addEventListener('submit',function(){if(document.getElementById('cf-turnstile-cf7-4137226578')){setTimeout(function(){turnstile.reset('#cf-turnstile-cf7-4137226578');},1000)}})})});<\/script> <\/div><br\/><input class=\"wpcf7-form-control wpcf7-submit has-spinner\" type=\"submit\" value=\"Senden\" \/>\n<\/p><div class=\"wpcf7-response-output\" aria-hidden=\"true\"><\/div>\n<\/form>\n<\/div>\n\n<\/div>\n\n\n\n<div class=\"wp-block-column is-layout-flow wp-block-column-is-layout-flow\">\n<figure class=\"wp-block-image alignleft size-full is-resized\"><img loading=\"lazy\" decoding=\"async\" width=\"800\" height=\"800\" src=\"https:\/\/www.aixtrusion.de\/wp-content\/uploads\/2024\/08\/TFR.jpg\" alt=\"Thomas Frerich\" class=\"wp-image-594\" style=\"width:150px\" srcset=\"https:\/\/www.aixtrusion.de\/wp-content\/uploads\/2024\/08\/TFR.jpg 800w, https:\/\/www.aixtrusion.de\/wp-content\/uploads\/2024\/08\/TFR-300x300.jpg 300w, https:\/\/www.aixtrusion.de\/wp-content\/uploads\/2024\/08\/TFR-150x150.jpg 150w, https:\/\/www.aixtrusion.de\/wp-content\/uploads\/2024\/08\/TFR-768x768.jpg 768w\" sizes=\"auto, (max-width: 800px) 100vw, 800px\" \/><\/figure>\n\n\n\n<div id=\"c2463\" class=\"\">\n<h3>Ihr aiXtight Experte<\/h3>\n\t<div class=\"ce-textpic ce-left ce-below\">\n\t\t<div class=\"ce-bodytext\">\n\t\t\t\t<p style=\"margin-bottom: 5px; \">Thomas Frerich <br>Tel.: +49 2932 80 55 107\n<br>eMail: <a href=\"javascript:linkTo_UnCryptMailto('kygjrm8p,ncrcpqYygvrpsqgml,bc');\" class=\"mail\"><i class=\"fa\"><\/i>t.frerich<script type=\"text\/javascript\"> obscureAddMid() <\/script>@aixtrusion<script type=\"text\/javascript\"> obscureAddEnd() <\/script>.de<\/a><\/p>\n\t\t<\/div>\n\t<\/div>\n<\/div>\n<\/div>\n<\/div>\n\n\n\n<p><\/p>\n","protected":false},"excerpt":{"rendered":"<p>FDS Verschraubung mit aiXtight Schiefstellungen prozesssicher erkennen Die Herausforderung: Wenn Pr\u00e4zision auf Prozesskr\u00e4fte trifft Die flie\u00dflochformende Verschraubung (Flow Drill Screwing, FDS) ist ein Schl\u00fcsselprozess im modernen Leichtbau. Doch die hohen Prozesskr\u00e4fte und die thermische Belastung bergen Risiken. Schon kleine Abweichungen f\u00fchren zu instabilen Verbindungen oder teurem Ausschuss. So werden Schrauben nicht selten schief verschraubt. Dies [&hellip;]<\/p>\n","protected":false},"author":3,"featured_media":0,"parent":40,"menu_order":0,"comment_status":"closed","ping_status":"closed","template":"page-with-submenu","meta":{"footnotes":"","_links_to":"","_links_to_target":""},"class_list":["post-1115","page","type-page","status-publish","hentry"],"_links":{"self":[{"href":"https:\/\/www.aixtrusion.de\/de\/wp-json\/wp\/v2\/pages\/1115","targetHints":{"allow":["GET"]}}],"collection":[{"href":"https:\/\/www.aixtrusion.de\/de\/wp-json\/wp\/v2\/pages"}],"about":[{"href":"https:\/\/www.aixtrusion.de\/de\/wp-json\/wp\/v2\/types\/page"}],"author":[{"embeddable":true,"href":"https:\/\/www.aixtrusion.de\/de\/wp-json\/wp\/v2\/users\/3"}],"replies":[{"embeddable":true,"href":"https:\/\/www.aixtrusion.de\/de\/wp-json\/wp\/v2\/comments?post=1115"}],"version-history":[{"count":46,"href":"https:\/\/www.aixtrusion.de\/de\/wp-json\/wp\/v2\/pages\/1115\/revisions"}],"predecessor-version":[{"id":1170,"href":"https:\/\/www.aixtrusion.de\/de\/wp-json\/wp\/v2\/pages\/1115\/revisions\/1170"}],"up":[{"embeddable":true,"href":"https:\/\/www.aixtrusion.de\/de\/wp-json\/wp\/v2\/pages\/40"}],"wp:attachment":[{"href":"https:\/\/www.aixtrusion.de\/de\/wp-json\/wp\/v2\/media?parent=1115"}],"curies":[{"name":"wp","href":"https:\/\/api.w.org\/{rel}","templated":true}]}}