{"id":1197,"date":"2026-03-03T10:51:54","date_gmt":"2026-03-03T09:51:54","guid":{"rendered":"https:\/\/www.aixtrusion.de\/de\/leistungen\/industrie-40-automation\/kundenspezifische-retrofitloesungen\/"},"modified":"2026-03-13T15:29:16","modified_gmt":"2026-03-13T14:29:16","slug":"kundenspezifische-retrofitloesungen","status":"publish","type":"page","link":"https:\/\/www.aixtrusion.de\/de\/leistungen\/industrie-40-automation\/kundenspezifische-retrofitloesungen\/","title":{"rendered":"Kundenspezifische Retrofitl\u00f6sungen"},"content":{"rendered":"\n<h2 class=\"wp-block-heading has-xx-large-font-size\"><strong>Kundenspezifische Retrofitl\u00f6sungen<\/strong><\/h2>\n\n\n\n<figure class=\"wp-block-image size-large\"><img loading=\"lazy\" decoding=\"async\" width=\"1024\" height=\"540\" src=\"https:\/\/www.aixtrusion.de\/wp-content\/uploads\/2026\/03\/Flyer_Retrofit_2026_small-1024x540.jpg\" alt=\"aiXtrusion Retrofitl\u00f6sungen\" class=\"wp-image-1219\" srcset=\"https:\/\/www.aixtrusion.de\/wp-content\/uploads\/2026\/03\/Flyer_Retrofit_2026_small-1024x540.jpg 1024w, https:\/\/www.aixtrusion.de\/wp-content\/uploads\/2026\/03\/Flyer_Retrofit_2026_small-300x158.jpg 300w, https:\/\/www.aixtrusion.de\/wp-content\/uploads\/2026\/03\/Flyer_Retrofit_2026_small-768x405.jpg 768w, https:\/\/www.aixtrusion.de\/wp-content\/uploads\/2026\/03\/Flyer_Retrofit_2026_small.jpg 1280w\" sizes=\"auto, (max-width: 1024px) 100vw, 1024px\" \/><\/figure>\n\n\n\n<div class=\"wp-block-columns is-layout-flex wp-container-core-columns-is-layout-28f84493 wp-block-columns-is-layout-flex\">\n<div class=\"wp-block-column is-layout-flow wp-block-column-is-layout-flow\">\n<p>Bestehende Produktionsanlagen sind h\u00e4ufig technisch robust, entsprechen jedoch nicht mehr den heutigen Anforderungen an Vernetzung, Effizienz und Datentransparenz. Mit ma\u00dfgeschneiderten Retrofitl\u00f6sungen modernisiert die aiXtrusion GmbH bestehende Systeme gezielt und wirtschaftlich. Ziel ist es, Maschinen und Anlagen technologisch auf den neuesten Stand zu bringen, ohne vollst\u00e4ndige Neuinvestitionen t\u00e4tigen zu m\u00fcssen.<\/p>\n<\/div>\n<\/div>\n\n\n\n<hr class=\"wp-block-separator has-alpha-channel-opacity\"\/>\n\n\n\n<h2 class=\"wp-block-heading\"><strong>Unsere Ingenieursleistungen im Bereich der Retrofitl\u00f6sungen<\/strong><\/h2>\n\n\n\n<div style=\"height:30px\" aria-hidden=\"true\" class=\"wp-block-spacer\"><\/div>\n\n\n\n<div class=\"wp-block-columns is-layout-flex wp-container-core-columns-is-layout-28f84493 wp-block-columns-is-layout-flex\">\n<div class=\"wp-block-column is-layout-flow wp-block-column-is-layout-flow\" style=\"flex-basis:20%\">\n<figure class=\"wp-block-image size-full is-resized\"><img loading=\"lazy\" decoding=\"async\" width=\"300\" height=\"300\" src=\"https:\/\/www.aixtrusion.de\/wp-content\/uploads\/2026\/03\/Symbol_Analyse_Konzept.png\" alt=\"Analyse &amp; Konzept\" class=\"wp-image-1224\" style=\"object-fit:contain;width:150px;height:150px\" srcset=\"https:\/\/www.aixtrusion.de\/wp-content\/uploads\/2026\/03\/Symbol_Analyse_Konzept.png 300w, https:\/\/www.aixtrusion.de\/wp-content\/uploads\/2026\/03\/Symbol_Analyse_Konzept-150x150.png 150w\" sizes=\"auto, (max-width: 300px) 100vw, 300px\" \/><\/figure>\n<\/div>\n\n\n\n<div class=\"wp-block-column is-layout-flow wp-block-column-is-layout-flow\" style=\"flex-basis:66.66%\">\n<h3 class=\"wp-block-heading\">Analyse und Konzeptentwicklung<\/h3>\n\n\n\n<p>Jede Modernisierung beginnt mit einer strukturierten Bestandsaufnahme. Unsere Ingenieure analysieren Mechanik, Steuerungstechnik, Sicherheitssysteme und Softwarearchitekturen bestehender Anlagen. Auf dieser Basis entwickeln wir ein individuelles Modernisierungskonzept, das technische Machbarkeit, Wirtschaftlichkeit und Zukunftssicherheit vereint.<\/p>\n<\/div>\n<\/div>\n\n\n\n<div class=\"wp-block-columns is-layout-flex wp-container-core-columns-is-layout-28f84493 wp-block-columns-is-layout-flex\">\n<div class=\"wp-block-column is-layout-flow wp-block-column-is-layout-flow\" style=\"flex-basis:20%\">\n<figure class=\"wp-block-image size-full is-resized\"><img loading=\"lazy\" decoding=\"async\" width=\"300\" height=\"300\" src=\"https:\/\/www.aixtrusion.de\/wp-content\/uploads\/2026\/03\/Symbol_Steuerungtechnik.png\" alt=\"Steuerungstechnik\" class=\"wp-image-1222\" style=\"object-fit:contain;width:150px;height:150px\" srcset=\"https:\/\/www.aixtrusion.de\/wp-content\/uploads\/2026\/03\/Symbol_Steuerungtechnik.png 300w, https:\/\/www.aixtrusion.de\/wp-content\/uploads\/2026\/03\/Symbol_Steuerungtechnik-150x150.png 150w\" sizes=\"auto, (max-width: 300px) 100vw, 300px\" \/><\/figure>\n<\/div>\n\n\n\n<div class=\"wp-block-column is-layout-flow wp-block-column-is-layout-flow\" style=\"flex-basis:66.66%\">\n<h3 class=\"wp-block-heading\">Steuerungs- und Automatisierungsmodernisierung<\/h3>\n\n\n\n<p>Veraltete Steuerungen oder nicht mehr verf\u00fcgbare Komponenten stellen ein hohes Risiko f\u00fcr Produktionssicherheit dar. Wir ersetzen oder erweitern bestehende SPS-Systeme, Antriebstechnik und Visualisierungsl\u00f6sungen durch moderne, leistungsf\u00e4hige Komponenten.<\/p>\n<\/div>\n<\/div>\n\n\n\n<div class=\"wp-block-columns is-layout-flex wp-container-core-columns-is-layout-28f84493 wp-block-columns-is-layout-flex\">\n<div class=\"wp-block-column is-layout-flow wp-block-column-is-layout-flow\" style=\"flex-basis:20%\">\n<figure class=\"wp-block-image size-full is-resized\"><img loading=\"lazy\" decoding=\"async\" width=\"300\" height=\"300\" src=\"https:\/\/www.aixtrusion.de\/wp-content\/uploads\/2026\/03\/Symbol_Sensorik_Daten.png\" alt=\"Sensorik &amp; Daten\" class=\"wp-image-1234\" style=\"object-fit:contain;width:150px;height:150px\" srcset=\"https:\/\/www.aixtrusion.de\/wp-content\/uploads\/2026\/03\/Symbol_Sensorik_Daten.png 300w, https:\/\/www.aixtrusion.de\/wp-content\/uploads\/2026\/03\/Symbol_Sensorik_Daten-150x150.png 150w\" sizes=\"auto, (max-width: 300px) 100vw, 300px\" \/><\/figure>\n<\/div>\n\n\n\n<div class=\"wp-block-column is-layout-flow wp-block-column-is-layout-flow\" style=\"flex-basis:66.66%\">\n<h3 class=\"wp-block-heading\">Integration moderner Bildverarbeitung, Sensorik und Datenerfassung<\/h3>\n\n\n\n<p>Wir f\u00fchren Bildverarbeitung, Sensorik und digitale Schnittstellen zu einem smarten Gesamtsystem zusammen. Das Ergebnis: Volle Kontrolle \u00fcber Ihre Prozesse und die M\u00f6glichkeit zur vorausschauenden Wartung (Predictive Maintenance). Dank KI-gest\u00fctzter Analysen heben wir die Effizienz Ihrer Abl\u00e4ufe durch datenbasierte Optimierung auf das n\u00e4chste Level.<\/p>\n<\/div>\n<\/div>\n\n\n\n<div class=\"wp-block-columns is-layout-flex wp-container-core-columns-is-layout-28f84493 wp-block-columns-is-layout-flex\">\n<div class=\"wp-block-column is-layout-flow wp-block-column-is-layout-flow\" style=\"flex-basis:20%\">\n<figure class=\"wp-block-image size-full is-resized\"><img loading=\"lazy\" decoding=\"async\" width=\"300\" height=\"300\" src=\"https:\/\/www.aixtrusion.de\/wp-content\/uploads\/2026\/03\/Symbol_Konstruktion.png\" alt=\"Konstruktion\" class=\"wp-image-1235\" style=\"object-fit:contain;width:150px;height:150px\" srcset=\"https:\/\/www.aixtrusion.de\/wp-content\/uploads\/2026\/03\/Symbol_Konstruktion.png 300w, https:\/\/www.aixtrusion.de\/wp-content\/uploads\/2026\/03\/Symbol_Konstruktion-150x150.png 150w\" sizes=\"auto, (max-width: 300px) 100vw, 300px\" \/><\/figure>\n<\/div>\n\n\n\n<div class=\"wp-block-column is-layout-flow wp-block-column-is-layout-flow\" style=\"flex-basis:66.66%\">\n<h3 class=\"wp-block-heading\">Konstruktion und Hardwareentwicklung<\/h3>\n\n\n\n<p>\u00dcber die digitale Steuerung hinaus erneuern wir auch Ihre mechanischen Baugruppen. Unser Konstruktionsb\u00fcro entwickelt pr\u00e4zise 3D-Modelle und optimiert bestehende Komponenten f\u00fcr maximale Performance. Unsere Hardwareentwicklung entwickelt bei Bedarf die anwendungsspezifische Elektronik-Hardware. Gemeinsam mit unseren Partnern realisieren wir ma\u00dfgeschneiderte L\u00f6sungen, die exakt auf Ihre vorhandenen Anlagen zugeschnitten sind.<\/p>\n<\/div>\n<\/div>\n\n\n\n<hr class=\"wp-block-separator has-alpha-channel-opacity\"\/>\n\n\n\n<h2 class=\"wp-block-heading has-text-align-left\"><strong>Modernisierung f\u00fcr die Automation der Zukunft &#8211; Alles aus einer Hand<\/strong><\/h2>\n\n\n\n<div style=\"height:30px\" aria-hidden=\"true\" class=\"wp-block-spacer\"><\/div>\n\n\n\n<h3 class=\"wp-block-heading\"><strong>Ihre Vorteile<\/strong><\/h3>\n\n\n\n<ul class=\"wp-block-list\">\n<li>Verl\u00e4ngerung der Lebensdauer bestehender Anlagen<\/li>\n\n\n\n<li>Reduzierung ungeplanter Stillst\u00e4nde<\/li>\n\n\n\n<li>Erh\u00f6hung von Effizienz, Genauigkeit und Prozesssicherheit<\/li>\n\n\n\n<li>Anpassung an aktuelle Sicherheitsstandards<\/li>\n\n\n\n<li>Nachhaltige Nutzung vorhandener Ressourcen<\/li>\n\n\n\n<li>Alles aus einer Hand<\/li>\n<\/ul>\n\n\n\n<p>Wir minimieren Ihre Projektrisiken durch nahtlose Schnittstellen. Von der mechanischen Konstruktion bis zur Software-Implementierung koordinieren wir alle Gewerke intern, sodass Sie ein perfekt aufeinander abgestimmtes Gesamtsystem erhalten.<\/p>\n\n\n\n<p><\/p>\n","protected":false},"excerpt":{"rendered":"<p>Kundenspezifische Retrofitl\u00f6sungen Bestehende Produktionsanlagen sind h\u00e4ufig technisch robust, entsprechen jedoch nicht mehr den heutigen Anforderungen an Vernetzung, Effizienz und Datentransparenz. Mit ma\u00dfgeschneiderten Retrofitl\u00f6sungen modernisiert die aiXtrusion GmbH bestehende Systeme gezielt und wirtschaftlich. Ziel ist es, Maschinen und Anlagen technologisch auf den neuesten Stand zu bringen, ohne vollst\u00e4ndige Neuinvestitionen t\u00e4tigen zu m\u00fcssen. Unsere Ingenieursleistungen im Bereich [&hellip;]<\/p>\n","protected":false},"author":3,"featured_media":0,"parent":478,"menu_order":4,"comment_status":"closed","ping_status":"closed","template":"page-with-submenu","meta":{"footnotes":"","_links_to":"","_links_to_target":""},"class_list":["post-1197","page","type-page","status-publish","hentry"],"_links":{"self":[{"href":"https:\/\/www.aixtrusion.de\/de\/wp-json\/wp\/v2\/pages\/1197","targetHints":{"allow":["GET"]}}],"collection":[{"href":"https:\/\/www.aixtrusion.de\/de\/wp-json\/wp\/v2\/pages"}],"about":[{"href":"https:\/\/www.aixtrusion.de\/de\/wp-json\/wp\/v2\/types\/page"}],"author":[{"embeddable":true,"href":"https:\/\/www.aixtrusion.de\/de\/wp-json\/wp\/v2\/users\/3"}],"replies":[{"embeddable":true,"href":"https:\/\/www.aixtrusion.de\/de\/wp-json\/wp\/v2\/comments?post=1197"}],"version-history":[{"count":33,"href":"https:\/\/www.aixtrusion.de\/de\/wp-json\/wp\/v2\/pages\/1197\/revisions"}],"predecessor-version":[{"id":1279,"href":"https:\/\/www.aixtrusion.de\/de\/wp-json\/wp\/v2\/pages\/1197\/revisions\/1279"}],"up":[{"embeddable":true,"href":"https:\/\/www.aixtrusion.de\/de\/wp-json\/wp\/v2\/pages\/478"}],"wp:attachment":[{"href":"https:\/\/www.aixtrusion.de\/de\/wp-json\/wp\/v2\/media?parent=1197"}],"curies":[{"name":"wp","href":"https:\/\/api.w.org\/{rel}","templated":true}]}}