{"id":155,"date":"2024-08-04T23:57:08","date_gmt":"2024-08-04T21:57:08","guid":{"rendered":"https:\/\/www.aixtrusion.de\/index.php\/leistungen\/information-systems\/cloud-loesungen\/"},"modified":"2024-09-17T19:48:54","modified_gmt":"2024-09-17T17:48:54","slug":"cloud-loesungen","status":"publish","type":"page","link":"https:\/\/www.aixtrusion.de\/de\/leistungen\/information-systems\/cloud-loesungen\/","title":{"rendered":"Cloud-L\u00f6sungen"},"content":{"rendered":"\n<div class=\"wp-block-media-text has-media-on-the-right is-stacked-on-mobile\" style=\"grid-template-columns:auto 25%\"><div class=\"wp-block-media-text__content\">\n<h1 class=\"wp-block-heading\">Cloud-L\u00f6sungen<\/h1>\n\n\n\n<p>Cloud-L\u00f6sungen kommen dort zum Einsatz, wo Daten \u00fcber eine gro\u00dfe Entfernung hinweg \u00fcbertragen werden, beziehungsweise abrufbar sein m\u00fcssen. Daten stehen dabei \u00fcber ein Rechnernetz zur Verf\u00fcgung, ohne dass sie lokal gespeichert werden m\u00fcssen. In der Industrie 4.0 sind Cloud-L\u00f6sungen vielseitig im Einsatz, zum Beispiel in der Produktnachverfolgung. Auch sogenannte Portal-Server nutzen Daten aus der Cloud.&nbsp;<\/p>\n\n\n\n<h2 class=\"wp-block-heading\">Portalserver f\u00fcr Haushaltsger\u00e4te<\/h2>\n\n\n\n<p>Wenn man zu Hause am K\u00fchlschrank Nachrichten lesen kann und die zentrale Heizungssteuerung neben ihren \u00fcblichen Funktionen auch noch Musik aus dem Web abspielt und das Wetter bereith\u00e4lt, dann funktioniert dieses \u00fcber sogenannte Portalserver. Neben anderen zweckm\u00e4\u00dfigen Funktionen haben die Hausbewohner zus\u00e4tzlich Zugriff auf Komfort- und Multimediadienste. Ein weiterer Vorteil ist der externe Zugriff auf Ger\u00e4tegruppen zum Update der Software und Wartung der Ger\u00e4te.&nbsp;aiXtrusion entwickelte im Kundenauftrag eine Soft- und Hardware-L\u00f6sung f\u00fcr ein Haushaltsger\u00e4t und implementierte Portalserverl\u00f6sungen:<\/p>\n\n\n\n<ul class=\"wp-block-list\">\n<li>Update- und Wartungsm\u00f6glichkeiten<\/li>\n\n\n\n<li>externer Zugriff<\/li>\n\n\n\n<li>zentrales Gateway f\u00fcr Komfort- und Multimediadienste<\/li>\n<\/ul>\n<\/div><figure class=\"wp-block-media-text__media\"><img loading=\"lazy\" decoding=\"async\" width=\"1134\" height=\"744\" src=\"https:\/\/www.aixtrusion.de\/wp-content\/uploads\/2024\/08\/portal_Server_alternativ.webp\" alt=\"\" class=\"wp-image-162 size-full\"\/><\/figure><\/div>\n\n\n\n<hr class=\"wp-block-separator has-alpha-channel-opacity is-style-wide\"\/>\n\n\n\n<div class=\"wp-block-media-text has-media-on-the-right is-stacked-on-mobile\" style=\"grid-template-columns:auto 25%\"><div class=\"wp-block-media-text__content\">\n<h2 class=\"wp-block-heading\">Film Performance Monitor<\/h2>\n\n\n\n<p>Folien sind in der Industrie vielseitig im Einsatz. Um den Standards in der Transportsicherung gerecht zu werden, ist es wichtig, dass das Material eine gleichbleibende Qualit\u00e4t hat. Mit dem Film Performance Monitor hat aiXtrusion f\u00fcr ihren Kunden Windm\u00f6ller &amp; H\u00f6lscher ein System zur Inline-\u00dcberwachung entwickelt und in die Gie\u00dffolienanlage Filmex II integriert. Eine physikalische Gr\u00f6\u00dfe im Produktionsablauf macht zuverl\u00e4ssige Aussagen \u00fcber die zu erwartenden Folieneigenschaften m\u00f6glich. Das System erfasst diese Gr\u00f6\u00dfe und ordnet sie zuverl\u00e4ssig jeder produzierten Rolle zu. Zur eindeutigen Indentifizierung erh\u00e4lt jede Rolle einen maschinenlesbaren Code. Die Daten werden in einer Cloud hinterlegt und k\u00f6nnen an den Kunden weitergegeben werden. So kann dieser den EU-Normen zur Nachverfolgbarkeit gerecht werden. Zus\u00e4tzlich wird dabei die Mandantenf\u00e4higkeit gewahrt. F\u00fcr die Endkunden sind nur die auftragsbezogenen Daten verf\u00fcgbar, die nach einer festgelegten Zeit gel\u00f6scht werden.&nbsp;<\/p>\n\n\n\n<ul class=\"wp-block-list\">\n<li>B2B-Plattform mit Mandatenf\u00e4higkeit<\/li>\n\n\n\n<li>rollenbezogene Daten<\/li>\n\n\n\n<li>kontinuierliche Erfassung und \u00dcbertragung von Qualit\u00e4tsdaten<\/li>\n\n\n\n<li>sichere Austauschplattform f\u00fcr auftragsbezogene Daten<\/li>\n<\/ul>\n<\/div><figure class=\"wp-block-media-text__media\"><img loading=\"lazy\" decoding=\"async\" width=\"768\" height=\"588\" src=\"https:\/\/www.aixtrusion.de\/wp-content\/uploads\/2024\/08\/MUSTER_W_H_200109-768x588-1.webp\" alt=\"\" class=\"wp-image-163 size-full\"\/><\/figure><\/div>\n\n\n\n<div class=\"wp-block-buttons is-layout-flex wp-block-buttons-is-layout-flex\">\n<div class=\"wp-block-button is-style-outline is-style-outline--1\"><a class=\"wp-block-button__link wp-element-button\" href=\"http:\/\/www.it-production.com\/allgemein\/inline-ueberwachung-fuer-gleichbleibende-qualitaet\/\" target=\"_blank\" rel=\"noreferrer noopener nofollow\">Fachbeitrag in der IT &amp; Production<\/a><\/div>\n<\/div>\n\n\n\n<p><\/p>\n","protected":false},"excerpt":{"rendered":"","protected":false},"author":1,"featured_media":0,"parent":30,"menu_order":0,"comment_status":"closed","ping_status":"closed","template":"page-with-submenu","meta":{"footnotes":"","_links_to":"","_links_to_target":""},"class_list":["post-155","page","type-page","status-publish","hentry"],"_links":{"self":[{"href":"https:\/\/www.aixtrusion.de\/de\/wp-json\/wp\/v2\/pages\/155","targetHints":{"allow":["GET"]}}],"collection":[{"href":"https:\/\/www.aixtrusion.de\/de\/wp-json\/wp\/v2\/pages"}],"about":[{"href":"https:\/\/www.aixtrusion.de\/de\/wp-json\/wp\/v2\/types\/page"}],"author":[{"embeddable":true,"href":"https:\/\/www.aixtrusion.de\/de\/wp-json\/wp\/v2\/users\/1"}],"replies":[{"embeddable":true,"href":"https:\/\/www.aixtrusion.de\/de\/wp-json\/wp\/v2\/comments?post=155"}],"version-history":[{"count":6,"href":"https:\/\/www.aixtrusion.de\/de\/wp-json\/wp\/v2\/pages\/155\/revisions"}],"predecessor-version":[{"id":621,"href":"https:\/\/www.aixtrusion.de\/de\/wp-json\/wp\/v2\/pages\/155\/revisions\/621"}],"up":[{"embeddable":true,"href":"https:\/\/www.aixtrusion.de\/de\/wp-json\/wp\/v2\/pages\/30"}],"wp:attachment":[{"href":"https:\/\/www.aixtrusion.de\/de\/wp-json\/wp\/v2\/media?parent=155"}],"curies":[{"name":"wp","href":"https:\/\/api.w.org\/{rel}","templated":true}]}}