{"id":157,"date":"2024-08-04T23:57:08","date_gmt":"2024-08-04T21:57:08","guid":{"rendered":"https:\/\/www.aixtrusion.de\/index.php\/leistungen\/information-systems\/client-server-systeme\/"},"modified":"2025-03-07T11:27:26","modified_gmt":"2025-03-07T10:27:26","slug":"client-server-systeme","status":"publish","type":"page","link":"https:\/\/www.aixtrusion.de\/de\/leistungen\/information-systems\/client-server-systeme\/","title":{"rendered":"Client-Server-Systeme"},"content":{"rendered":"\n<h1 class=\"wp-block-heading\">Client-Server-Systeme<\/h1>\n\n\n\n<p>Ein Client-Server-System ist ein Netzwerk aus Clients, also Endger\u00e4ten, und Servern. Innerhalb des Netzwerkes k\u00f6nnen Aufgaben verteilt und Daten vom Server abgerufen werden. Der Server kann sich am selben oder einem anderen Rechner befinden und gleichzeitig f\u00fcr mehrere Clients arbeiten. Solche Modelle sind hilfreich, wenn an mehreren Stellen Aufgaben eingespeist und bearbeitet werden.&nbsp;<\/p>\n\n\n\n<div style=\"height:60px\" aria-hidden=\"true\" class=\"wp-block-spacer\"><\/div>\n\n\n\n<div class=\"wp-block-media-text has-media-on-the-right is-stacked-on-mobile\" style=\"grid-template-columns:auto 25%\"><div class=\"wp-block-media-text__content\">\n<h2 class=\"wp-block-heading\">daiXma<\/h2>\n\n\n\n<p>Das modular aufgebaute Client-Server-System daiXma ist der optimale Helfer im Dokumentations-Management. Als Tool f\u00fcr die Erstellung von technischen Pr\u00fcfberichten konzipiert, unterst\u00fctzt es die Anwender von der Anfrage \u00fcber das Angebot und die Durchf\u00fchrung bis zum fertigen Bericht. Mehr \u00fcber daiXma erfahren Sie&nbsp;<a href=\"\/de\/produkte\/dokumentationsassistent-daixma\/\">hier<\/a>.<\/p>\n\n\n\n<p>Mehr \u00fcber daiXma erfahren sie hier:<\/p>\n\n\n\n<div class=\"btn-group\">\t\n<div id=\"c2237\" class=\"m-t-2\">\n<a href=\"\/de\/produkte\/dokumentationsassistent-daixma\/\" target=\"_self\" class=\"btn btn-default btn-secondary\" rel=\"noopener\" title=\"\">\n\t<span>daiXma<\/span>\n\t<\/a>\n<\/div>\n<\/div>\n<\/div><figure class=\"wp-block-media-text__media\"><img loading=\"lazy\" decoding=\"async\" width=\"300\" height=\"218\" src=\"https:\/\/www.aixtrusion.de\/wp-content\/uploads\/2024\/08\/daixma-doc.webp\" alt=\"\" class=\"wp-image-117 size-full\"\/><\/figure><\/div>\n\n\n\n<hr class=\"wp-block-separator has-alpha-channel-opacity is-style-wide\"\/>\n\n\n\n<div class=\"wp-block-media-text has-media-on-the-right is-stacked-on-mobile\" style=\"grid-template-columns:auto 25%\"><div class=\"wp-block-media-text__content\">\n<h2 class=\"wp-block-heading\"><a href=\"https:\/\/aixtrusion.de\/de\/produkte\/prozessanalysesystem-aixpert\/\" rel=\"nofollow noopener\" target=\"_blank\">aiX.PERT<\/a><\/h2>\n\n\n\n<p>Regelung, Automatisierung und Qualit\u00e4ts\u00fcberwachung von Produktionsprozessen sind wesentliche Bestandteile des Qualit\u00e4tsmanagements. F\u00fcr diese und noch weitere Tools bietet aiXtrusion gemeinsam mit den Partnern vom\u00a0Institut f\u00fcr Kunststoffverarbeitung IKV\u00a0und der\u00a0<a href=\"http:\/\/www.pixargus.com\/index.php?la=1\" target=\"_blank\" rel=\"noreferrer noopener nofollow\">Pixargus GmbH<\/a>\u00a0ein innovatives Produkt &#8211; aiX.PERT.<\/p>\n\n\n\n<p>Mehr \u00fcber aiX.PERT erfahren sie hier:<\/p>\n\n\n\n<div class=\"btn-group\">\t\t\n<div id=\"c2239\" class=\"m-t-2\">\n<a href=\"\/de\/produkte\/prozessanalysesystem-aixpert\/\" target=\"_self\" class=\"btn btn-default btn-secondary\" rel=\"noopener\" title=\"\">\t\n\t<span>aiX.PERT<\/span>\n\t<\/a>\n<\/div>\n<\/div>\n<\/div><figure class=\"wp-block-media-text__media\"><img loading=\"lazy\" decoding=\"async\" width=\"841\" height=\"595\" src=\"https:\/\/www.aixtrusion.de\/wp-content\/uploads\/2024\/08\/produkt_aiXpert.webp\" alt=\"\" class=\"wp-image-166 size-full\"\/><\/figure><\/div>\n\n\n\n<p><\/p>\n","protected":false},"excerpt":{"rendered":"<p>Client-Server-Systeme Ein Client-Server-System ist ein Netzwerk aus Clients, also Endger\u00e4ten, und Servern. Innerhalb des Netzwerkes k\u00f6nnen Aufgaben verteilt und Daten vom Server abgerufen werden. Der Server kann sich am selben oder einem anderen Rechner befinden und gleichzeitig f\u00fcr mehrere Clients arbeiten. Solche Modelle sind hilfreich, wenn an mehreren Stellen Aufgaben eingespeist und bearbeitet werden.&nbsp; daiXma [&hellip;]<\/p>\n","protected":false},"author":1,"featured_media":0,"parent":30,"menu_order":1,"comment_status":"closed","ping_status":"closed","template":"page-with-submenu","meta":{"footnotes":"","_links_to":"","_links_to_target":""},"class_list":["post-157","page","type-page","status-publish","hentry"],"_links":{"self":[{"href":"https:\/\/www.aixtrusion.de\/de\/wp-json\/wp\/v2\/pages\/157","targetHints":{"allow":["GET"]}}],"collection":[{"href":"https:\/\/www.aixtrusion.de\/de\/wp-json\/wp\/v2\/pages"}],"about":[{"href":"https:\/\/www.aixtrusion.de\/de\/wp-json\/wp\/v2\/types\/page"}],"author":[{"embeddable":true,"href":"https:\/\/www.aixtrusion.de\/de\/wp-json\/wp\/v2\/users\/1"}],"replies":[{"embeddable":true,"href":"https:\/\/www.aixtrusion.de\/de\/wp-json\/wp\/v2\/comments?post=157"}],"version-history":[{"count":9,"href":"https:\/\/www.aixtrusion.de\/de\/wp-json\/wp\/v2\/pages\/157\/revisions"}],"predecessor-version":[{"id":727,"href":"https:\/\/www.aixtrusion.de\/de\/wp-json\/wp\/v2\/pages\/157\/revisions\/727"}],"up":[{"embeddable":true,"href":"https:\/\/www.aixtrusion.de\/de\/wp-json\/wp\/v2\/pages\/30"}],"wp:attachment":[{"href":"https:\/\/www.aixtrusion.de\/de\/wp-json\/wp\/v2\/media?parent=157"}],"curies":[{"name":"wp","href":"https:\/\/api.w.org\/{rel}","templated":true}]}}