{"id":249,"date":"2024-08-05T17:17:41","date_gmt":"2024-08-05T15:17:30","guid":{"rendered":"https:\/\/www.aixtrusion.de\/index.php\/leistungen\/industrie-4-0-automation-2\/"},"modified":"2026-03-13T15:38:47","modified_gmt":"2026-03-13T14:38:47","slug":"mess-und-pruefsysteme","status":"publish","type":"page","link":"https:\/\/www.aixtrusion.de\/de\/leistungen\/industrie-40-automation\/mess-und-pruefsysteme\/","title":{"rendered":"Mess- und Pr\u00fcfsysteme"},"content":{"rendered":"\n<div class=\"wp-block-media-text has-media-on-the-right is-stacked-on-mobile\" style=\"grid-template-columns:auto 25%\"><div class=\"wp-block-media-text__content\">\n<h3 class=\"wp-block-heading\">Mess- und Pr\u00fcfsysteme<\/h3>\n\n\n\n<p>Genauigkeit und Pr\u00e4zision sind in vielen Industriebereichen ein Kernthema. Kleinteile m\u00fcssen auf den hundertstel Millimeter genau gefertigt werden, einige Materialien erhalten erst durch eine bestimmte Dicke ihre Funktion und Bauteile m\u00fcssen passgenau hergestellt werden. Automatisierte Pr\u00fcf- und Messsysteme machen eine solch pr\u00e4zise Arbeit m\u00f6glich.<\/p>\n\n\n\n<hr class=\"wp-block-separator has-alpha-channel-opacity is-style-wide\"\/>\n\n\n\n<h3 class=\"wp-block-heading\">Sensorvalidierung<\/h3>\n\n\n\n<p>Auch bei der Fertigung von Metallteilen ist h\u00f6chste Pr\u00e4zision erforderlich. Wir konzipieren und realsieren Pr\u00fcfst\u00e4nde f\u00fcr verschiedene Sensortypen und Messverfahren zur Metallerkennung.<\/p>\n\n\n\n<ul class=\"wp-block-list\">\n<li>Pr\u00fcfstandsaufbau und -betrieb<\/li>\n\n\n\n<li>Sensortypen und Messverfahren zur Metallerkennung im Radkastenbereich<\/li>\n<\/ul>\n<\/div><figure class=\"wp-block-media-text__media\"><img loading=\"lazy\" decoding=\"async\" width=\"1000\" height=\"750\" src=\"https:\/\/www.aixtrusion.de\/wp-content\/uploads\/2024\/08\/sensor-validierung.webp\" alt=\"\" class=\"wp-image-114 size-full\"\/><\/figure><\/div>\n\n\n\n<hr class=\"wp-block-separator has-alpha-channel-opacity is-style-wide\"\/>\n\n\n\n<div class=\"wp-block-media-text has-media-on-the-right is-stacked-on-mobile\" style=\"grid-template-columns:auto 25%\"><div class=\"wp-block-media-text__content\">\n<h3 class=\"wp-block-heading\">Folienextrusion<\/h3>\n\n\n\n<p>Folien m\u00fcssen rei\u00dffest und gleichzeitig gut zu verarbeiten sein. Entsprechend ihrer sp\u00e4teren Anwendung kann die Dicke einer Folie stark variieren. Auch produktionsbedingt f\u00e4llt die St\u00e4rke der Folie an manchen Stellen unterschiedlich aus. Um sie f\u00fcr ihren sp\u00e4teren Einsatz perfekt zu machen und einen gleichbleibenden Qualit\u00e4tsstandard zu gew\u00e4hrleisten, haben wir ein Mess- und Pr\u00fcfsystem f\u00fcr diesen Anwendungsfall entwickelt:<\/p>\n\n\n\n<ul class=\"wp-block-list\">\n<li>Stromlinienerzeugung und -detektion mittels Bildverarbeitung<\/li>\n\n\n\n<li>Stellgliedzuordnung und Ermittlung der relevanten Neckin-\/Neckoutbereiche<\/li>\n<\/ul>\n<\/div><figure class=\"wp-block-media-text__media\"><img loading=\"lazy\" decoding=\"async\" width=\"300\" height=\"382\" src=\"https:\/\/www.aixtrusion.de\/wp-content\/uploads\/2024\/08\/folienextruder.webp\" alt=\"\" class=\"wp-image-116 size-full\"\/><\/figure><\/div>\n\n\n\n<hr class=\"wp-block-separator has-alpha-channel-opacity is-style-wide\"\/>\n\n\n\n<h3 class=\"wp-block-heading\">Erstellung von Pr\u00fcfberichten<\/h3>\n\n\n\n<p>Die automatische Erstellung von Pr\u00fcfberichten ist f\u00fcr viele Unternehmen ein wichtiges Thema. Effektive Tools sparen Zeit und machen die Arbeit effizient. aiXtrusion erstellt im Kundenauftrag passende Systeme, die die t\u00e4gliche Arbeit vereinfachen.&nbsp;<\/p>\n\n\n\n<div class=\"wp-block-media-text has-media-on-the-right is-stacked-on-mobile\" style=\"grid-template-columns:auto 25%\"><div class=\"wp-block-media-text__content\">\n<h3 class=\"wp-block-heading\">Unser Produkt: daiXma<\/h3>\n\n\n\n<p>Das modular aufgebautes Client-Server-System daiXma ist der optimale Helfer im Dokumentations-Management. Als Tool f\u00fcr die Erstellung von technischen Pr\u00fcfberichten konzipiert, unterst\u00fctzt es die Anwender von der Anfrage \u00fcber das Angebot und die Durchf\u00fchrung bis zum fertigen Bericht. Mehr \u00fcber daiXma erfahren Sie&nbsp;<a href=\"\/de\/produkte\/dokumentationsassistent-daixma\/\">hier<\/a>.<\/p>\n\n\n\n<p>Weiterf\u00fchrende Informationen<\/p>\n\n\n\n<div class=\"wp-block-buttons is-layout-flex wp-block-buttons-is-layout-flex\">\n<div class=\"wp-block-button is-style-outline is-style-outline--1\"><a class=\"wp-block-button__link wp-element-button\" href=\"\/de\/produkte\/dokumentationsassistent-daixma\/\">daiXma<\/a><\/div>\n<\/div>\n<\/div><figure class=\"wp-block-media-text__media\"><img loading=\"lazy\" decoding=\"async\" width=\"300\" height=\"218\" src=\"https:\/\/www.aixtrusion.de\/wp-content\/uploads\/2024\/08\/daixma-doc.webp\" alt=\"\" class=\"wp-image-117 size-full\"\/><\/figure><\/div>\n\n\n\n<div style=\"height:24px\" aria-hidden=\"true\" class=\"wp-block-spacer\"><\/div>\n\n\n\n<p>Sehen Sie auch:<\/p>\n\n\n\n<div class=\"wp-block-buttons is-layout-flex wp-block-buttons-is-layout-flex\">\n<div class=\"wp-block-button\"><a class=\"wp-block-button__link wp-element-button\" href=\"\/de\/produkte\/dokumentationsassistent-daixma\/\">daiXma<\/a><\/div>\n\n\n\n<div class=\"wp-block-button is-style-outline is-style-outline--2\"><a class=\"wp-block-button__link wp-element-button\" href=\"\/de\/leistungen\/embedded-systems\/\">Embedded Systems<\/a><\/div>\n<\/div>\n\n\n\n<p><\/p>\n","protected":false},"excerpt":{"rendered":"<p>Erstellung von Pr\u00fcfberichten Die automatische Erstellung von Pr\u00fcfberichten ist f\u00fcr viele Unternehmen ein wichtiges Thema. Effektive Tools sparen Zeit und machen die Arbeit effizient. aiXtrusion erstellt im Kundenauftrag passende Systeme, die die t\u00e4gliche Arbeit vereinfachen.&nbsp; Sehen Sie auch:<\/p>\n","protected":false},"author":1,"featured_media":0,"parent":478,"menu_order":0,"comment_status":"closed","ping_status":"closed","template":"page-with-submenu","meta":{"footnotes":"","_links_to":"","_links_to_target":""},"class_list":["post-249","page","type-page","status-publish","hentry"],"_links":{"self":[{"href":"https:\/\/www.aixtrusion.de\/de\/wp-json\/wp\/v2\/pages\/249","targetHints":{"allow":["GET"]}}],"collection":[{"href":"https:\/\/www.aixtrusion.de\/de\/wp-json\/wp\/v2\/pages"}],"about":[{"href":"https:\/\/www.aixtrusion.de\/de\/wp-json\/wp\/v2\/types\/page"}],"author":[{"embeddable":true,"href":"https:\/\/www.aixtrusion.de\/de\/wp-json\/wp\/v2\/users\/1"}],"replies":[{"embeddable":true,"href":"https:\/\/www.aixtrusion.de\/de\/wp-json\/wp\/v2\/comments?post=249"}],"version-history":[{"count":3,"href":"https:\/\/www.aixtrusion.de\/de\/wp-json\/wp\/v2\/pages\/249\/revisions"}],"predecessor-version":[{"id":619,"href":"https:\/\/www.aixtrusion.de\/de\/wp-json\/wp\/v2\/pages\/249\/revisions\/619"}],"up":[{"embeddable":true,"href":"https:\/\/www.aixtrusion.de\/de\/wp-json\/wp\/v2\/pages\/478"}],"wp:attachment":[{"href":"https:\/\/www.aixtrusion.de\/de\/wp-json\/wp\/v2\/media?parent=249"}],"curies":[{"name":"wp","href":"https:\/\/api.w.org\/{rel}","templated":true}]}}