{"id":252,"date":"2024-08-05T17:19:33","date_gmt":"2024-08-05T15:19:33","guid":{"rendered":"https:\/\/www.aixtrusion.de\/index.php\/leistungen\/industrie-4-0-automation\/automatisierungstechnik\/"},"modified":"2026-03-13T15:35:48","modified_gmt":"2026-03-13T14:35:48","slug":"automatisierungstechnik","status":"publish","type":"page","link":"https:\/\/www.aixtrusion.de\/de\/leistungen\/industrie-40-automation\/automatisierungstechnik\/","title":{"rendered":"Automatisierungstechnik"},"content":{"rendered":"\n<h1 class=\"wp-block-heading\">Automatisierungstechnik<\/h1>\n\n\n\n<p>In der Industrie werden immer mehr Maschinen und Anlagen automatisiert, also selbstst\u00e4ndig und ohne Mitwirkung von Menschen betrieben. Seit mehr als 30 Jahren entwickelt aiXtrusion Automatisierungsl\u00f6sungen. Unser Portfolio ist dabei stetig gewachsen. Neben kundenspezifischen L\u00f6sungen f\u00fcr Leitsystem- und Steuerungsmodule entwickeln wir auch Pr\u00fcfsysteme f\u00fcr den Einsatz in der Produktion. Au\u00dferdem erstellen wir komplexe Schaltschr\u00e4nke und setzen anspruchsvollste Antriebstechnik um &#8211; von der Idee bis zur fertigen Anwendung.&nbsp;<br>F\u00fcr unsere Kunden bedeutet dies eine durchg\u00e4ngige Beratung und Betreuung bei der Anlagenautomatisierung von der Problemstellung bis zur Inbetriebnahme im Produktionsumfeld.<br>Automatisierungstechnik von aiXtrusion ist in unterschiedlichen Bereichen im Einsatz:<\/p>\n\n\n\n<hr class=\"wp-block-separator has-alpha-channel-opacity is-style-wide\"\/>\n\n\n\n<div class=\"wp-block-media-text has-media-on-the-right is-stacked-on-mobile\" style=\"grid-template-columns:auto 25%\"><div class=\"wp-block-media-text__content\">\n<h2 class=\"wp-block-heading\">Extrusionsanlage f\u00fcr Recyclingaufgaben<\/h2>\n\n\n\n<p>aiXtrusion entwarf und setze im Kundenauftrag ein Konzept f\u00fcr die Recyclingbranche um, das die Abl\u00e4ufe einer Extrusionsanlage zur Wiederverwendung von Altkunststoffen und Produktionsabf\u00e4llen vollst\u00e4ndig automatisiert. Die komplette Steuerungsprogrammierung der Anlage bis hin zu Abnahme realisierten wir vor Ort.<\/p>\n\n\n\n<p>Unsere Leistungen:<\/p>\n\n\n\n<ul class=\"wp-block-list\">\n<li>Schaltplanerstellung mittels EPlan<\/li>\n\n\n\n<li>Schaltschrankbau<\/li>\n\n\n\n<li>Umsetzung verfahrenstechnisches Konzept<\/li>\n\n\n\n<li>Programmierung der Steuerung<\/li>\n<\/ul>\n\n\n\n<hr class=\"wp-block-separator has-alpha-channel-opacity is-style-wide\"\/>\n\n\n\n<h2 class=\"wp-block-heading\">Dickenregelung f\u00fcr die Rohrextrusion<\/h2>\n\n\n\n<p>Durch Rohrextrusion k\u00f6nnen nahtlose Rohre \u00fcber eine bestimmte L\u00e4nge gefertigt werden. F\u00fcr einen Hersteller konzipierten wir die Automatisierungstechnik zur Wanddickenregelung mit Flexring-Technologie. Ein besonderes Augenmerk liegt dabei auf der kontinuierlichen Erfassung und Regelung der Wanddicke von kerngesch\u00e4umten PVC-Rohren.<\/p>\n\n\n\n<p>Automatisierungstechnik f\u00fcr Rohrextrusion:<\/p>\n\n\n\n<ul class=\"wp-block-list\">\n<li>kontinuierliche Erfassung der Wanddicke und Generierung der Stellgr\u00f6\u00dfen<\/li>\n\n\n\n<li>D\u00fcse mit Flexring-Technologie<\/li>\n\n\n\n<li>18 Stellglieder zur Dickenregelung \u00fcber den Umfang<\/li>\n<\/ul>\n<\/div><figure class=\"wp-block-media-text__media\"><img loading=\"lazy\" decoding=\"async\" width=\"334\" height=\"500\" src=\"https:\/\/www.aixtrusion.de\/wp-content\/uploads\/2024\/08\/fotolia_115455711.webp\" alt=\"\" class=\"wp-image-264 size-full\"\/><\/figure><\/div>\n\n\n\n<hr class=\"wp-block-separator has-alpha-channel-opacity is-style-wide\"\/>\n\n\n\n<div class=\"wp-block-media-text has-media-on-the-right is-stacked-on-mobile\" style=\"grid-template-columns:auto 25%\"><div class=\"wp-block-media-text__content\">\n<h2 class=\"wp-block-heading\">Sondermaschinen<\/h2>\n\n\n\n<p>Wir konzipieren und realisieren anwendungsspezifische Kleinmaschinen. Mit unserem umfassenden Prozessverst\u00e4ndnis integrieren wir diese Komponenten sowohl verfahrens- als auch informationstechnisch in bestehende Prozesslandschaften und Anlagen.<\/p>\n\n\n\n<p>Die reibungslose \u00dcbergabe zu vor- und nachgelagerten Verarbeitungsschritten ist damit sichergestellt.<\/p>\n\n\n\n<p>Eine Auswahl unserer Leistungen und Technologien<\/p>\n\n\n\n<ul class=\"wp-block-list\">\n<li>Realisierung von Materialf\u00f6rdersystemen f\u00fcr die Zuf\u00fchrung von Haupt- und Nebenkomponenten<\/li>\n\n\n\n<li>Integration von Druckregelaggregaten, wie z.B. Zahnradschmelzepumpen, in neue oder bestehende Prozessf\u00fchrungen<\/li>\n\n\n\n<li>Entwicklung und Umsetzung von Sicherheitskonzepten entsprechend Maschinenrichtlinie<\/li>\n\n\n\n<li>Integration von Bildverarbeitungsmodulen zur Qualit\u00e4tssicherung und Prozess\u00fcberwachung<\/li>\n\n\n\n<li>Einsatz von OPC.UA Schnittstellen zur Anbindung an Industrie 4.0<\/li>\n\n\n\n<li>Fernwartung und -\u00fcberwachung<\/li>\n<\/ul>\n<\/div><figure class=\"wp-block-media-text__media\"><img loading=\"lazy\" decoding=\"async\" width=\"1378\" height=\"1379\" src=\"https:\/\/www.aixtrusion.de\/wp-content\/uploads\/2024\/08\/Fotolia_189893610_M.webp\" alt=\"\" class=\"wp-image-265 size-full\"\/><\/figure><\/div>\n\n\n\n<hr class=\"wp-block-separator has-alpha-channel-opacity is-style-wide\"\/>\n\n\n\n<h2 class=\"wp-block-heading\">Schaltschrankbau<\/h2>\n\n\n\n<p>Der Schaltschrank ist mit seinen elektrischen und elektronischen Komponenten das Herzst\u00fcck einer jeden verfahrenstechnischen Anlage. Schaltschr\u00e4nke sch\u00fctzen das Innenleben zum Beispiel vor Staub, Wasser, \u00dcberhitzung sowie elektromagnetischer Beeinflussung und strukturieren den Innenaufbau.&nbsp;<\/p>\n\n\n\n<p>Im Zuge der Konzipierung von Anlagen baut aiXtrusion Schaltschr\u00e4nke entsprechend geltenden Normen.&nbsp;<\/p>\n\n\n\n<div style=\"height:24px\" aria-hidden=\"true\" class=\"wp-block-spacer\"><\/div>\n\n\n\n<p>Sehen Sie auch:<\/p>\n\n\n\n<div class=\"wp-block-buttons is-layout-flex wp-block-buttons-is-layout-flex\">\n<div class=\"wp-block-button is-style-outline is-style-outline--1\"><a class=\"wp-block-button__link wp-element-button\" href=\"http:\/\/www.it-production.com\/allgemein\/inline-ueberwachung-fuer-gleichbleibende-qualitaet\/\" rel=\"nofollow noopener\" target=\"_blank\">Fachbeitrag in der IT &amp; Production<\/a><\/div>\n<\/div>\n\n\n\n<p><\/p>\n","protected":false},"excerpt":{"rendered":"<p>Automatisierungstechnik In der Industrie werden immer mehr Maschinen und Anlagen automatisiert, also selbstst\u00e4ndig und ohne Mitwirkung von Menschen betrieben. Seit mehr als 30 Jahren entwickelt aiXtrusion Automatisierungsl\u00f6sungen. Unser Portfolio ist dabei stetig gewachsen. Neben kundenspezifischen L\u00f6sungen f\u00fcr Leitsystem- und Steuerungsmodule entwickeln wir auch Pr\u00fcfsysteme f\u00fcr den Einsatz in der Produktion. Au\u00dferdem erstellen wir komplexe Schaltschr\u00e4nke [&hellip;]<\/p>\n","protected":false},"author":1,"featured_media":0,"parent":478,"menu_order":2,"comment_status":"closed","ping_status":"closed","template":"page-with-submenu","meta":{"footnotes":"","_links_to":"","_links_to_target":""},"class_list":["post-252","page","type-page","status-publish","hentry"],"_links":{"self":[{"href":"https:\/\/www.aixtrusion.de\/de\/wp-json\/wp\/v2\/pages\/252","targetHints":{"allow":["GET"]}}],"collection":[{"href":"https:\/\/www.aixtrusion.de\/de\/wp-json\/wp\/v2\/pages"}],"about":[{"href":"https:\/\/www.aixtrusion.de\/de\/wp-json\/wp\/v2\/types\/page"}],"author":[{"embeddable":true,"href":"https:\/\/www.aixtrusion.de\/de\/wp-json\/wp\/v2\/users\/1"}],"replies":[{"embeddable":true,"href":"https:\/\/www.aixtrusion.de\/de\/wp-json\/wp\/v2\/comments?post=252"}],"version-history":[{"count":4,"href":"https:\/\/www.aixtrusion.de\/de\/wp-json\/wp\/v2\/pages\/252\/revisions"}],"predecessor-version":[{"id":486,"href":"https:\/\/www.aixtrusion.de\/de\/wp-json\/wp\/v2\/pages\/252\/revisions\/486"}],"up":[{"embeddable":true,"href":"https:\/\/www.aixtrusion.de\/de\/wp-json\/wp\/v2\/pages\/478"}],"wp:attachment":[{"href":"https:\/\/www.aixtrusion.de\/de\/wp-json\/wp\/v2\/media?parent=252"}],"curies":[{"name":"wp","href":"https:\/\/api.w.org\/{rel}","templated":true}]}}