{"id":254,"date":"2024-08-05T17:19:33","date_gmt":"2024-08-05T15:19:33","guid":{"rendered":"https:\/\/www.aixtrusion.de\/index.php\/leistungen\/industrie-4-0-automation\/prozesssimulation\/"},"modified":"2026-03-13T15:37:05","modified_gmt":"2026-03-13T14:37:05","slug":"prozesssimulation","status":"publish","type":"page","link":"https:\/\/www.aixtrusion.de\/de\/leistungen\/industrie-40-automation\/prozesssimulation\/","title":{"rendered":"Prozesssimulation"},"content":{"rendered":"\n<h1 class=\"wp-block-heading\">Prozesssimulation<\/h1>\n\n\n\n<p>Prozesssimulationen helfen zum Beispiel bei der Entwicklung von Produkten sowie bei der Optimierung technischer Prozesse, indem sie diese m\u00f6glichst realit\u00e4tsnah abbilden. Bei aiXtrusion entstanden Modellbildungen und -implementierungen&nbsp;in verschiedenen Produktionsbereichen der Elektrotechnik und Kunststoffextrusion.<\/p>\n\n\n\n<hr class=\"wp-block-separator has-alpha-channel-opacity is-style-wide\"\/>\n\n\n\n<h2 class=\"wp-block-heading\">In der Elektrotechnik<\/h2>\n\n\n\n<p>Auch in der Elektrotechnik helfen Simulationen, das Ergebnis von Prozessen vorherzusagen. In der Soft- und Hardwareentwicklung kommen bei uns vielf\u00e4ltige Programme zum Einsatz, mit denen wir effiziente L\u00f6sungen f\u00fcr unsere Kunden entwickeln:<\/p>\n\n\n\n<ul class=\"wp-block-list\">\n<li>analoge\/digitale Schaltungsentwicklung<\/li>\n\n\n\n<li>Layouterstellung (High Speed Design, Prototypenfertigung)<\/li>\n\n\n\n<li>CAD Layouttools: Altium, Mentor, Eagle<\/li>\n\n\n\n<li>C, C++, Assembler<\/li>\n\n\n\n<li>C++\/CLI, C#, Visual Basic, Java, PHP<\/li>\n\n\n\n<li>Microsoft Visual Studio, MFC, QT<\/li>\n\n\n\n<li>Eclipse, Keil uVision, NetBeans<\/li>\n\n\n\n<li>SQL, MySql<\/li>\n<\/ul>\n\n\n\n<hr class=\"wp-block-separator has-alpha-channel-opacity is-style-wide\"\/>\n\n\n\n<h2 class=\"wp-block-heading\">In der Kunststoffextrusion<\/h2>\n\n\n\n<p>In der Produktion von Kunststoffteilen oder Folien kommt der Prozesssimulation eine gro\u00dfe Bedeutung zu, um den Anforderungen an die Produkte gerecht zu werden. aiXtrusion entwickelt im Kundenauftrag:<\/p>\n\n\n\n<ul class=\"wp-block-list\">\n<li>PC-basierte L\u00f6sungen zur Analyse und Optimierung von Kunststoffextrusions-Prozessen<\/li>\n\n\n\n<li>Flie\u00dfkanalauslegung f\u00fcr Flach- und Rundverteilerwerkzeuge<\/li>\n\n\n\n<li>Abk\u00fchl- und Aufheizberechnungen<\/li>\n\n\n\n<li>Aufbereitungsprozesse in Doppelschneckenextrudern<\/li>\n\n\n\n<li>3D-FEM Berechnungen von Profilextrusionswerkzeugen<\/li>\n\n\n\n<li>kundenspezifische Simulationsentwicklung<\/li>\n<\/ul>\n\n\n\n<h2 class=\"wp-block-heading\">Unsere Programme&nbsp;<\/h2>\n\n\n\n<p>Die von uns im Bereich der Kunststoffextrusion verwendeten Programme bieten wir auch als Systeml\u00f6sung f\u00fcr Ihre Prozesssimulation an:<\/p>\n\n\n\n<div class=\"wp-block-media-text has-media-on-the-right is-stacked-on-mobile\" style=\"grid-template-columns:auto 25%\"><div class=\"wp-block-media-text__content\">\n<h3 class=\"wp-block-heading\">MOREX<\/h3>\n\n\n\n<p><strong><\/strong>Fast 50 Prozent aller Kunststoffe werden im Extrusionsverfahren bearbeitet. Das hei\u00dft, dass die Materialien kontinuierlich ausgeformt werden und nicht st\u00fcckweise, wie beim Spritzgussverfahren \u00fcblich.&nbsp;<\/p>\n\n\n\n<p>MOREX ist ein Programm zur Analyse von Aufbereitungsprozessen in der Kunststoffindustrie. F\u00fcr die Herstellung von Kunststoffen mit bestimmten Eigenschaften muss das Granulat neu aufbereitet werden. MOREX simuliert diesen Prozess in gleichsinnig drehenden, dichtk\u00e4mmenden Doppelschneckenextrudern. Mit wenigen Maschinen- und Materialdaten ist der Anwender in der Lage, den Prozess auszulegen und eine Optimierung vorzunehmen. Als Ergebnisse werden folgende Gr\u00f6\u00dfen ausgegeben:&nbsp;<\/p>\n\n\n\n<ul class=\"wp-block-list\">\n<li>F\u00fcllgrad&nbsp;<\/li>\n\n\n\n<li>Massetemperatur&nbsp;<\/li>\n\n\n\n<li>Umsatz (bei reaktiven Systemen)&nbsp;<\/li>\n\n\n\n<li>Schmelzedruck (bei Vollf\u00fcllung)&nbsp;<\/li>\n\n\n\n<li>aktuelle Viskosit\u00e4t&nbsp;<\/li>\n\n\n\n<li>dissipierte Energien in Zwickel- und Radialspalt sowie dem Schneckenkanal&nbsp;<\/li>\n\n\n\n<li>\u00fcber Zylinderwand ausgetauschte Heiz- bzw. K\u00fchlleistung<\/li>\n<\/ul>\n\n\n\n<p>Weiterf\u00fchrende Informationen<\/p>\n\n\n\n<div class=\"wp-block-buttons is-layout-flex wp-block-buttons-is-layout-flex\">\n<div class=\"wp-block-button is-style-outline is-style-outline--1\"><a class=\"wp-block-button__link wp-element-button\" href=\"\/produkte\/analysetool-morex\/\">MOREX<\/a><\/div>\n<\/div>\n<\/div><figure class=\"wp-block-media-text__media\"><img loading=\"lazy\" decoding=\"async\" width=\"889\" height=\"716\" src=\"https:\/\/www.aixtrusion.de\/wp-content\/uploads\/2024\/08\/MOREX.webp\" alt=\"\" class=\"wp-image-259 size-full\"\/><\/figure><\/div>\n\n\n\n<hr class=\"wp-block-separator has-alpha-channel-opacity is-style-wide\"\/>\n\n\n\n<div class=\"wp-block-media-text has-media-on-the-right is-stacked-on-mobile\" style=\"grid-template-columns:auto 25%\"><div class=\"wp-block-media-text__content\">\n<h3 class=\"wp-block-heading\">VERTIGO<\/h3>\n\n\n\n<p>Beim Schmelzprozess kommt es darauf an, den Kunststoff gleichm\u00e4\u00dfig zu verteilen. VERTIGO&nbsp;ist ein Programm zur numerischen Auslegung und Nachrechnung des Betriebsverhaltens von Schmelzeverteilersystemen, zum Beispiel in T-Verteilern, Fischschwanz- und Kleiderb\u00fcgelverteilern. Dabei k\u00f6nnen sowohl ebene Verteilersysteme als auch auf einen Dorn oder Kegelstumpf aufgewickelte Verteilersysteme (Pinolen) betrachtet werden.&nbsp;<\/p>\n\n\n\n<p>Weiterf\u00fchrende Informationen<\/p>\n\n\n\n<div class=\"wp-block-buttons is-layout-flex wp-block-buttons-is-layout-flex\">\n<div class=\"wp-block-button is-style-outline is-style-outline--2\"><a class=\"wp-block-button__link wp-element-button\" href=\"\/produkte\/auslegungsprogramm-vertigo\/\">VERTIGO<\/a><\/div>\n<\/div>\n<\/div><figure class=\"wp-block-media-text__media\"><img loading=\"lazy\" decoding=\"async\" width=\"962\" height=\"717\" src=\"https:\/\/www.aixtrusion.de\/wp-content\/uploads\/2024\/08\/vertigo_01.webp\" alt=\"\" class=\"wp-image-260 size-full\"\/><\/figure><\/div>\n\n\n\n<hr class=\"wp-block-separator has-alpha-channel-opacity is-style-wide\"\/>\n\n\n\n<div class=\"wp-block-media-text has-media-on-the-right is-stacked-on-mobile\" style=\"grid-template-columns:auto 25%\"><div class=\"wp-block-media-text__content\">\n<h3 class=\"wp-block-heading\">WENVERTI<\/h3>\n\n\n\n<p>WENVERTI berechnet Polymerschmelzestr\u00f6mungen in axialen und radialen Wendelverteilern, Verwischgewinden und Dralldornen. Dabei schaut das Programm zum Beispiel auf die Volumenstromverteilung am Werkzeugaustritt, den Leckvolumenstrom und die Druckdifferenz, simuliert diese Prozesse und kann so verl\u00e4ssliche Aussagen \u00fcber die Verteilung der Kunststoffschmelze treffen.<\/p>\n\n\n\n<p>Weiterf\u00fchrende Informationen<\/p>\n\n\n\n<div class=\"wp-block-buttons is-layout-flex wp-block-buttons-is-layout-flex\">\n<div class=\"wp-block-button is-style-outline is-style-outline--3\"><a class=\"wp-block-button__link wp-element-button\" href=\"\/produkte\/berechnungsprogramm-wenverti\/\">WENVERTI<\/a><\/div>\n<\/div>\n<\/div><figure class=\"wp-block-media-text__media\"><img loading=\"lazy\" decoding=\"async\" width=\"889\" height=\"716\" src=\"https:\/\/www.aixtrusion.de\/wp-content\/uploads\/2024\/08\/wenverti.webp\" alt=\"\" class=\"wp-image-261 size-full\"\/><\/figure><\/div>\n\n\n\n<div style=\"height:24px\" aria-hidden=\"true\" class=\"wp-block-spacer\"><\/div>\n\n\n\n<p>Sehen Sie auch:<\/p>\n\n\n\n<div class=\"wp-block-buttons is-layout-flex wp-block-buttons-is-layout-flex\">\n<div class=\"wp-block-button\"><a class=\"wp-block-button__link wp-element-button\" href=\"\/produkte\/analysetool-morex\/\">MOREX<\/a><\/div>\n\n\n\n<div class=\"wp-block-button is-style-outline is-style-outline--4\"><a class=\"wp-block-button__link wp-element-button\" href=\"\/produkte\/auslegungsprogramm-vertigo\/\">VERTIGO<\/a><\/div>\n\n\n\n<div class=\"wp-block-button is-style-outline is-style-outline--5\"><a class=\"wp-block-button__link wp-element-button\" href=\"\/produkte\/berechnungsprogramm-wenverti\/\">WENVERTI<\/a><\/div>\n<\/div>\n\n\n\n<p><\/p>\n","protected":false},"excerpt":{"rendered":"<p>Prozesssimulation Prozesssimulationen helfen zum Beispiel bei der Entwicklung von Produkten sowie bei der Optimierung technischer Prozesse, indem sie diese m\u00f6glichst realit\u00e4tsnah abbilden. Bei aiXtrusion entstanden Modellbildungen und -implementierungen&nbsp;in verschiedenen Produktionsbereichen der Elektrotechnik und Kunststoffextrusion. In der Elektrotechnik Auch in der Elektrotechnik helfen Simulationen, das Ergebnis von Prozessen vorherzusagen. In der Soft- und Hardwareentwicklung kommen bei [&hellip;]<\/p>\n","protected":false},"author":1,"featured_media":0,"parent":478,"menu_order":3,"comment_status":"closed","ping_status":"closed","template":"page-with-submenu","meta":{"footnotes":"","_links_to":"","_links_to_target":""},"class_list":["post-254","page","type-page","status-publish","hentry"],"_links":{"self":[{"href":"https:\/\/www.aixtrusion.de\/de\/wp-json\/wp\/v2\/pages\/254","targetHints":{"allow":["GET"]}}],"collection":[{"href":"https:\/\/www.aixtrusion.de\/de\/wp-json\/wp\/v2\/pages"}],"about":[{"href":"https:\/\/www.aixtrusion.de\/de\/wp-json\/wp\/v2\/types\/page"}],"author":[{"embeddable":true,"href":"https:\/\/www.aixtrusion.de\/de\/wp-json\/wp\/v2\/users\/1"}],"replies":[{"embeddable":true,"href":"https:\/\/www.aixtrusion.de\/de\/wp-json\/wp\/v2\/comments?post=254"}],"version-history":[{"count":6,"href":"https:\/\/www.aixtrusion.de\/de\/wp-json\/wp\/v2\/pages\/254\/revisions"}],"predecessor-version":[{"id":484,"href":"https:\/\/www.aixtrusion.de\/de\/wp-json\/wp\/v2\/pages\/254\/revisions\/484"}],"up":[{"embeddable":true,"href":"https:\/\/www.aixtrusion.de\/de\/wp-json\/wp\/v2\/pages\/478"}],"wp:attachment":[{"href":"https:\/\/www.aixtrusion.de\/de\/wp-json\/wp\/v2\/media?parent=254"}],"curies":[{"name":"wp","href":"https:\/\/api.w.org\/{rel}","templated":true}]}}