{"id":30,"date":"2024-08-01T11:59:52","date_gmt":"2024-08-01T09:59:52","guid":{"rendered":"https:\/\/www.aixtrusion.de\/index.php\/leistungen\/information-systems\/"},"modified":"2025-03-13T15:01:59","modified_gmt":"2025-03-13T14:01:59","slug":"information-systems","status":"publish","type":"page","link":"https:\/\/www.aixtrusion.de\/de\/leistungen\/information-systems\/","title":{"rendered":"Information Systems"},"content":{"rendered":"\n<div class=\"wp-block-media-text has-media-on-the-right is-stacked-on-mobile\" style=\"grid-template-columns:auto 25%\"><div class=\"wp-block-media-text__content\">\n<h1 class=\"wp-block-heading\">Von der komplexen Anwendung bis zum Cloud-System<\/h1>\n\n\n\n<p>Information Systems sind komplexe, computergest\u00fctzte Anwendungen, die Daten verwalten, aggregieren und verarbeiten sowie zur Weiterverwendung zur Verf\u00fcgung stellen. Die Hard- und Software hilft dem Benutzer, eine konkrete Aufgabe zu erf\u00fcllen. Sie ist damit spezifisch. Informationssysteme verf\u00fcgen in der Regel \u00fcber Schnittstellen zum maschinellen Datenaustausch sowie \u00fcber Benutzerschnittstellen. Solche Anwendungen und Systeme bilden das R\u00fcckgrat der Industrie 4.0.<\/p>\n\n\n\n<p>Unser Leistungsspektrum reicht von der Entwicklung kundenspezifischer Programme \u00fcber verteilte Client-Server-Systeme bis hin zu hochverf\u00fcgbaren, Cloud basierten L\u00f6sungen f\u00fcr den weltweiten Einsatz.&nbsp;<\/p>\n\n\n\n<div class=\"wp-block-buttons is-layout-flex wp-block-buttons-is-layout-flex\">\n<div class=\"wp-block-button is-style-outline is-style-outline--1\"><a class=\"wp-block-button__link wp-element-button\" href=\"\/de\/leistungen\/information-systems\/cloud-loesungen\/\">Cloud-L\u00f6sungen<\/a><\/div>\n\n\n\n<div class=\"wp-block-button is-style-outline is-style-outline--2\"><a class=\"wp-block-button__link wp-element-button\" href=\"\/leistungen\/information-systems\/client-server-systeme\/\">Client-Server-Systeme<\/a><\/div>\n<\/div>\n<\/div><figure class=\"wp-block-media-text__media\"><img loading=\"lazy\" decoding=\"async\" width=\"500\" height=\"339\" src=\"https:\/\/www.aixtrusion.de\/wp-content\/uploads\/2024\/08\/informations-systeme.webp\" alt=\"Information Systems als Schnittstelle\" class=\"wp-image-153 size-full\"\/><\/figure><\/div>\n\n\n\n<p>Sehen Sie auch:<\/p>\n\n\n\n<div class=\"wp-block-buttons is-layout-flex wp-block-buttons-is-layout-flex\">\n<div class=\"wp-block-button\"><a class=\"wp-block-button__link wp-element-button\" href=\"\/de\/leistungen\/embedded-systems\/\">Embedded Systems<\/a><\/div>\n\n\n\n<div class=\"wp-block-button is-style-outline is-style-outline--3\"><a class=\"wp-block-button__link wp-element-button\" href=\"\/de\/leistungen\/industrie-40-automation\/automatisierungstechnik\/\">Automatisierungstechnik<\/a><\/div>\n<\/div>\n\n\n\n<p><\/p>\n","protected":false},"excerpt":{"rendered":"<p>Sehen Sie auch:<\/p>\n","protected":false},"author":1,"featured_media":0,"parent":7,"menu_order":4,"comment_status":"closed","ping_status":"closed","template":"page-with-submenu","meta":{"footnotes":"","_links_to":"","_links_to_target":""},"class_list":["post-30","page","type-page","status-publish","hentry"],"_links":{"self":[{"href":"https:\/\/www.aixtrusion.de\/de\/wp-json\/wp\/v2\/pages\/30","targetHints":{"allow":["GET"]}}],"collection":[{"href":"https:\/\/www.aixtrusion.de\/de\/wp-json\/wp\/v2\/pages"}],"about":[{"href":"https:\/\/www.aixtrusion.de\/de\/wp-json\/wp\/v2\/types\/page"}],"author":[{"embeddable":true,"href":"https:\/\/www.aixtrusion.de\/de\/wp-json\/wp\/v2\/users\/1"}],"replies":[{"embeddable":true,"href":"https:\/\/www.aixtrusion.de\/de\/wp-json\/wp\/v2\/comments?post=30"}],"version-history":[{"count":6,"href":"https:\/\/www.aixtrusion.de\/de\/wp-json\/wp\/v2\/pages\/30\/revisions"}],"predecessor-version":[{"id":761,"href":"https:\/\/www.aixtrusion.de\/de\/wp-json\/wp\/v2\/pages\/30\/revisions\/761"}],"up":[{"embeddable":true,"href":"https:\/\/www.aixtrusion.de\/de\/wp-json\/wp\/v2\/pages\/7"}],"wp:attachment":[{"href":"https:\/\/www.aixtrusion.de\/de\/wp-json\/wp\/v2\/media?parent=30"}],"curies":[{"name":"wp","href":"https:\/\/api.w.org\/{rel}","templated":true}]}}