{"id":307,"date":"2024-08-05T19:44:37","date_gmt":"2024-08-05T17:44:37","guid":{"rendered":"https:\/\/www.aixtrusion.de\/index.php\/unternehmen\/kompetenzen\/das-aixtrusion-team\/"},"modified":"2025-03-14T08:12:27","modified_gmt":"2025-03-14T07:12:27","slug":"das-aixtrusion-team","status":"publish","type":"page","link":"https:\/\/www.aixtrusion.de\/de\/unternehmen\/kompetenzen\/das-aixtrusion-team\/","title":{"rendered":"Das aiXtrusion-Team"},"content":{"rendered":"\n<div class=\"wp-block-media-text has-media-on-the-right is-stacked-on-mobile\" style=\"grid-template-columns:auto 25%\"><div class=\"wp-block-media-text__content\">\n<h1 class=\"wp-block-heading\">Unsere Mitarbeiter<\/h1>\n\n\n\n<p>sind hochqualifiziert, engagiert und identifizieren sich mit ihrem Unternehmen. Die Zusammenarbeit ist von Vertrauen und Wertsch\u00e4tzung gepr\u00e4gt. Die Talente und F\u00e4higkeiten jedes Einzelnen werden regelm\u00e4\u00dfig mit den wachsenden Anforderungen abgeglichen und durch Aus-, Fort- und Weiterbildungen angepasst, damit jeder seinen t\u00e4glichen Aufgaben gewachsen ist und dar\u00fcber hinaus Innovationen m\u00f6glich sind.<\/p>\n\n\n\n<p>Jeder Mitarbeiter zeichnet sich durch ein Rundum-Verst\u00e4ndnis f\u00fcr Engineering-Aufgaben aus und beh\u00e4lt so den \u00dcberblick \u00fcber den Gesamtkontext. Damit garantieren wir eine kontinuierlich hohe Qualit\u00e4t in der Abwicklung von Projekten.<\/p>\n<\/div><figure class=\"wp-block-media-text__media\"><img loading=\"lazy\" decoding=\"async\" width=\"800\" height=\"533\" src=\"https:\/\/www.aixtrusion.de\/wp-content\/uploads\/2024\/08\/aiXtrusion_33.webp\" alt=\"Das aiXtrusion-Team\" class=\"wp-image-310 size-full\"\/><\/figure><\/div>\n\n\n\n<hr class=\"wp-block-separator has-alpha-channel-opacity is-style-wide\"\/>\n\n\n\n<h2 class=\"wp-block-heading\">Software-Spezialisten<\/h2>\n\n\n\n<p>Unser Software-Team besteht aus Informatikern, Elektrotechnikern sowie informationstechnischen Assistenten und Fachinformatikern.<\/p>\n\n\n\n<p>Die Schwerpunkte liegen dabei in den Bereichen der PC-basierten technischen Software-Entwicklung, der Entwicklung von Client-Server Systemen sowie der Konzipierung und Realisierung verteilter Embedded Systeme sowohl unter High-Level Betriebssystemen als auch unter nativer Programmierung von 8-Bit Prozessoren.<\/p>\n\n\n\n<div style=\"height:16px\" aria-hidden=\"true\" class=\"wp-block-spacer\"><\/div>\n\n\n\n<h5 class=\"wp-block-heading\">Sehen Sie auch:<\/h5>\n\n\n\n<div class=\"wp-block-buttons\">\n<div class=\"wp-block-button\"><a class=\"wp-block-button__link wp-element-button btn btn-danger\" href=\"\/leistungen\/embedded-systems\/software\/\">Embedded Software<\/a><\/div>\n<\/div>\n\n\n\n<hr class=\"wp-block-separator has-alpha-channel-opacity is-style-wide\"\/>\n\n\n\n<h2 class=\"wp-block-heading\">Hardware-Profis<\/h2>\n\n\n\n<p>Eine Gruppe von Mitarbeitern ist auf die Entwicklung komplexer elektronischer Digitalschaltungen sowie deren Umsetzung bis zur serienfertig best\u00fcckten Leiterkarte spezialisiert.<\/p>\n\n\n\n<p>Die Erstellung von Fehlerm\u00f6glichkeits- und Einflussanalysen in enger Zusammenarbeit und Abstimmung mit den Software-Entwicklern sowie das Absichern von Schaltungsmodulen mit Worst-Case-Betrachtungen geh\u00f6ren zum Standard-Repertoire unserer Mitarbeiter.<\/p>\n\n\n\n<p>Die Abstimmung zwischen Elektronik-Entwicklern und Konstrukteuren f\u00fcr Geh\u00e4usekonzepte und -modelle inklusive der Prototypenfertigung erfolgt auf kurzem Wege und garantiert kurze Produktentwicklungszyklen.<\/p>\n\n\n\n<div style=\"height:16px\" aria-hidden=\"true\" class=\"wp-block-spacer\"><\/div>\n\n\n\n<h5 class=\"wp-block-heading\">Sehen Sie auch:<\/h5>\n\n\n\n<div class=\"wp-block-buttons\">\n<div class=\"wp-block-button\"><a class=\"wp-block-button__link wp-element-button btn btn-danger\" href=\"\/de\/leistungen\/embedded-systems\/embedded-hardware\/\">Embedded Hardware<\/a><\/div>\n<\/div>\n\n\n\n<hr class=\"wp-block-separator has-alpha-channel-opacity is-style-wide\"\/>\n\n\n\n<h2 class=\"wp-block-heading\">Konstruktion und Produktgestaltung<\/h2>\n\n\n\n<p>Wir verf\u00fcgen \u00fcber hochqualifizierte Konstrukteure sowohl f\u00fcr die Auslegung und 3D-Konstruktion von Extrusionswerkzeugen als auch f\u00fcr die Produktgestaltung von Embedded-Systemen mit komplexen Geh\u00e4usestrukturen und -funktionen.&nbsp;<\/p>\n\n\n\n<p>Wir bieten die Integration der Systeme in die Produktionsabl\u00e4ufe unserer Kunden durch den Austausch mittels STEP-Modellen sowie durch den Einsatz verschiedener CAD-Tools an.<\/p>\n","protected":false},"excerpt":{"rendered":"<p>Unsere Mitarbeiter sind hochqualifiziert, engagiert und identifizieren sich mit ihrem Unternehmen. Die Zusammenarbeit ist von Vertrauen und Wertsch\u00e4tzung gepr\u00e4gt. Die Talente und F\u00e4higkeiten jedes Einzelnen werden regelm\u00e4\u00dfig mit den wachsenden Anforderungen abgeglichen und durch Aus-, Fort- und Weiterbildungen angepasst, damit jeder seinen t\u00e4glichen Aufgaben gewachsen ist und dar\u00fcber hinaus Innovationen m\u00f6glich sind. Jeder Mitarbeiter zeichnet [&hellip;]<\/p>\n","protected":false},"author":1,"featured_media":0,"parent":56,"menu_order":0,"comment_status":"closed","ping_status":"closed","template":"page-with-submenu","meta":{"footnotes":"","_links_to":"","_links_to_target":""},"class_list":["post-307","page","type-page","status-publish","hentry"],"_links":{"self":[{"href":"https:\/\/www.aixtrusion.de\/de\/wp-json\/wp\/v2\/pages\/307","targetHints":{"allow":["GET"]}}],"collection":[{"href":"https:\/\/www.aixtrusion.de\/de\/wp-json\/wp\/v2\/pages"}],"about":[{"href":"https:\/\/www.aixtrusion.de\/de\/wp-json\/wp\/v2\/types\/page"}],"author":[{"embeddable":true,"href":"https:\/\/www.aixtrusion.de\/de\/wp-json\/wp\/v2\/users\/1"}],"replies":[{"embeddable":true,"href":"https:\/\/www.aixtrusion.de\/de\/wp-json\/wp\/v2\/comments?post=307"}],"version-history":[{"count":21,"href":"https:\/\/www.aixtrusion.de\/de\/wp-json\/wp\/v2\/pages\/307\/revisions"}],"predecessor-version":[{"id":779,"href":"https:\/\/www.aixtrusion.de\/de\/wp-json\/wp\/v2\/pages\/307\/revisions\/779"}],"up":[{"embeddable":true,"href":"https:\/\/www.aixtrusion.de\/de\/wp-json\/wp\/v2\/pages\/56"}],"wp:attachment":[{"href":"https:\/\/www.aixtrusion.de\/de\/wp-json\/wp\/v2\/media?parent=307"}],"curies":[{"name":"wp","href":"https:\/\/api.w.org\/{rel}","templated":true}]}}