{"id":32,"date":"2024-08-01T11:59:52","date_gmt":"2024-08-01T09:59:52","guid":{"rendered":"https:\/\/www.aixtrusion.de\/index.php\/leistungen\/embedded-systems\/"},"modified":"2025-03-14T07:30:21","modified_gmt":"2025-03-14T06:30:21","slug":"embedded-systems","status":"publish","type":"page","link":"https:\/\/www.aixtrusion.de\/de\/leistungen\/embedded-systems\/","title":{"rendered":"Embedded Systems"},"content":{"rendered":"\n<p><\/p>\n\n\n\n<div class=\"wp-block-media-text has-media-on-the-right is-stacked-on-mobile\" style=\"grid-template-columns:auto 25%\"><div class=\"wp-block-media-text__content\">\n<h2 class=\"wp-block-heading\">Embedded Systems<\/h2>\n\n\n\n<p>Eingebettete Systeme sind Computersysteme, die in gr\u00f6\u00dfere Einheiten wie Maschinen, Anlagen und andere Ger\u00e4te eingebettet sind. Im Gegensatz zum PC werden Embedded Systeme mit Spezialperipherien wie Tasten, Schaltern oder Anzeigen ausgestattet und bedient. aiXtrusion erstellt auf den Kundenauftrag abgestimmte, eingebettete Hard- und Software f\u00fcr den Betrieb einzelner Komponenten, die eine genau definierte Aufgabe erf\u00fcllen.&nbsp;<\/p>\n<\/div><figure class=\"wp-block-media-text__media\"><img loading=\"lazy\" decoding=\"async\" width=\"800\" height=\"425\" src=\"https:\/\/www.aixtrusion.de\/wp-content\/uploads\/2024\/08\/Hauptsymbole_BLAU-D.webp\" alt=\"Embedded Systems\" class=\"wp-image-170 size-full\"\/><\/figure><\/div>\n\n\n\n<div class=\"wp-block-buttons is-layout-flex wp-block-buttons-is-layout-flex\">\n<div class=\"wp-block-button is-style-outline is-style-outline--1\"><a class=\"wp-block-button__link wp-element-button\" href=\"\/leistungen\/embedded-systems\/software\/\">Software<\/a><\/div>\n\n\n\n<div class=\"wp-block-button is-style-outline is-style-outline--2\"><a class=\"wp-block-button__link wp-element-button\" href=\"\/de\/leistungen\/embedded-systems\/embedded-hardware\/\">Hardware<\/a><\/div>\n<\/div>\n\n\n\n<div style=\"height:16px\" aria-hidden=\"true\" class=\"wp-block-spacer\"><\/div>\n\n\n\n<p>Sehen Sie auch:<\/p>\n\n\n\n<div class=\"wp-block-buttons is-layout-flex wp-block-buttons-is-layout-flex\">\n<div class=\"wp-block-button\"><a class=\"wp-block-button__link wp-element-button\" href=\"\/wp-content\/uploads\/2024\/08\/userStory_Ladeschale.pdf\" target=\"_blank\" rel=\"noreferrer noopener\">Success Story: Induktive Ladeschale f\u00fcr die Automobil-Industrie<\/a><\/div>\n<\/div>\n\n\n\n<p><\/p>\n","protected":false},"excerpt":{"rendered":"<p>Embedded Systems Eingebettete Systeme sind Computersysteme, die in gr\u00f6\u00dfere Einheiten wie Maschinen, Anlagen und andere Ger\u00e4te eingebettet sind. Im Gegensatz zum PC werden Embedded Systeme mit Spezialperipherien wie Tasten, Schaltern oder Anzeigen ausgestattet und bedient. aiXtrusion erstellt auf den Kundenauftrag abgestimmte, eingebettete Hard- und Software f\u00fcr den Betrieb einzelner Komponenten, die eine genau definierte Aufgabe [&hellip;]<\/p>\n","protected":false},"author":1,"featured_media":0,"parent":7,"menu_order":5,"comment_status":"closed","ping_status":"closed","template":"page-with-submenu","meta":{"footnotes":"","_links_to":"","_links_to_target":""},"class_list":["post-32","page","type-page","status-publish","hentry"],"_links":{"self":[{"href":"https:\/\/www.aixtrusion.de\/de\/wp-json\/wp\/v2\/pages\/32","targetHints":{"allow":["GET"]}}],"collection":[{"href":"https:\/\/www.aixtrusion.de\/de\/wp-json\/wp\/v2\/pages"}],"about":[{"href":"https:\/\/www.aixtrusion.de\/de\/wp-json\/wp\/v2\/types\/page"}],"author":[{"embeddable":true,"href":"https:\/\/www.aixtrusion.de\/de\/wp-json\/wp\/v2\/users\/1"}],"replies":[{"embeddable":true,"href":"https:\/\/www.aixtrusion.de\/de\/wp-json\/wp\/v2\/comments?post=32"}],"version-history":[{"count":6,"href":"https:\/\/www.aixtrusion.de\/de\/wp-json\/wp\/v2\/pages\/32\/revisions"}],"predecessor-version":[{"id":762,"href":"https:\/\/www.aixtrusion.de\/de\/wp-json\/wp\/v2\/pages\/32\/revisions\/762"}],"up":[{"embeddable":true,"href":"https:\/\/www.aixtrusion.de\/de\/wp-json\/wp\/v2\/pages\/7"}],"wp:attachment":[{"href":"https:\/\/www.aixtrusion.de\/de\/wp-json\/wp\/v2\/media?parent=32"}],"curies":[{"name":"wp","href":"https:\/\/api.w.org\/{rel}","templated":true}]}}