{"id":34,"date":"2024-08-01T11:59:52","date_gmt":"2024-08-01T09:59:52","guid":{"rendered":"https:\/\/www.aixtrusion.de\/index.php\/leistungen\/smart-home\/"},"modified":"2025-03-14T07:38:52","modified_gmt":"2025-03-14T06:38:52","slug":"smart-home","status":"publish","type":"page","link":"https:\/\/www.aixtrusion.de\/de\/leistungen\/smart-home\/","title":{"rendered":"Smart Home"},"content":{"rendered":"\n<div class=\"wp-block-media-text has-media-on-the-right is-stacked-on-mobile\" style=\"grid-template-columns:auto 25%\"><div class=\"wp-block-media-text__content\">\n<h1 class=\"wp-block-heading\">Smart Home<\/h1>\n\n\n\n<p>Technik vereinfacht unser Leben in vielen Bereichen und steht f\u00fcr eine h\u00f6here Lebensqualit\u00e4t. Technische Anwendungen, die unser Zuhause intelligenter machen, werden unter dem Begriff Smart Home zusammengefasst. Dabei spielt Vernetzung eine gro\u00dfe Rolle: Haustechnik wie Jalousien, Beleuchtung oder Heiztechnik lassen sich bequem mit dem Smartphone steuern. Haushaltsger\u00e4te wie Kaffeemaschine und Herd kommunizieren miteinander. So sind p\u00fcnktlich zum Fr\u00fchst\u00fcck das Br\u00f6tchen aufgebacken und der Kaffee aufgebr\u00fcht. Auch die Unterhaltungselektronik wird durch Smart Home miteinander verbunden. Damit wird zum Beispiel das Abspielen von Multimedia-Inhalten im ganzen Zuhause m\u00f6glich oder Daten k\u00f6nnen zentral gespeichert werden. aiXtrusion arbeitet gemeinsam mit seinen Kunden an Ideen und L\u00f6sungen, die unser Leben weiter vereinfachen. So entstehen zum Beispiel Portalserver-L\u00f6sungen, die Hausger\u00e4te mit Multimediainhalten versorgen.<\/p>\n<\/div><figure class=\"wp-block-media-text__media\"><img loading=\"lazy\" decoding=\"async\" width=\"1770\" height=\"955\" src=\"https:\/\/www.aixtrusion.de\/wp-content\/uploads\/2024\/08\/final_Smart_home_app_Bad.webp\" alt=\"Smart Home\" class=\"wp-image-193 size-full\"\/><\/figure><\/div>\n\n\n\n<hr class=\"wp-block-separator has-alpha-channel-opacity is-style-wide\"\/>\n\n\n\n<div class=\"wp-block-media-text has-media-on-the-right is-stacked-on-mobile\" style=\"grid-template-columns:auto 25%\"><div class=\"wp-block-media-text__content\">\n<h2 class=\"wp-block-heading\">Bluetooth Mesh Networking<\/h2>\n\n\n\n<p>Bluetooth Mesh ist in der Lage, kurze Datenpakete energiesparend zu \u00fcbertragen und ist damit eine echte eine Alternative zu den etablierten Automationsprotokollen wie ZigBee und Z-Wave. Das Bluetooth Mesh-Netzwerk kann mit allen g\u00e4ngigen Bluetooth Low Energy-Ger\u00e4ten aufgebaut werden und hat somit einen entscheidenden Vorteil: Die meisten aktuellen Ger\u00e4te sind mit dieser Funktion ausgestattet. Damit wird ein Gateway \u00fcberfl\u00fcssig.<\/p>\n\n\n\n<p>Mit der neuen Funktion k\u00f6nnen Verbindungsnetze von einem zum anderen Ger\u00e4t aufgebaut werden. So wird eine h\u00f6here Reichweite generiert und ausgefallene Verbindungen k\u00f6nnen durch redundante \u00dcbertragungswege ersetzen werden. Mittels einer Android-App, die auch f\u00fcr die Verwaltung des Netzwerks zust\u00e4ndig ist, k\u00f6nnen Signale von den Netzteilnehmern ausgehend gesteuert werden. Ist das Netzwerk einmal aufgebaut, ist die gleichzeitige Steuerung mehrerer Ger\u00e4te m\u00f6glich. Durch die offene Struktur der Bluetooth-Mesh-Netzwerke sind im freien Feld Reichweiten zwischen zwei Knoten von 300-600 Metern und eine dynamische Leistungsanpassung m\u00f6glich. Zuk\u00fcnftig kann jeder der maximal 32.000 Knoten von einem Bluetooth-Ger\u00e4t als Zugangspunkt zu einem Netzwerk genutzt werden.<\/p>\n\n\n\n<p>aiXtrusion entwickelte im Kundenauftrag ein&nbsp;meshf\u00e4higes Bluetooth-Modul, das in der modularen Lichtsteuerung eingesetzt wird.&nbsp;<\/p>\n\n\n\n<p>Kern des Moduls ist ein Bluetooth-Chip, auf dem unter anderem das Bluetooth-Lighting-Protokoll implementiert ist. Chip und Software kommen in Lichtsteuerungsl\u00f6sungen zum Einsatz. Dort bauen sie&nbsp; &nbsp;komplexe Beleuchtungsnetzwerke auf. Die Besonderheit ist dabei die dynamische Netzwerktopologie. Sie erm\u00f6glicht einen intelligenten, reflexiven Netzwerkaufbau, in dem sich die Nodes in den Leuchten selbst organisieren und identifizieren. Im Gegensatz zu ortsfest installierten Bluetooth-Mesh-Netzwerken erh\u00f6ht sich durch die dynamische Ausrichtung die Flexibilit\u00e4t enorm. Dieses Alleinstellungsmerkmal macht die Anwendungen fit f\u00fcr verschiedene Bereiche, zum Beispiel f\u00fcr die Verwendung im \u00f6ffentlichen Raum. So werden in Museen beispielsweise ausstellungsabh\u00e4ngige, flexible Lichtsysteme gebraucht.<\/p>\n\n\n\n<p>Interoperabilit\u00e4t und hohe Reichweiten machen zudem intelligente Zusatzfunktionen m\u00f6glich. Dazu geh\u00f6rt auch die Indoor-Navigation. In Evakuierungsszenarien k\u00f6nnen so Positionen bestimmt werden, um intelligente Notbeleuchtungen zu aktivieren. Selbst bestehende Lichtsysteme profitieren von der innovativen Netzwerktechnologie, die mit maximaler Datensicherheit, Robustheit, Redundanz und Energieeffizienz einen umfangreichen Mehrwert bietet. Zahlreiche Beleuchtungsl\u00f6sungen lassen sich mit dem BBM nachr\u00fcsten und als DALI-Knoten in Bluetooth-Mesh-Netzwerke integrieren.<\/p>\n<\/div><figure class=\"wp-block-media-text__media\"><img loading=\"lazy\" decoding=\"async\" width=\"1065\" height=\"715\" src=\"https:\/\/www.aixtrusion.de\/wp-content\/uploads\/2024\/08\/g10969.webp\" alt=\"\" class=\"wp-image-195 size-full\"\/><\/figure><\/div>\n\n\n\n<hr class=\"wp-block-separator has-alpha-channel-opacity is-style-wide\"\/>\n\n\n\n<div class=\"wp-block-media-text has-media-on-the-right is-stacked-on-mobile\" style=\"grid-template-columns:auto 25%\"><div class=\"wp-block-media-text__content\">\n<h2 class=\"wp-block-heading\">Haushaltsger\u00e4te<\/h2>\n\n\n\n<p>Im intelligenten Zuhause kommt den Haushaltsger\u00e4ten eine wichtige Rolle zu. Neben der Vernetzung untereinander spielen diverse Service- und Zusatzfunktionen eine wichtige Rolle. So ist es durch Konnektivit\u00e4t m\u00f6glich, Wetterdaten am K\u00fchlschrank abzurufen und im Badezimmer das Webradio zu genie\u00dfen. aiXtrusion entwickelt im Kundenauftrag elektronische Komponenten f\u00fcr die Haustechnik und kombiniert diese mit der entsprechenden Software.<\/p>\n\n\n\n<p>In unserem Hause entstehen komplette Konzepte f\u00fcr Teile oder auch vollst\u00e4ndige Ger\u00e4te der Haustechnik.<\/p>\n\n\n\n<ul class=\"wp-block-list\">\n<li>Konzeptentwicklung und Realisierung von Leistungselektronik<\/li>\n\n\n\n<li>Umsetzung von Schnittstellen mit Bussystemen, Powerlinekommunikation oder Wlan\/Bluetooth\/ZWave<\/li>\n<\/ul>\n<\/div><figure class=\"wp-block-media-text__media\"><img loading=\"lazy\" decoding=\"async\" width=\"1780\" height=\"1067\" src=\"https:\/\/www.aixtrusion.de\/wp-content\/uploads\/2024\/08\/Fotolia_141562522_M.webp\" alt=\"\" class=\"wp-image-196 size-full\"\/><\/figure><\/div>\n\n\n\n<hr class=\"wp-block-separator has-alpha-channel-opacity is-style-wide\"\/>\n\n\n\n<div class=\"wp-block-media-text has-media-on-the-right is-stacked-on-mobile\" style=\"grid-template-columns:auto 25%\"><div class=\"wp-block-media-text__content\">\n<h2 class=\"wp-block-heading\">App-Entwicklung<\/h2>\n\n\n\n<p>Mit der Entwicklung von entsprechenden Applikationen erh\u00e4lt das Ger\u00e4t Smart-Home eine bedienfreundliche Oberfl\u00e4che und zahlreiche Zusatzfunktionen. aiXtrusion entwickelt sowohl Single, als auch Multi-Plattform-Anwendungen, die unter allen g\u00e4ngigen Systemen wie Android, Mac bzw. iOS oder auch Windows Phone lauff\u00e4hig sind.<\/p>\n\n\n\n<p>Unsere Leistung umfasst die einfache Web-App-Entwicklung, basierend auf HTML, JavaScript oder CSS, aber auch die native bzw. hybride App-Entwicklung. Hier liegen die Vorteile in einer h\u00f6heren Kundenreichweite und einem besseren Preisniveau durch plattformunabh\u00e4ngige Entwicklung. Au\u00dferdem ist eine Nutzung der Ger\u00e4tehardware im Offlinezugriff m\u00f6glich.\u00b7<\/p>\n\n\n\n<ul class=\"wp-block-list\">\n<li>Entwicklung Locator-Apps f\u00fcr IOS und Android ( Bonjour, Zeroconf)<\/li>\n\n\n\n<li>Plattformunabh\u00e4ngige Bedienapps in HTML 5 \/ Javascript (AngularJS, Node.js)<\/li>\n\n\n\n<li>Lokale Persistenz zur App-Konfiguration \/ benutzerspezifische Einstellungen<\/li>\n\n\n\n<li>Unterschiedliche Bedienmodi ( z.B. &#8222;Geronto-Modus&#8220; f\u00fcr Menschen h\u00f6heren Lebensalters)&nbsp;<\/li>\n\n\n\n<li>Bidirektionale Kommunikation mittels Websockets zur Synchronisierung mit der Bedienteilanzeige<\/li>\n<\/ul>\n<\/div><figure class=\"wp-block-media-text__media\"><img loading=\"lazy\" decoding=\"async\" width=\"1039\" height=\"691\" src=\"https:\/\/www.aixtrusion.de\/wp-content\/uploads\/2024\/08\/final_app_v3.webp\" alt=\"\" class=\"wp-image-197 size-full\"\/><\/figure><\/div>\n\n\n\n<hr class=\"wp-block-separator has-alpha-channel-opacity is-style-wide\"\/>\n\n\n\n<h2 class=\"wp-block-heading\">TCP\/IP<\/h2>\n\n\n\n<p>TCP und IP ist eine Gruppe von Netzwerkprotokollen. Ger\u00e4te, die an einem Netzwerk teilnehmen, werden als Host bezeichnet und \u00fcber ihre IP-Adresse im Netzwerk identifiziert und registriert. TCP\/IP kann unabh\u00e4ngig vom Betriebssystem eingesetzt werden und ist damit universell.<\/p>\n\n\n\n<p>Nicht nur Rechner, auch andere Hardware, wie Drucker, Scanner oder IP-Telefone nutzen diese Protokolle und stehen dadurch dem Netzwerk zu Verf\u00fcgung. Um alle Komponenten miteinander zu verbinden, ist ein Router erforderlich, der auch gleichzeitig als Internet-Gateway fungiert. Das Internet-Gateway ist eine Schl\u00fcsselstelle im lokalen Netzwerk, die den Ger\u00e4ten den Austausch mit dem Internet erm\u00f6glicht. Den TCP\/IP-Netzwerken kommt damit insbesondere im Smart Home eine wichtige Bedeutung zu. Aber auch in anderen Bereichen, in denen Konnektivit\u00e4t mit dem Internet gefragt ist, nutzen wir TCP\/IP.<\/p>\n\n\n\n<div style=\"height:24px\" aria-hidden=\"true\" class=\"wp-block-spacer\"><\/div>\n\n\n\n<p>Sehen Sie auch:<\/p>\n\n\n\n<div class=\"wp-block-buttons is-layout-flex wp-block-buttons-is-layout-flex\">\n<div class=\"wp-block-button\"><a class=\"wp-block-button__link wp-element-button\" href=\"\/wp-content\/uploads\/2024\/08\/Portal_Server.pdf\" target=\"_blank\" rel=\"noreferrer noopener\">Success Story: Portal Server by aiXtrusion<\/a><\/div>\n\n\n\n<div class=\"wp-block-button is-style-outline is-style-outline--1\"><a class=\"wp-block-button__link wp-element-button\" href=\"\/leistungen\/industrie-40-automation\/automatisierungstechnik\/\">Automatisierungstechnik<\/a><\/div>\n<\/div>\n\n\n\n<p><\/p>\n","protected":false},"excerpt":{"rendered":"<p>Smart Home Technik vereinfacht unser Leben in vielen Bereichen und steht f\u00fcr eine h\u00f6here Lebensqualit\u00e4t. Technische Anwendungen, die unser Zuhause intelligenter machen, werden unter dem Begriff Smart Home zusammengefasst. Dabei spielt Vernetzung eine gro\u00dfe Rolle: Haustechnik wie Jalousien, Beleuchtung oder Heiztechnik lassen sich bequem mit dem Smartphone steuern. Haushaltsger\u00e4te wie Kaffeemaschine und Herd kommunizieren miteinander. [&hellip;]<\/p>\n","protected":false},"author":1,"featured_media":0,"parent":7,"menu_order":6,"comment_status":"closed","ping_status":"closed","template":"page-with-submenu","meta":{"footnotes":"","_links_to":"","_links_to_target":""},"class_list":["post-34","page","type-page","status-publish","hentry"],"_links":{"self":[{"href":"https:\/\/www.aixtrusion.de\/de\/wp-json\/wp\/v2\/pages\/34","targetHints":{"allow":["GET"]}}],"collection":[{"href":"https:\/\/www.aixtrusion.de\/de\/wp-json\/wp\/v2\/pages"}],"about":[{"href":"https:\/\/www.aixtrusion.de\/de\/wp-json\/wp\/v2\/types\/page"}],"author":[{"embeddable":true,"href":"https:\/\/www.aixtrusion.de\/de\/wp-json\/wp\/v2\/users\/1"}],"replies":[{"embeddable":true,"href":"https:\/\/www.aixtrusion.de\/de\/wp-json\/wp\/v2\/comments?post=34"}],"version-history":[{"count":7,"href":"https:\/\/www.aixtrusion.de\/de\/wp-json\/wp\/v2\/pages\/34\/revisions"}],"predecessor-version":[{"id":767,"href":"https:\/\/www.aixtrusion.de\/de\/wp-json\/wp\/v2\/pages\/34\/revisions\/767"}],"up":[{"embeddable":true,"href":"https:\/\/www.aixtrusion.de\/de\/wp-json\/wp\/v2\/pages\/7"}],"wp:attachment":[{"href":"https:\/\/www.aixtrusion.de\/de\/wp-json\/wp\/v2\/media?parent=34"}],"curies":[{"name":"wp","href":"https:\/\/api.w.org\/{rel}","templated":true}]}}