{"id":36,"date":"2024-08-01T11:59:52","date_gmt":"2024-08-01T09:59:52","guid":{"rendered":"https:\/\/www.aixtrusion.de\/index.php\/leistungen\/elektro-mobilitaet\/"},"modified":"2025-03-14T07:39:36","modified_gmt":"2025-03-14T06:39:36","slug":"elektro-mobilitaet","status":"publish","type":"page","link":"https:\/\/www.aixtrusion.de\/de\/leistungen\/elektro-mobilitaet\/","title":{"rendered":"Elektro-Mobilit\u00e4t"},"content":{"rendered":"\n<div class=\"wp-block-media-text has-media-on-the-right is-stacked-on-mobile\" style=\"grid-template-columns:auto 25%\"><div class=\"wp-block-media-text__content\">\n<h1 class=\"wp-block-heading\">Elektro-Mobilit\u00e4t<\/h1>\n\n\n\n<p>Die Elektro-Mobilit\u00e4t wird h\u00e4ufig als Antrieb der Zukunft bezeichnet. Faktisch sind wir aber schon seit vielen Jahrzenten elektronisch mobil. Z\u00fcge, Stra\u00dfen- oder U-Bahnen werden durch Stromschienen oder Oberleitungen mit Antriebsenergie versorgt. Auf der Stra\u00dfe h\u00e4lt die Elektro-Mobilit\u00e4t erst in den letzten Jahren Einzug. In Deutschland wird die Infrastruktur f\u00fcr E-Autos immer weiter ausgebaut. Lades\u00e4ulen, Parkpl\u00e4tze und sogar eigene Fahrspuren entstehen. Dabei m\u00fcssen viele Fragen, zum Beispiel die nach der Bezahlung, gekl\u00e4rt werden. Die Lades\u00e4ulen werden daf\u00fcr mit moderner Kommunikationstechnik ausgestattet und k\u00f6nnen Daten an den Anbieter \u00fcbertragen oder Informationen an den Fahrzeughalter \u00fcbermitteln. aiXtrusion entwickelt spezifische Anwendungen f\u00fcr die Elektromobilit\u00e4ts-Branche und hilft dabei, die Antriebstechnik komfortabel, zukunftsf\u00e4hig und vor allem praktikabel zu gestalten.<\/p>\n<\/div><figure class=\"wp-block-media-text__media\"><img loading=\"lazy\" decoding=\"async\" width=\"500\" height=\"334\" src=\"https:\/\/www.aixtrusion.de\/wp-content\/uploads\/2024\/08\/fotolia_66310994.webp\" alt=\"Elektromobilit\u00e4t\" class=\"wp-image-200 size-full\"\/><\/figure><\/div>\n\n\n\n<hr class=\"wp-block-separator has-alpha-channel-opacity is-style-wide\"\/>\n\n\n\n<div class=\"wp-block-media-text has-media-on-the-right is-stacked-on-mobile\" style=\"grid-template-columns:auto 25%\"><div class=\"wp-block-media-text__content\">\n<h2 class=\"wp-block-heading\">Stromtankstelle<\/h2>\n\n\n\n<p>Immer mehr Elektroautos str\u00f6men auf den Markt. Als Hybriden oder Fahrzeuge mit reinem Elektroantrieb gelten sie als umweltschonend. Um die Nutzung von Elektrofahrzeugen m\u00f6glich zu machen, ist eine gute Infrastruktur n\u00f6tig. In naher Zukunft soll auch das Reisen \u00fcber l\u00e4ngere Strecken durch eine fl\u00e4chendeckende Verf\u00fcgbarkeit von Lades\u00e4ulen m\u00f6glich sein.&nbsp;<\/p>\n\n\n\n<p>Das &#8222;Betanken&#8220; der Elektroautos soll dabei ebenso schnell wie einfach sein und das Bezahlen f\u00fcr den Nutzer sicher. aiXtrusion entwickelt im Kundenauftrag eine Lades\u00e4ule, die allen Anspr\u00fcchen gerecht wird. Ein besonderer Fokus liegt dabei auf der Kosteneffizienz und ist unser entscheidender Wettbewerbsvorteil. Durch die Verwendung anderer Hardware-L\u00f6sungen konnten f\u00fcr die Kosten f\u00fcr die Bauteile reduzieren. Gleichzeitig ist die Nutzung der Lades\u00e4ule bequem, die Bedienung einfach und der Bezahlvorgang sicher.<\/p>\n\n\n\n<p>Die n\u00e4chste Generation, die gerade in der Entwicklung steckt, wird durch Umstellung auf Gleichstrom eine h\u00f6here Ladekapazit\u00e4t erreichen. Au\u00dferdem wird die Lades\u00e4ule mit einer Reihe von Mehrwertdiensten ausgestattet. So kann der Fahrer zuk\u00fcnftig zum Beispiel W-Lan von der S\u00e4ule nutzen. Au\u00dferdem wird die Authentifizierung einfacher und ist dann direkt \u00fcber das Ladekabel m\u00f6glich.&nbsp;<\/p>\n<\/div><figure class=\"wp-block-media-text__media\"><img loading=\"lazy\" decoding=\"async\" width=\"500\" height=\"334\" src=\"https:\/\/www.aixtrusion.de\/wp-content\/uploads\/2024\/08\/fotolia_170174007.webp\" alt=\"\" class=\"wp-image-202 size-full\"\/><\/figure><\/div>\n\n\n\n<div style=\"height:39px\" aria-hidden=\"true\" class=\"wp-block-spacer\"><\/div>\n\n\n\n<h5 class=\"wp-block-heading\"><strong>Bleiben Sie auf dem Laufenden:<\/strong><\/h5>\n\n\n\n<p>Abonnieren Sie unseren <a href=\"https:\/\/www.aixtrusion.de\/aktuelles\/aixpressive\/\" data-type=\"page\" data-id=\"74\">Newsletter<\/a><\/p>\n\n\n\n<p><\/p>\n","protected":false},"excerpt":{"rendered":"<p>Elektro-Mobilit\u00e4t Die Elektro-Mobilit\u00e4t wird h\u00e4ufig als Antrieb der Zukunft bezeichnet. Faktisch sind wir aber schon seit vielen Jahrzenten elektronisch mobil. Z\u00fcge, Stra\u00dfen- oder U-Bahnen werden durch Stromschienen oder Oberleitungen mit Antriebsenergie versorgt. Auf der Stra\u00dfe h\u00e4lt die Elektro-Mobilit\u00e4t erst in den letzten Jahren Einzug. In Deutschland wird die Infrastruktur f\u00fcr E-Autos immer weiter ausgebaut. Lades\u00e4ulen, [&hellip;]<\/p>\n","protected":false},"author":1,"featured_media":0,"parent":7,"menu_order":7,"comment_status":"closed","ping_status":"closed","template":"page-with-submenu","meta":{"footnotes":"","_links_to":"","_links_to_target":""},"class_list":["post-36","page","type-page","status-publish","hentry"],"_links":{"self":[{"href":"https:\/\/www.aixtrusion.de\/de\/wp-json\/wp\/v2\/pages\/36","targetHints":{"allow":["GET"]}}],"collection":[{"href":"https:\/\/www.aixtrusion.de\/de\/wp-json\/wp\/v2\/pages"}],"about":[{"href":"https:\/\/www.aixtrusion.de\/de\/wp-json\/wp\/v2\/types\/page"}],"author":[{"embeddable":true,"href":"https:\/\/www.aixtrusion.de\/de\/wp-json\/wp\/v2\/users\/1"}],"replies":[{"embeddable":true,"href":"https:\/\/www.aixtrusion.de\/de\/wp-json\/wp\/v2\/comments?post=36"}],"version-history":[{"count":7,"href":"https:\/\/www.aixtrusion.de\/de\/wp-json\/wp\/v2\/pages\/36\/revisions"}],"predecessor-version":[{"id":768,"href":"https:\/\/www.aixtrusion.de\/de\/wp-json\/wp\/v2\/pages\/36\/revisions\/768"}],"up":[{"embeddable":true,"href":"https:\/\/www.aixtrusion.de\/de\/wp-json\/wp\/v2\/pages\/7"}],"wp:attachment":[{"href":"https:\/\/www.aixtrusion.de\/de\/wp-json\/wp\/v2\/media?parent=36"}],"curies":[{"name":"wp","href":"https:\/\/api.w.org\/{rel}","templated":true}]}}