{"id":38,"date":"2024-08-01T12:00:55","date_gmt":"2024-08-01T10:00:55","guid":{"rendered":"https:\/\/www.aixtrusion.de\/index.php\/produkte\/dokumentationsassistent-daixma\/"},"modified":"2025-03-14T07:42:02","modified_gmt":"2025-03-14T06:42:02","slug":"dokumentationsassistent-daixma","status":"publish","type":"page","link":"https:\/\/www.aixtrusion.de\/de\/produkte\/dokumentationsassistent-daixma\/","title":{"rendered":"Dokumentationsassistent &#8218;daiXma&#8216;"},"content":{"rendered":"\n<div class=\"wp-block-media-text has-media-on-the-right is-stacked-on-mobile\" style=\"grid-template-columns:auto 25%\"><div class=\"wp-block-media-text__content\">\n<h1 class=\"wp-block-heading\">daiXma &#8211; Unterst\u00fctzung vom Angebot bis zur Pr\u00fcfdokumentation<\/h1>\n\n\n\n<p>Unser Managament-System daiXma hilft bei der Dokumentation des gesamten Produktionsprozesses &#8211; von der Anfrage \u00fcber das Angebot und die Durchf\u00fchrung bis zum fertigen Bericht:<\/p>\n\n\n\n<ol class=\"wp-block-list\">\n<li>Mit daiXma erstellen Sie schnell vollst\u00e4ndige und \u00fcbersichtlich strukturierte Pr\u00fcfpl\u00e4ne, die Sie bereits als Basis f\u00fcr ein konkretes, detailliertes Angebot nutzen k\u00f6nnen.<\/li>\n\n\n\n<li>daiXma stellt durch strukturierte Abl\u00e4ufe und durchg\u00e4ngige, vollst\u00e4ndige Dokumentation eine hohe Professionalit\u00e4t und Sicherheit bei der Durchf\u00fchrung der Messungen sicher.<\/li>\n\n\n\n<li>Die automatisierte Aufbereitung der Messdaten in kundenspezifischen Pr\u00fcfberichten gew\u00e4hrleistet die umfassende und gleichzeitig klar gegliederte Darstellung der Ergebnisse.<\/li>\n<\/ol>\n\n\n\n<h2 class=\"wp-block-heading\">daiXma<\/h2>\n\n\n\n<p>Mit daiXma stellen wir Ihnen ein innovatives Werkzeug zum systematischen und strukturierten Management von technischen Daten zur Verf\u00fcgung. Konkret wird es f\u00fcr die automatisierte, regelbasierte Erstellung von Pr\u00fcfanweisungen, -pl\u00e4nen und -berichten bei Pr\u00fcfungen der EMV (Elektromagnetische Vertr\u00e4glichkeit) entwickelt und sukzessive f\u00fcr andere Anwendungsf\u00e4lle erweitert und adaptiert.<\/p>\n<\/div><figure class=\"wp-block-media-text__media\"><img loading=\"lazy\" decoding=\"async\" width=\"450\" height=\"748\" src=\"https:\/\/www.aixtrusion.de\/wp-content\/uploads\/2024\/08\/daixma_prozess.webp\" alt=\"Dokumentation des Produktionsprozesses\" class=\"wp-image-268 size-full\"\/><\/figure><\/div>\n\n\n\n<hr class=\"wp-block-separator has-alpha-channel-opacity is-style-wide\"\/>\n\n\n\n<div class=\"wp-block-media-text has-media-on-the-right is-stacked-on-mobile\" style=\"grid-template-columns:auto 25%\"><div class=\"wp-block-media-text__content\">\n<h2 class=\"wp-block-heading\">daiXma &#8211; Konzepte und Ansatzpunkte<\/h2>\n\n\n\n<p>Bei dem pers\u00f6nlichen Informations- und Dokumentationsassistent daiXma handelt es sich um ein modular aufgebautes Client-Server System mit dem Fokus auf dem automatisierten Management von Dokumentationen, insbesonderen technischen Pr\u00fcfberichten.<\/p>\n\n\n\n<p>Zahlreiche Diskussionen mit Pr\u00fcfingenieuren und Projektleitern best\u00e4tigen den Einsatz von Textverarbeitung und Tabellenkalkulationsprogramm bei der Verarbeitung von Pr\u00fcfdaten zu Dokumentationszwecken. Kontr\u00e4r zur einfachen Handhabung der verbreiteten Systeme stehen die Freiheitsgrade bei der Bedienung und Formatierung, die h\u00e4ufig zu inkonsistenten Berichtsstrukturen und -layouts f\u00fchren. Zus\u00e4tzlich lassen sich die Daten in den Dokumenten nicht automatisiert vergleichen und analysieren.<\/p>\n\n\n\n<p>Ein zentrales Konzept von daiXma besteht in der Integration bew\u00e4hrter Arbeitsabl\u00e4ufe und der Beibehaltung etablierter Prozesse w\u00e4hrend der Pr\u00fcfungen. Dazu verf\u00fcgt daiXma \u00fcber umfangreiche Methoden, um Dokumente aus Office-Paketen (Microsoft Office und LibreOffice\/OpenOffice) von au\u00dfen sowohl mit strukturierten Inhalten zu f\u00fcllen als auch die Inhalte gezielt auszulesen.<\/p>\n\n\n\n<p>Dar\u00fcber hinaus unterst\u00fctzen spezielle daiXma-Module Sie bei der Vorbereitung, Durchf\u00fchrung und Auswertung der Pr\u00fcfungen selbst.<\/p>\n\n\n\n<p>Wesentliche Merkmale dabei sind:<\/p>\n\n\n\n<ul class=\"wp-block-list\">\n<li>Automatisierte Generierung der Dokumentenstruktur durch Auswahl von Normen, Richtlinien, Pr\u00fcflingstypen<\/li>\n\n\n\n<li>Einbindung externer Dokumente&nbsp;<\/li>\n\n\n\n<li>Anbindung von Mess-, Pr\u00fcf- und Monitoring-Equipment<\/li>\n\n\n\n<li>Differenzierung zwischen den eigentlichen Messungen sowie der Berichtserstellung<\/li>\n\n\n\n<li>Vorlagen in Form der Office-Dokumente (Microsoft- bzw. LibreOffice)<\/li>\n\n\n\n<li>Abbildung einfacher Mini-Workflows (bspw. f\u00fcr Montage- und Pr\u00fcfaufbauanleitungen)<\/li>\n\n\n\n<li>3-Schicht Architektur (Client-Server-SQL-Datenbank) mit Rich-Client, um unabh\u00e4ngiges Arbeiten vom Server zu erm\u00f6glichen (geringe Netzlast, keine Abh\u00e4ngigkeiten von stabilen Verbindungen)<\/li>\n\n\n\n<li>Orientierung an bestehenden Arbeitsabl\u00e4ufen, die auf dem Ausf\u00fcllen von Word- bzw. Office-Dokumenten basieren<\/li>\n<\/ul>\n\n\n\n<p>Bei Interesse beraten wir Sie gerne pers\u00f6nlich und f\u00fchren Ihnen die Funktionen des Systems anhand einer Demo-Installation vor. Bitte kontaktieren Sie uns per eMail oder telefonisch unter&nbsp;<a href=\"tel:+49 2932 8055 111\" target=\"_blank\" rel=\"noreferrer noopener\">+49 2932 8055 111<\/a>&nbsp;oder&nbsp;<a href=\"mailto:daixma@aixtrusion.de\">daixma@aixtrusion.de<\/a>.<\/p>\n<\/div><figure class=\"wp-block-media-text__media\"><img loading=\"lazy\" decoding=\"async\" width=\"962\" height=\"699\" src=\"https:\/\/www.aixtrusion.de\/wp-content\/uploads\/2024\/08\/daiXma.webp\" alt=\"\" class=\"wp-image-269 size-full\"\/><\/figure><\/div>\n\n\n\n<p><\/p>\n","protected":false},"excerpt":{"rendered":"","protected":false},"author":1,"featured_media":0,"parent":9,"menu_order":0,"comment_status":"closed","ping_status":"closed","template":"page-with-submenu","meta":{"footnotes":"","_links_to":"","_links_to_target":""},"class_list":["post-38","page","type-page","status-publish","hentry"],"_links":{"self":[{"href":"https:\/\/www.aixtrusion.de\/de\/wp-json\/wp\/v2\/pages\/38","targetHints":{"allow":["GET"]}}],"collection":[{"href":"https:\/\/www.aixtrusion.de\/de\/wp-json\/wp\/v2\/pages"}],"about":[{"href":"https:\/\/www.aixtrusion.de\/de\/wp-json\/wp\/v2\/types\/page"}],"author":[{"embeddable":true,"href":"https:\/\/www.aixtrusion.de\/de\/wp-json\/wp\/v2\/users\/1"}],"replies":[{"embeddable":true,"href":"https:\/\/www.aixtrusion.de\/de\/wp-json\/wp\/v2\/comments?post=38"}],"version-history":[{"count":6,"href":"https:\/\/www.aixtrusion.de\/de\/wp-json\/wp\/v2\/pages\/38\/revisions"}],"predecessor-version":[{"id":769,"href":"https:\/\/www.aixtrusion.de\/de\/wp-json\/wp\/v2\/pages\/38\/revisions\/769"}],"up":[{"embeddable":true,"href":"https:\/\/www.aixtrusion.de\/de\/wp-json\/wp\/v2\/pages\/9"}],"wp:attachment":[{"href":"https:\/\/www.aixtrusion.de\/de\/wp-json\/wp\/v2\/media?parent=38"}],"curies":[{"name":"wp","href":"https:\/\/api.w.org\/{rel}","templated":true}]}}