{"id":40,"date":"2024-08-01T12:00:55","date_gmt":"2024-08-01T10:00:55","guid":{"rendered":"https:\/\/www.aixtrusion.de\/index.php\/produkte\/schraubenkopfauflagenerkennung-aixtight\/"},"modified":"2026-02-23T10:46:38","modified_gmt":"2026-02-23T09:46:38","slug":"schraubenkopfauflagenerkennung-aixtight","status":"publish","type":"page","link":"https:\/\/www.aixtrusion.de\/de\/produkte\/schraubenkopfauflagenerkennung-aixtight\/","title":{"rendered":"Schraubenkopfauflagenerkennung &#8218;aiXtight&#8216;"},"content":{"rendered":"\n<figure class=\"wp-block-image alignfull size-full\"><img loading=\"lazy\" decoding=\"async\" width=\"900\" height=\"211\" src=\"https:\/\/www.aixtrusion.de\/wp-content\/uploads\/2024\/08\/sichere-schraubenkopfauflage-aixtight.webp\" alt=\"Schraubenkopfauflage\" class=\"wp-image-143\"\/><figcaption class=\"wp-element-caption\">aiXtight &#8211; Messsystem<\/figcaption><\/figure>\n\n\n\n<h1 class=\"wp-block-heading\">Sichere Schraubenkopfauflage durch patentiertes Messverfahren&nbsp;<\/h1>\n\n\n\n<h2 class=\"wp-block-heading\">Kamerasystem zur 100%-Pr\u00fcfung der Schraubenkopfauflage<\/h2>\n\n\n\n<hr class=\"wp-block-separator has-alpha-channel-opacity is-style-wide\"\/>\n\n\n\n<div class=\"wp-block-media-text has-media-on-the-right is-stacked-on-mobile\" style=\"grid-template-columns:auto 25%\"><div class=\"wp-block-media-text__content\">\n<h2 class=\"wp-block-heading\">Das System f\u00fcr die sichere Schraubenkopfauflage<\/h2>\n\n\n\n<p>Um Bauteile optimal mittels Schrauben zu verbinden, m\u00fcssen zahlreiche Einflussfaktoren ber\u00fccksichtigt werden. Schrauben, Bohrl\u00f6cher, als auch die Bauteile selbst, unterliegen gewissen Toleranzen. Hinzu kommen verschiedene Oberfl\u00e4chen und Materialpaarungen. Die aktuell eingesetzten Drehmoment-\/Drehwinkelgesteuerten Industrieschrauber k\u00f6nnen diese unterschiedlichen Rahmenbedingungen nur bedingt ber\u00fccksichtigen.&nbsp;<br>Das Ergebnis sind unzureichend befestigte Bauteile, bei denen die Schraubenverbindung locker ist. Mit der Inspektionsmethode von aiXtrusion werden fehlerhafte Schraubenverbindungen direkt bei der Montage erkannt und k\u00f6nnen somit vor der Auslieferung ausgesondert werden.&nbsp; &nbsp;<\/p>\n\n\n\n<p><strong>aiXtight &#8211; so einfach zur sicheren Schraubenkopfauflage.<\/strong><\/p>\n<\/div><figure class=\"wp-block-media-text__media\"><img loading=\"lazy\" decoding=\"async\" width=\"600\" height=\"600\" src=\"https:\/\/www.aixtrusion.de\/wp-content\/uploads\/2024\/08\/aiXtight-patentiertes-Messverfahren.webp\" alt=\"\" class=\"wp-image-144 size-full\"\/><\/figure><\/div>\n\n\n\n<hr class=\"wp-block-separator has-alpha-channel-opacity is-style-wide\"\/>\n\n\n\n<div class=\"wp-block-media-text is-stacked-on-mobile\" style=\"grid-template-columns:25% auto\"><figure class=\"wp-block-media-text__media\"><img loading=\"lazy\" decoding=\"async\" width=\"600\" height=\"600\" src=\"https:\/\/www.aixtrusion.de\/wp-content\/uploads\/2024\/08\/Nachweis-Schaubild-aiXtight-Messverfahren.webp\" alt=\"\" class=\"wp-image-145 size-full\"\/><\/figure><div class=\"wp-block-media-text__content\">\n<h2 class=\"wp-block-heading\">Patentiertes Messverfahren sorgt f\u00fcr optimale Schraubenkopfauflage<\/h2>\n\n\n\n<p>Mit unserem System, aiXtight genannt, wird der Schraubprozess mittels Infrarotkameras \u00fcberwacht. Beim Eindrehen der Schraube kommt der Schraubenkopf final mit dem Bauteil in Ber\u00fchrung und erzeugt bei der Drehung Reibung. Die entstehende W\u00e4rme wird durch die Infrarotkameras aufgezeichnet und das System verarbeitet die aufgezeichneten Informationen. <\/p>\n\n\n\n<p>Das so ermittelte W\u00e4rmebild wird mit Referenzdaten aus der Schraubfallanalyse verglichen und gibt somit direkt Aufschluss \u00fcber die G\u00fcte der Schraubenverbindung. Dadurch wird sichergestellt, dass die Anforderungen an den Schraubfall erreicht und eine optimale Verbindung hergestellt wurde. Die Bauteile k\u00f6nnen ausgeliefert bzw. weiterverarbeitet werden. Zus\u00e4tzlich dokumentiert das System die Messergebnisse und Bilddaten und garantiert damit eine 100%ige Pr\u00fcfung und Dokumentation. aiXtight wird in Kombination mit industriellen Schraubern eingesetzt. Neben einem IO\/NIO Signal ist es auch m\u00f6glich, den Schrauber bei Kopfauflage zu stoppen.<\/p>\n\n\n\n<p><\/p>\n<\/div><\/div>\n\n\n\n<hr class=\"wp-block-separator has-alpha-channel-opacity is-style-wide\"\/>\n\n\n\n<h2 class=\"wp-block-heading\">Die Vorteile im \u00dcberblick<\/h2>\n\n\n\n<ul class=\"wp-block-list\">\n<li>Sichere Schraubenverbindung &nbsp;<\/li>\n\n\n\n<li>Optimaler Kraftschluss durch Erreichung der Vorspannkraft &nbsp;<\/li>\n\n\n\n<li>Kompensation von Toleranzen der Bauteile &nbsp;<\/li>\n\n\n\n<li>Leicht auf den jeweiligen Prozess einstellbares Kamerasystem &nbsp;<\/li>\n\n\n\n<li>Optimierung einer rein Drehmoment-\/ Drehwinkelbasierten Verschraubung &nbsp;<\/li>\n\n\n\n<li>100%-Pr\u00fcfung und Dokumentation der Kopfauflage&nbsp;<\/li>\n\n\n\n<li>Steigerung der Qualit\u00e4t und Reduktion von Reklamationen<\/li>\n\n\n\n<li><strong>Indirekte Messung der Vorspannkraft m\u00f6glich<\/strong><\/li>\n\n\n\n<li>Ideal f\u00fcr Direktverschraubungsprozesse&nbsp;<\/li>\n\n\n\n<li>Geeignet f\u00fcr jede Art von Industrieschraubern &nbsp;<\/li>\n\n\n\n<li>integrierte Qualit\u00e4tssicherung durch Realtime Messung<\/li>\n\n\n\n<li>KI unterst\u00fctzte Detektion&nbsp;<\/li>\n<\/ul>\n\n\n\n<figure class=\"wp-block-video\"><video height=\"1080\" style=\"aspect-ratio: 1920 \/ 1080;\" width=\"1920\" controls src=\"https:\/\/www.aixtrusion.de\/wp-content\/uploads\/2024\/08\/Video-Schraubkopf.mp4\"><\/video><\/figure>\n\n\n\n<div style=\"height:46px\" aria-hidden=\"true\" class=\"wp-block-spacer\"><\/div>\n\n\n\n<h2 class=\"wp-block-heading\">Ihr Weg zur sicheren Schraubenverbindung!<\/h2>\n\n\n\n<p>Jetzt Termin vereinbaren und wir pr\u00fcfen Ihren Schraubfall kostenlos mit unserem aiXtight-System.<br>Schnell und ohne Risiko!<\/p>\n\n\n\n<div style=\"height:100px\" aria-hidden=\"true\" class=\"wp-block-spacer\"><\/div>\n\n\n\n<hr class=\"wp-block-separator has-alpha-channel-opacity is-style-wide\"\/>\n\n\n\n<div class=\"wp-block-columns is-layout-flex wp-container-core-columns-is-layout-28f84493 wp-block-columns-is-layout-flex\">\n<div class=\"wp-block-column is-layout-flow wp-block-column-is-layout-flow\">\n<h3 class=\"wp-block-heading\">Ihr Ansprechpartner<\/h3>\n\n\n\n<div class=\"wpcf7 no-js\" id=\"wpcf7-f1006-o1\" lang=\"de-DE\" dir=\"ltr\" data-wpcf7-id=\"1006\">\n<div class=\"screen-reader-response\"><p role=\"status\" aria-live=\"polite\" aria-atomic=\"true\"><\/p> <ul><\/ul><\/div>\n<form action=\"\/de\/wp-json\/wp\/v2\/pages\/40#wpcf7-f1006-o1\" method=\"post\" class=\"wpcf7-form init\" aria-label=\"Kontaktformular\" novalidate=\"novalidate\" data-status=\"init\">\n<fieldset class=\"hidden-fields-container\"><input type=\"hidden\" name=\"_wpcf7\" value=\"1006\" \/><input type=\"hidden\" name=\"_wpcf7_version\" value=\"6.1.5\" \/><input type=\"hidden\" name=\"_wpcf7_locale\" value=\"de_DE\" \/><input type=\"hidden\" name=\"_wpcf7_unit_tag\" value=\"wpcf7-f1006-o1\" \/><input type=\"hidden\" name=\"_wpcf7_container_post\" value=\"0\" \/><input type=\"hidden\" name=\"_wpcf7_posted_data_hash\" value=\"\" \/>\n<\/fieldset>\n<p><label> Name<br \/>\n<span class=\"wpcf7-form-control-wrap\" data-name=\"text-377\"><input size=\"40\" maxlength=\"400\" class=\"wpcf7-form-control wpcf7-text wpcf7-validates-as-required\" aria-required=\"true\" aria-invalid=\"false\" placeholder=\"Max Mustermann\" value=\"\" type=\"text\" name=\"text-377\" \/><\/span> <\/label>\n<\/p>\n<p><label> E-Mail<br \/>\n<span class=\"wpcf7-form-control-wrap\" data-name=\"email-556\"><input size=\"40\" maxlength=\"400\" class=\"wpcf7-form-control wpcf7-email wpcf7-validates-as-required wpcf7-text wpcf7-validates-as-email\" aria-required=\"true\" aria-invalid=\"false\" placeholder=\"max_mustermann@mail.de\" value=\"\" type=\"email\" name=\"email-556\" \/><\/span> <\/label>\n<\/p>\n<p><label> Betreff<br \/>\n<span class=\"wpcf7-form-control-wrap\" data-name=\"text-805\"><input size=\"40\" maxlength=\"400\" class=\"wpcf7-form-control wpcf7-text wpcf7-validates-as-required\" aria-required=\"true\" aria-invalid=\"false\" placeholder=\"Anfrage f\u00fcr...\" value=\"\" type=\"text\" name=\"text-805\" \/><\/span> <\/label>\n<\/p>\n<p><label> Nachricht (optional)<br \/>\n<span class=\"wpcf7-form-control-wrap\" data-name=\"textarea-786\"><textarea cols=\"40\" rows=\"10\" maxlength=\"2000\" class=\"wpcf7-form-control wpcf7-textarea\" aria-invalid=\"false\" placeholder=\"Bez\u00fcglich der Schraubenkopfauflage...\" name=\"textarea-786\"><\/textarea><\/span><\/label>\n<\/p>\n<p><div class=\"cf7-cf-turnstile\" style=\"margin-top: 0px; margin-bottom: -15px;\"> <div id=\"cf-turnstile-cf7-1254468244\" class=\"cf-turnstile\" data-sitekey=\"0x4AAAAAACObhySTy7E6CXMr\" data-theme=\"light\" data-language=\"auto\" data-size=\"normal\" data-retry=\"auto\" data-retry-interval=\"1000\" data-refresh-expired=\"auto\" data-action=\"contact-form-7\" data-appearance=\"always\"><\/div> <script>document.addEventListener(\"DOMContentLoaded\", function() { setTimeout(function(){ var e=document.getElementById(\"cf-turnstile-cf7-1254468244\"); e&&!e.innerHTML.trim()&&(turnstile.remove(\"#cf-turnstile-cf7-1254468244\"), turnstile.render(\"#cf-turnstile-cf7-1254468244\", {sitekey:\"0x4AAAAAACObhySTy7E6CXMr\"})); }, 100); });<\/script> <br class=\"cf-turnstile-br cf-turnstile-br-cf7-1254468244\"> <style>#cf-turnstile-cf7-1254468244 { margin-left: -15px; }<\/style> <script>document.addEventListener(\"DOMContentLoaded\",function(){document.querySelectorAll('.wpcf7-form').forEach(function(e){e.addEventListener('submit',function(){if(document.getElementById('cf-turnstile-cf7-1254468244')){setTimeout(function(){turnstile.reset('#cf-turnstile-cf7-1254468244');},1000)}})})});<\/script> <\/div><br\/><input class=\"wpcf7-form-control wpcf7-submit has-spinner\" type=\"submit\" value=\"Senden\" \/>\n<\/p><div class=\"wpcf7-response-output\" aria-hidden=\"true\"><\/div>\n<\/form>\n<\/div>\n\n<\/div>\n\n\n\n<div class=\"wp-block-column is-layout-flow wp-block-column-is-layout-flow\">\n<h2 class=\"wp-block-heading\"><\/h2>\n\n\n\n<figure class=\"wp-block-image size-full is-resized\"><img loading=\"lazy\" decoding=\"async\" width=\"800\" height=\"800\" src=\"https:\/\/www.aixtrusion.de\/wp-content\/uploads\/2024\/08\/TFR.jpg\" alt=\"Thomas Frerich\" class=\"wp-image-594\" style=\"width:150px\" srcset=\"https:\/\/www.aixtrusion.de\/wp-content\/uploads\/2024\/08\/TFR.jpg 800w, https:\/\/www.aixtrusion.de\/wp-content\/uploads\/2024\/08\/TFR-300x300.jpg 300w, https:\/\/www.aixtrusion.de\/wp-content\/uploads\/2024\/08\/TFR-150x150.jpg 150w, https:\/\/www.aixtrusion.de\/wp-content\/uploads\/2024\/08\/TFR-768x768.jpg 768w\" sizes=\"auto, (max-width: 800px) 100vw, 800px\" \/><\/figure>\n\n\n\n<div id=\"c2463\" class=\"\">\n<h3>Ihr aiXtight Experte<\/h3>\n\t<div class=\"ce-textpic ce-left ce-below\">\n\t\t<div class=\"ce-bodytext\">\n\t\t\t\t<p style=\"margin-bottom: 5px; \">Thomas Frerich <br>Tel.: +49 2932 80 55 107\n<br>eMail: <a href=\"javascript:linkTo_UnCryptMailto('kygjrm8p,ncrcpqYygvrpsqgml,bc');\" class=\"mail\"><i class=\"fa\"><\/i>t.frerich<script type=\"text\/javascript\"> obscureAddMid() <\/script>@aixtrusion<script type=\"text\/javascript\"> obscureAddEnd() <\/script>.de<\/a><\/p>\n\t\t<\/div>\n\t<\/div>\n<\/div>\n<\/div>\n<\/div>\n\n\n\n<p><\/p>\n","protected":false},"excerpt":{"rendered":"<p>Sichere Schraubenkopfauflage durch patentiertes Messverfahren&nbsp; Kamerasystem zur 100%-Pr\u00fcfung der Schraubenkopfauflage Das System f\u00fcr die sichere Schraubenkopfauflage Um Bauteile optimal mittels Schrauben zu verbinden, m\u00fcssen zahlreiche Einflussfaktoren ber\u00fccksichtigt werden. Schrauben, Bohrl\u00f6cher, als auch die Bauteile selbst, unterliegen gewissen Toleranzen. Hinzu kommen verschiedene Oberfl\u00e4chen und Materialpaarungen. Die aktuell eingesetzten Drehmoment-\/Drehwinkelgesteuerten Industrieschrauber k\u00f6nnen diese unterschiedlichen Rahmenbedingungen nur bedingt [&hellip;]<\/p>\n","protected":false},"author":1,"featured_media":0,"parent":9,"menu_order":2,"comment_status":"closed","ping_status":"closed","template":"page-with-submenu","meta":{"footnotes":"","_links_to":"","_links_to_target":""},"class_list":["post-40","page","type-page","status-publish","hentry"],"_links":{"self":[{"href":"https:\/\/www.aixtrusion.de\/de\/wp-json\/wp\/v2\/pages\/40","targetHints":{"allow":["GET"]}}],"collection":[{"href":"https:\/\/www.aixtrusion.de\/de\/wp-json\/wp\/v2\/pages"}],"about":[{"href":"https:\/\/www.aixtrusion.de\/de\/wp-json\/wp\/v2\/types\/page"}],"author":[{"embeddable":true,"href":"https:\/\/www.aixtrusion.de\/de\/wp-json\/wp\/v2\/users\/1"}],"replies":[{"embeddable":true,"href":"https:\/\/www.aixtrusion.de\/de\/wp-json\/wp\/v2\/comments?post=40"}],"version-history":[{"count":30,"href":"https:\/\/www.aixtrusion.de\/de\/wp-json\/wp\/v2\/pages\/40\/revisions"}],"predecessor-version":[{"id":1160,"href":"https:\/\/www.aixtrusion.de\/de\/wp-json\/wp\/v2\/pages\/40\/revisions\/1160"}],"up":[{"embeddable":true,"href":"https:\/\/www.aixtrusion.de\/de\/wp-json\/wp\/v2\/pages\/9"}],"wp:attachment":[{"href":"https:\/\/www.aixtrusion.de\/de\/wp-json\/wp\/v2\/media?parent=40"}],"curies":[{"name":"wp","href":"https:\/\/api.w.org\/{rel}","templated":true}]}}