{"id":42,"date":"2024-08-01T12:00:55","date_gmt":"2024-08-01T10:00:55","guid":{"rendered":"https:\/\/www.aixtrusion.de\/index.php\/produkte\/prozessanalysesystem-aix-pert\/"},"modified":"2025-03-14T07:52:18","modified_gmt":"2025-03-14T06:52:18","slug":"prozessanalysesystem-aixpert","status":"publish","type":"page","link":"https:\/\/www.aixtrusion.de\/de\/produkte\/prozessanalysesystem-aixpert\/","title":{"rendered":"Prozessanalysesystem &#8218;aiX.PERT&#8216;"},"content":{"rendered":"\n<div class=\"wp-block-media-text has-media-on-the-right is-stacked-on-mobile\" style=\"grid-template-columns:auto 25%\"><div class=\"wp-block-media-text__content\">\n<h1 class=\"wp-block-heading\">aiX.PERT<\/h1>\n\n\n\n<p>Regelung, Automatisierung und Qualit\u00e4ts\u00fcberwachung von Produktionsprozessen sind wesentliche Bestandteile des Qualit\u00e4tsmanagements. F\u00fcr diese und noch weitere Tools bietet aiXtrusion gemeinsam mit den Partnern vom&nbsp;Institut f\u00fcr Kunststoffverarbeitung IKV&nbsp;und der&nbsp;<a href=\"http:\/\/www.pixargus.com\/index.php?la=1\" target=\"_blank\" rel=\"noreferrer noopener nofollow\">Pixargus GmbH<\/a>&nbsp;ein innovatives Produkt &#8211; aiX.PERT.<\/p>\n<\/div><figure class=\"wp-block-media-text__media\"><img loading=\"lazy\" decoding=\"async\" width=\"841\" height=\"595\" src=\"https:\/\/www.aixtrusion.de\/wp-content\/uploads\/2024\/08\/produkt_aiXpert.webp\" alt=\"Prozessanalysesystem aiX.PERT\" class=\"wp-image-166 size-full\"\/><\/figure><\/div>\n\n\n\n<hr class=\"wp-block-separator has-alpha-channel-opacity is-style-wide\"\/>\n\n\n\n<div class=\"wp-block-media-text has-media-on-the-right is-stacked-on-mobile\" style=\"grid-template-columns:auto 25%\"><div class=\"wp-block-media-text__content\">\n<h2 class=\"wp-block-heading\">Informationssystem f\u00fcr die Produktion<\/h2>\n\n\n\n<p>Urspr\u00fcnglich wurde aiX.PERT zur Analyse von Kautschukprofil-Extrusionsprozessen entwickelt. Das System entfaltet seine St\u00e4rken aber auch in vielen anderen Produktionsbereichen und kann individuell angepasst werden. Wesentliche Merkmale dabei sind:<\/p>\n\n\n\n<ul class=\"wp-block-list\">\n<li>Bedienerunterst\u00fctzung des Maschinenpersonals<\/li>\n\n\n\n<li>Durchg\u00e4ngige Betriebsdatenerfassung<\/li>\n\n\n\n<li>Auswertung einzelner Chargen inkl. Berichtserstellung<\/li>\n\n\n\n<li>Vergleich der Prozessbeherrschbarkeit anhand von Kennzahlen<\/li>\n\n\n\n<li>Systematische Auswertung und Analyse von Fehlerh\u00e4ufigkeiten und -bildern<\/li>\n<\/ul>\n<\/div><figure class=\"wp-block-media-text__media\"><img loading=\"lazy\" decoding=\"async\" width=\"848\" height=\"565\" src=\"https:\/\/www.aixtrusion.de\/wp-content\/uploads\/2024\/08\/aixpert-geraetesicht.webp\" alt=\"\" class=\"wp-image-273 size-full\"\/><\/figure><\/div>\n\n\n\n<p><\/p>\n","protected":false},"excerpt":{"rendered":"<p>aiX.PERT Regelung, Automatisierung und Qualit\u00e4ts\u00fcberwachung von Produktionsprozessen sind wesentliche Bestandteile des Qualit\u00e4tsmanagements. F\u00fcr diese und noch weitere Tools bietet aiXtrusion gemeinsam mit den Partnern vom&nbsp;Institut f\u00fcr Kunststoffverarbeitung IKV&nbsp;und der&nbsp;Pixargus GmbH&nbsp;ein innovatives Produkt &#8211; aiX.PERT.<\/p>\n","protected":false},"author":1,"featured_media":0,"parent":9,"menu_order":3,"comment_status":"closed","ping_status":"closed","template":"page-with-submenu","meta":{"footnotes":"","_links_to":"","_links_to_target":""},"class_list":["post-42","page","type-page","status-publish","hentry"],"_links":{"self":[{"href":"https:\/\/www.aixtrusion.de\/de\/wp-json\/wp\/v2\/pages\/42","targetHints":{"allow":["GET"]}}],"collection":[{"href":"https:\/\/www.aixtrusion.de\/de\/wp-json\/wp\/v2\/pages"}],"about":[{"href":"https:\/\/www.aixtrusion.de\/de\/wp-json\/wp\/v2\/types\/page"}],"author":[{"embeddable":true,"href":"https:\/\/www.aixtrusion.de\/de\/wp-json\/wp\/v2\/users\/1"}],"replies":[{"embeddable":true,"href":"https:\/\/www.aixtrusion.de\/de\/wp-json\/wp\/v2\/comments?post=42"}],"version-history":[{"count":6,"href":"https:\/\/www.aixtrusion.de\/de\/wp-json\/wp\/v2\/pages\/42\/revisions"}],"predecessor-version":[{"id":771,"href":"https:\/\/www.aixtrusion.de\/de\/wp-json\/wp\/v2\/pages\/42\/revisions\/771"}],"up":[{"embeddable":true,"href":"https:\/\/www.aixtrusion.de\/de\/wp-json\/wp\/v2\/pages\/9"}],"wp:attachment":[{"href":"https:\/\/www.aixtrusion.de\/de\/wp-json\/wp\/v2\/media?parent=42"}],"curies":[{"name":"wp","href":"https:\/\/api.w.org\/{rel}","templated":true}]}}