{"id":44,"date":"2024-08-01T12:00:55","date_gmt":"2024-08-01T10:00:55","guid":{"rendered":"https:\/\/www.aixtrusion.de\/index.php\/produkte\/konfigurationswerkzeug-decon\/"},"modified":"2025-03-14T07:56:45","modified_gmt":"2025-03-14T06:56:45","slug":"konfigurationswerkzeug-decon","status":"publish","type":"page","link":"https:\/\/www.aixtrusion.de\/de\/produkte\/konfigurationswerkzeug-decon\/","title":{"rendered":"Konfigurationswerkzeug &#8218;DeCon&#8216;"},"content":{"rendered":"\n<div class=\"wp-block-media-text has-media-on-the-right is-stacked-on-mobile\" style=\"grid-template-columns:auto 25%\"><div class=\"wp-block-media-text__content\">\n<h1 class=\"wp-block-heading\">Komplexe Parametrierung von Embedded-Devices<\/h1>\n\n\n\n<p>Im Auftrag der&nbsp;<a href=\"http:\/\/www.tsl-escha.com\/\" target=\"_blank\" rel=\"noreferrer noopener nofollow\">TSL Escha<\/a>&nbsp;ist das System DeCon entstanden, mit dem komplexe Verhaltensmuster f\u00fcr Signaltaster mit mehrstimmigen Melodien und Leuchtfolgen konfiguriert und auf die Devices aufgespielt werden k\u00f6nnen.&nbsp;<\/p>\n\n\n\n<p>Zur Konfiguration und Parametrierung von Embedded-Devices ist der Device-Configurator DeCon entstanden. Besondere Merkmale sind die Plattformunabh\u00e4ngigkeit (lauff\u00e4hig unter Windows, Linux sowie MacOS) und die Unterst\u00fctzung von parallelen Parametersequenzen bspw. f\u00fcr die Konfiguration mehrstimmiger Tonsequenzen und Blink- und Aktionsabfolgen f\u00fcr komplexe, programmierbare Signalger\u00e4te.<\/p>\n<\/div><figure class=\"wp-block-media-text__media\"><img loading=\"lazy\" decoding=\"async\" width=\"744\" height=\"560\" src=\"https:\/\/www.aixtrusion.de\/wp-content\/uploads\/2024\/08\/DeCon_breiter.webp\" alt=\"Konfigurationswerkzeug\" class=\"wp-image-276 size-full\"\/><\/figure><\/div>\n\n\n\n<p><\/p>\n","protected":false},"excerpt":{"rendered":"<p>Komplexe Parametrierung von Embedded-Devices Im Auftrag der&nbsp;TSL Escha&nbsp;ist das System DeCon entstanden, mit dem komplexe Verhaltensmuster f\u00fcr Signaltaster mit mehrstimmigen Melodien und Leuchtfolgen konfiguriert und auf die Devices aufgespielt werden k\u00f6nnen.&nbsp; Zur Konfiguration und Parametrierung von Embedded-Devices ist der Device-Configurator DeCon entstanden. Besondere Merkmale sind die Plattformunabh\u00e4ngigkeit (lauff\u00e4hig unter Windows, Linux sowie MacOS) und die [&hellip;]<\/p>\n","protected":false},"author":1,"featured_media":0,"parent":9,"menu_order":4,"comment_status":"closed","ping_status":"closed","template":"page-with-submenu","meta":{"footnotes":"","_links_to":"","_links_to_target":""},"class_list":["post-44","page","type-page","status-publish","hentry"],"_links":{"self":[{"href":"https:\/\/www.aixtrusion.de\/de\/wp-json\/wp\/v2\/pages\/44","targetHints":{"allow":["GET"]}}],"collection":[{"href":"https:\/\/www.aixtrusion.de\/de\/wp-json\/wp\/v2\/pages"}],"about":[{"href":"https:\/\/www.aixtrusion.de\/de\/wp-json\/wp\/v2\/types\/page"}],"author":[{"embeddable":true,"href":"https:\/\/www.aixtrusion.de\/de\/wp-json\/wp\/v2\/users\/1"}],"replies":[{"embeddable":true,"href":"https:\/\/www.aixtrusion.de\/de\/wp-json\/wp\/v2\/comments?post=44"}],"version-history":[{"count":4,"href":"https:\/\/www.aixtrusion.de\/de\/wp-json\/wp\/v2\/pages\/44\/revisions"}],"predecessor-version":[{"id":772,"href":"https:\/\/www.aixtrusion.de\/de\/wp-json\/wp\/v2\/pages\/44\/revisions\/772"}],"up":[{"embeddable":true,"href":"https:\/\/www.aixtrusion.de\/de\/wp-json\/wp\/v2\/pages\/9"}],"wp:attachment":[{"href":"https:\/\/www.aixtrusion.de\/de\/wp-json\/wp\/v2\/media?parent=44"}],"curies":[{"name":"wp","href":"https:\/\/api.w.org\/{rel}","templated":true}]}}