{"id":46,"date":"2024-08-01T12:00:55","date_gmt":"2024-08-01T10:00:55","guid":{"rendered":"https:\/\/www.aixtrusion.de\/index.php\/produkte\/analysetool-morex\/"},"modified":"2025-03-14T07:57:36","modified_gmt":"2025-03-14T06:57:36","slug":"analysetool-morex","status":"publish","type":"page","link":"https:\/\/www.aixtrusion.de\/de\/produkte\/analysetool-morex\/","title":{"rendered":"Analysetool &#8218;MOREX&#8216;"},"content":{"rendered":"\n<div class=\"wp-block-media-text has-media-on-the-right is-stacked-on-mobile\" style=\"grid-template-columns:auto 25%\"><div class=\"wp-block-media-text__content\">\n<h1 class=\"wp-block-heading\">MOREX<\/h1>\n\n\n\n<p>Bei MOREX handelt es sich um ein Programm zur Analyse von Aufbereitungsprozessen in gleichsinnig drehenden, dichtk\u00e4mmenden Doppelschneckenextrudern. Es ist auf jedem Windows-PC lauff\u00e4hig. Mit wenigen Maschinen- und Materialdaten ist der Anwender in der Lage, den Prozess auszulegen und eine Optimierung vorzunehmen.<\/p>\n\n\n\n<p>Die Ergebnisse werden in drei Ausgabefenstern dargestellt. Als Ergebnisse werden folgende Gr\u00f6\u00dfen \u00fcber dem Ort entlang der Schneckenachse ausgegeben:<\/p>\n\n\n\n<ul class=\"wp-block-list\">\n<li>F\u00fcllgrad<\/li>\n\n\n\n<li>Massetemperatur<\/li>\n\n\n\n<li>Umsatz (bei reaktiven Systemen)<\/li>\n\n\n\n<li>Schmelzedruck (bei Vollf\u00fcllung)<\/li>\n\n\n\n<li>aktuelle Viskosit\u00e4t<\/li>\n\n\n\n<li>dissipierte Energien in Zwickel- und Radialspalt sowie dem Schneckenkanal<\/li>\n\n\n\n<li>\u00fcber Zylinderwand ausgetauschte Heiz- bzw. K\u00fchlleistung<\/li>\n<\/ul>\n\n\n\n<p>Alle diese Gr\u00f6\u00dfen sowie die verwendete Schnecke werden grafisch dargestellt.<\/p>\n<\/div><figure class=\"wp-block-media-text__media\"><img loading=\"lazy\" decoding=\"async\" width=\"889\" height=\"716\" src=\"https:\/\/www.aixtrusion.de\/wp-content\/uploads\/2024\/08\/MOREX.webp\" alt=\"Analysetool 'MOREX'\" class=\"wp-image-259 size-full\"\/><\/figure><\/div>\n","protected":false},"excerpt":{"rendered":"","protected":false},"author":1,"featured_media":0,"parent":9,"menu_order":5,"comment_status":"closed","ping_status":"closed","template":"page-with-submenu","meta":{"footnotes":"","_links_to":"","_links_to_target":""},"class_list":["post-46","page","type-page","status-publish","hentry"],"_links":{"self":[{"href":"https:\/\/www.aixtrusion.de\/de\/wp-json\/wp\/v2\/pages\/46","targetHints":{"allow":["GET"]}}],"collection":[{"href":"https:\/\/www.aixtrusion.de\/de\/wp-json\/wp\/v2\/pages"}],"about":[{"href":"https:\/\/www.aixtrusion.de\/de\/wp-json\/wp\/v2\/types\/page"}],"author":[{"embeddable":true,"href":"https:\/\/www.aixtrusion.de\/de\/wp-json\/wp\/v2\/users\/1"}],"replies":[{"embeddable":true,"href":"https:\/\/www.aixtrusion.de\/de\/wp-json\/wp\/v2\/comments?post=46"}],"version-history":[{"count":4,"href":"https:\/\/www.aixtrusion.de\/de\/wp-json\/wp\/v2\/pages\/46\/revisions"}],"predecessor-version":[{"id":773,"href":"https:\/\/www.aixtrusion.de\/de\/wp-json\/wp\/v2\/pages\/46\/revisions\/773"}],"up":[{"embeddable":true,"href":"https:\/\/www.aixtrusion.de\/de\/wp-json\/wp\/v2\/pages\/9"}],"wp:attachment":[{"href":"https:\/\/www.aixtrusion.de\/de\/wp-json\/wp\/v2\/media?parent=46"}],"curies":[{"name":"wp","href":"https:\/\/api.w.org\/{rel}","templated":true}]}}