{"id":48,"date":"2024-08-01T12:00:55","date_gmt":"2024-08-01T10:00:55","guid":{"rendered":"https:\/\/www.aixtrusion.de\/index.php\/produkte\/auslegungsprogramm-vertigo\/"},"modified":"2025-03-14T07:58:47","modified_gmt":"2025-03-14T06:58:47","slug":"auslegungsprogramm-vertigo","status":"publish","type":"page","link":"https:\/\/www.aixtrusion.de\/de\/produkte\/auslegungsprogramm-vertigo\/","title":{"rendered":"Auslegungsprogramm &#8218;Vertigo&#8216;"},"content":{"rendered":"\n<div class=\"wp-block-media-text has-media-on-the-right is-stacked-on-mobile\" style=\"grid-template-columns:auto 25%\"><div class=\"wp-block-media-text__content\">\n<h1 class=\"wp-block-heading\">Vertigo<\/h1>\n\n\n\n<p>Vertigo ist ein Programm zur numerischen Auslegung und Nachrechnung des Betriebsverhaltens von Schmelzeverteilersystemen, wie<\/p>\n\n\n\n<ul class=\"wp-block-list\">\n<li>T-Verteiler,<\/li>\n\n\n\n<li>Fischschwanz- und<\/li>\n\n\n\n<li>Kleiderb\u00fcgelverteiler.<\/li>\n<\/ul>\n\n\n\n<p>Dabei k\u00f6nnen sowohl ebene Verteilersysteme als auch auf einen Dorn bzw. einen Kegelstumpf aufgewickelte Verteilersysteme (Pinolen) betrachtet werden.<\/p>\n\n\n\n<p>In dem Modul VERTIGO wird der Str\u00f6mungszustand in dem Schmelzeverteiler durch ein Widerstandsnetzwerk berechnet. Dabei wird die Werkzeuggeometrie in Segmente zerlegt und jedem Segment aufgrund der Geometrie und der Materialdaten ein Widerstand zugeordnet. Mit diesem elektrischen Analogiemodell lassen sich dann Geometrie- und Betriebspunkteinfl\u00fcsse charakterisieren.<\/p>\n\n\n\n<p>In einem Projektfenster werden alle Auslegungen einer D\u00fcse und den jeweiligen Nachrechnungen in einer Baumstruktur verwaltet. Der Anwender erh\u00e4lt so einen guten \u00dcberblick \u00fcber die einzelnen Optimierungsschritte. Eine D\u00fcsenauslegung wird hierdurch sehr effizient gestaltet.<\/p>\n\n\n\n<p>Alle f\u00fcr die Auslegung wichtigen Werkzeuggrunddaten werden \u00fcbersichtlich in einem Fenster eingegeben. Mit VERTIGO k\u00f6nnen Auslegungsrechnungen f\u00fcr die Verteilersysteme<\/p>\n\n\n\n<ul class=\"wp-block-list\">\n<li>&#8222;korrigierter Fischschwanz&#8220;,<\/li>\n\n\n\n<li>&#8222;Kleiderb\u00fcgel abh\u00e4ngig&#8220; sowie<\/li>\n\n\n\n<li>&#8222;Kleiderb\u00fcgel unabh\u00e4ngig&#8220;<\/li>\n<\/ul>\n\n\n\n<p>ausgef\u00fchrt werden. Die Ergebnisse werden in einem Geometriedatenfenster dargestellt.<\/p>\n\n\n\n<p>Zus\u00e4tzlich erfolgt eine grafische Darstellung des Verteilerkanalverlaufs sowie der Verteilerkanaltiefe. Durch Auswahl unterschiedlicher Auslegungen ist ein direkter Vergleich der verschiedenen Berechnungen m\u00f6glich. Um die Druckverluste in den unterschiedlichen Verteilerkanalformen wie Schlitz, Tropfen und Wappen an den konkret vorliegenden Anwendungsfall anpassen zu k\u00f6nnen, bietet VERTIGO die M\u00f6glichkeit der Eingabe einer eigenen oder die Verwendung bereits implementierter Approximationsfunktionen.<\/p>\n\n\n\n<p>Nach Abschluss der geometrischen Auslegung erfolgt die Nachrechnung, d.h. die Simulation des Flie\u00dfverhaltens durch das berechnete Verteilersystem. Anschlie\u00dfend werden zu dieser Auslegung mehrere Nachrechnungen unter Variation des Betriebspunktes des Materials &nbsp;durchgef\u00fchrt. Dadurch k\u00f6nnen das geforderte Prozessfenster sowie die wenn eine D\u00fcse zur Verarbeitung verschiedener Materialien verwendet werden soll.<\/p>\n\n\n\n<p>Wichtigstes Ergebnis ist hierbei die Volumenstromverteilung am Werkzeugaustritt. Durch die farblich unterschiedliche Darstellung ist ein direkter Vergleich der Berechnungsergebnisse m\u00f6glich. Ferner werden der Druckverlust, die Verweilzeit und die Scherdeformation in dem Schmelzeverteilersystem grafisch als auch tabellarisch dargestellt.<\/p>\n<\/div><figure class=\"wp-block-media-text__media\"><img loading=\"lazy\" decoding=\"async\" width=\"962\" height=\"717\" src=\"https:\/\/www.aixtrusion.de\/wp-content\/uploads\/2024\/08\/vertigo_01.webp\" alt=\"Auslegungsprogramm 'Vertigo'\" class=\"wp-image-260 size-full\"\/><\/figure><\/div>\n\n\n\n<p><\/p>\n","protected":false},"excerpt":{"rendered":"","protected":false},"author":1,"featured_media":0,"parent":9,"menu_order":6,"comment_status":"closed","ping_status":"closed","template":"page-with-submenu","meta":{"footnotes":"","_links_to":"","_links_to_target":""},"class_list":["post-48","page","type-page","status-publish","hentry"],"_links":{"self":[{"href":"https:\/\/www.aixtrusion.de\/de\/wp-json\/wp\/v2\/pages\/48","targetHints":{"allow":["GET"]}}],"collection":[{"href":"https:\/\/www.aixtrusion.de\/de\/wp-json\/wp\/v2\/pages"}],"about":[{"href":"https:\/\/www.aixtrusion.de\/de\/wp-json\/wp\/v2\/types\/page"}],"author":[{"embeddable":true,"href":"https:\/\/www.aixtrusion.de\/de\/wp-json\/wp\/v2\/users\/1"}],"replies":[{"embeddable":true,"href":"https:\/\/www.aixtrusion.de\/de\/wp-json\/wp\/v2\/comments?post=48"}],"version-history":[{"count":4,"href":"https:\/\/www.aixtrusion.de\/de\/wp-json\/wp\/v2\/pages\/48\/revisions"}],"predecessor-version":[{"id":774,"href":"https:\/\/www.aixtrusion.de\/de\/wp-json\/wp\/v2\/pages\/48\/revisions\/774"}],"up":[{"embeddable":true,"href":"https:\/\/www.aixtrusion.de\/de\/wp-json\/wp\/v2\/pages\/9"}],"wp:attachment":[{"href":"https:\/\/www.aixtrusion.de\/de\/wp-json\/wp\/v2\/media?parent=48"}],"curies":[{"name":"wp","href":"https:\/\/api.w.org\/{rel}","templated":true}]}}