{"id":50,"date":"2024-08-01T12:00:55","date_gmt":"2024-08-01T10:00:55","guid":{"rendered":"https:\/\/www.aixtrusion.de\/index.php\/produkte\/berechnungsprogramm-wenverti\/"},"modified":"2025-03-14T07:59:51","modified_gmt":"2025-03-14T06:59:51","slug":"berechnungsprogramm-wenverti","status":"publish","type":"page","link":"https:\/\/www.aixtrusion.de\/de\/produkte\/berechnungsprogramm-wenverti\/","title":{"rendered":"Berechnungsprogramm &#8218;WenVerti&#8216;"},"content":{"rendered":"\n<div class=\"wp-block-media-text has-media-on-the-right is-stacked-on-mobile\" style=\"grid-template-columns:auto 25%\"><div class=\"wp-block-media-text__content\">\n<h1 class=\"wp-block-heading\">WenVerti<\/h1>\n\n\n\n<p>WenVerti f\u00fcr Windows ist ein Programm zur Berechnung der Polymerschmelzestr\u00f6mung in axialen und radialen Wendelverteilern, Verwischgewinden bzw. Dralldornen. Wichtige Kenngr\u00f6\u00dfen dieser Werkzeuge sind u.a. die Volumenstromverteilung im Werkzeugaustritt, der Leckvolumenstrom und der Druckverbrauch.<\/p>\n\n\n\n<p>Die Berechnung des Str\u00f6mungszustands erfolgt dabei mit Hilfe der Kontrollvolumenstrommethode (&#8222;Netzwerktheorie&#8220;). Bei diesem Berechnungsmodell wird der Flie\u00dfkanal in einzelne Segmente unterteilt, wobei die einzelnen Segmente als einfache Geometrien (Rohr, Schlitz) aufgefa\u00dft werden, sodass der rheologische Widerstand dieser Segmente analytisch ermittelt werden kann. In Analogie zur Netzwerktheorie in der Elektrotechnik bilden die Segmente somit ein Widerstandsnetzwerk.<\/p>\n\n\n\n<p>Die Leistungsmerkmale des Programms im \u00dcberblick:<\/p>\n\n\n\n<ul class=\"wp-block-list\">\n<li>Grafische Darstellung von Kennwerten entlang der Wendel\n<ul class=\"wp-block-list\">\n<li>Druck<\/li>\n\n\n\n<li>Leck- und Schlitzvolumenstrom<\/li>\n\n\n\n<li>Schergeschwindigkeiten in Wendel und Schlitz<\/li>\n\n\n\n<li>Wandschubspannungen in Wendel und Schlitz<\/li>\n\n\n\n<li>Verweilzeit und -Verteilung<\/li>\n\n\n\n<li>Scherdeformation<\/li>\n<\/ul>\n<\/li>\n\n\n\n<li>Grafische Darstellung von Kennwerten im Austrittsspalt\n<ul class=\"wp-block-list\">\n<li>Volumenstrom<\/li>\n\n\n\n<li>Verweilzeit<\/li>\n\n\n\n<li>Scherdeformation<\/li>\n<\/ul>\n<\/li>\n<\/ul>\n\n\n\n<p>Kurze Berechnungszeiten von wenigen Sekunden erm\u00f6glichen Parametervariationen innerhalb kurzer Zeit.<\/p>\n<\/div><figure class=\"wp-block-media-text__media\"><img loading=\"lazy\" decoding=\"async\" width=\"889\" height=\"716\" src=\"https:\/\/www.aixtrusion.de\/wp-content\/uploads\/2024\/08\/wenverti.webp\" alt=\"Berechnungsprogramm 'WenVerti'\" class=\"wp-image-261 size-full\"\/><\/figure><\/div>\n","protected":false},"excerpt":{"rendered":"","protected":false},"author":1,"featured_media":0,"parent":9,"menu_order":7,"comment_status":"closed","ping_status":"closed","template":"page-with-submenu","meta":{"footnotes":"","_links_to":"","_links_to_target":""},"class_list":["post-50","page","type-page","status-publish","hentry"],"_links":{"self":[{"href":"https:\/\/www.aixtrusion.de\/de\/wp-json\/wp\/v2\/pages\/50","targetHints":{"allow":["GET"]}}],"collection":[{"href":"https:\/\/www.aixtrusion.de\/de\/wp-json\/wp\/v2\/pages"}],"about":[{"href":"https:\/\/www.aixtrusion.de\/de\/wp-json\/wp\/v2\/types\/page"}],"author":[{"embeddable":true,"href":"https:\/\/www.aixtrusion.de\/de\/wp-json\/wp\/v2\/users\/1"}],"replies":[{"embeddable":true,"href":"https:\/\/www.aixtrusion.de\/de\/wp-json\/wp\/v2\/comments?post=50"}],"version-history":[{"count":4,"href":"https:\/\/www.aixtrusion.de\/de\/wp-json\/wp\/v2\/pages\/50\/revisions"}],"predecessor-version":[{"id":775,"href":"https:\/\/www.aixtrusion.de\/de\/wp-json\/wp\/v2\/pages\/50\/revisions\/775"}],"up":[{"embeddable":true,"href":"https:\/\/www.aixtrusion.de\/de\/wp-json\/wp\/v2\/pages\/9"}],"wp:attachment":[{"href":"https:\/\/www.aixtrusion.de\/de\/wp-json\/wp\/v2\/media?parent=50"}],"curies":[{"name":"wp","href":"https:\/\/api.w.org\/{rel}","templated":true}]}}