{"id":52,"date":"2024-08-01T12:00:55","date_gmt":"2024-08-01T10:00:55","guid":{"rendered":"https:\/\/www.aixtrusion.de\/index.php\/produkte\/simulationsprogramm-sheetcoolaix\/"},"modified":"2025-03-14T08:01:11","modified_gmt":"2025-03-14T07:01:11","slug":"simulationsprogramm-sheetcoolaix","status":"publish","type":"page","link":"https:\/\/www.aixtrusion.de\/de\/produkte\/simulationsprogramm-sheetcoolaix\/","title":{"rendered":"Simulationsprogramm &#8218;SheetCoolAix&#8216;"},"content":{"rendered":"\n<div class=\"wp-block-media-text has-media-on-the-right is-stacked-on-mobile\" style=\"grid-template-columns:auto 25%\"><div class=\"wp-block-media-text__content\">\n<h1 class=\"wp-block-heading\">Folien- und Plattenextrusion &#8211; Simulation der Abk\u00fchlung<\/h1>\n\n\n\n<p>Das Simulationsprogramm Sheet CoolAix berechnet die Abk\u00fchlung einer Folie oder einer Platte w\u00e4hrend des Extrusionsprozesses. Als Ergebnisse liegen die Temperaturverteilung entlang des Weges als auch \u00fcber die Dicke vor. Anhand der Temperaturverteilung lassen sich die optimalen Maschineneinstellg\u00f6\u00dfen (z.B. Walzentemperaturen) ermitteln.&nbsp;<\/p>\n\n\n\n<p>Die Berechnungsergebnisse von SheetCoolAix sind:<\/p>\n\n\n\n<ul class=\"wp-block-list\">\n<li>die Temperaturverteilung \u00fcber der Dicke der Folie bzw. Platte und<\/li>\n\n\n\n<li>die Temperaturverteilung L\u00e4ngs des Weges durch die Extrusionslinie,<\/li>\n\n\n\n<li>die W\u00e4rmemenge, die von dem Kunststoff an die Walzen und<\/li>\n\n\n\n<li>die W\u00e4rmemenge, die an den Raum abgegeben wird.<\/li>\n<\/ul>\n\n\n\n<p>Als Randbedingungen werden ben\u00f6tigt:&nbsp;<\/p>\n\n\n\n<ul class=\"wp-block-list\">\n<li>Thermischen Stoffdaten des Werkstoffs,<\/li>\n\n\n\n<li>Anlagengeometrie und<\/li>\n\n\n\n<li>Maschineneinstellgr\u00f6\u00dfen.<\/li>\n<\/ul>\n\n\n\n<p>Die Eingabe der Anlagengeometrie wird in Form einer grafischen Darstellung visualisiert. Die Rechenzeit betr\u00e4gt auf einem handels\u00fcblichen PC wenige Sekunden. Die Bedienung des Programms ist aufgrund der Oberfl\u00e4che, die auf Windows Standarddialogen basiert, intuitiv, einfach und komfortabel.<\/p>\n<\/div><figure class=\"wp-block-media-text__media\"><img loading=\"lazy\" decoding=\"async\" width=\"889\" height=\"716\" src=\"https:\/\/www.aixtrusion.de\/wp-content\/uploads\/2024\/08\/SheetCoolAix.webp\" alt=\"Simulationsprogramm 'SheetCoolAix'\" class=\"wp-image-282 size-full\"\/><\/figure><\/div>\n","protected":false},"excerpt":{"rendered":"","protected":false},"author":1,"featured_media":0,"parent":9,"menu_order":8,"comment_status":"closed","ping_status":"closed","template":"page-with-submenu","meta":{"footnotes":"","_links_to":"","_links_to_target":""},"class_list":["post-52","page","type-page","status-publish","hentry"],"_links":{"self":[{"href":"https:\/\/www.aixtrusion.de\/de\/wp-json\/wp\/v2\/pages\/52","targetHints":{"allow":["GET"]}}],"collection":[{"href":"https:\/\/www.aixtrusion.de\/de\/wp-json\/wp\/v2\/pages"}],"about":[{"href":"https:\/\/www.aixtrusion.de\/de\/wp-json\/wp\/v2\/types\/page"}],"author":[{"embeddable":true,"href":"https:\/\/www.aixtrusion.de\/de\/wp-json\/wp\/v2\/users\/1"}],"replies":[{"embeddable":true,"href":"https:\/\/www.aixtrusion.de\/de\/wp-json\/wp\/v2\/comments?post=52"}],"version-history":[{"count":4,"href":"https:\/\/www.aixtrusion.de\/de\/wp-json\/wp\/v2\/pages\/52\/revisions"}],"predecessor-version":[{"id":776,"href":"https:\/\/www.aixtrusion.de\/de\/wp-json\/wp\/v2\/pages\/52\/revisions\/776"}],"up":[{"embeddable":true,"href":"https:\/\/www.aixtrusion.de\/de\/wp-json\/wp\/v2\/pages\/9"}],"wp:attachment":[{"href":"https:\/\/www.aixtrusion.de\/de\/wp-json\/wp\/v2\/media?parent=52"}],"curies":[{"name":"wp","href":"https:\/\/api.w.org\/{rel}","templated":true}]}}