{"id":54,"date":"2024-08-01T12:02:06","date_gmt":"2024-08-01T10:02:06","guid":{"rendered":"https:\/\/www.aixtrusion.de\/index.php\/unternehmen\/geschaeftsfuehrung\/"},"modified":"2025-10-06T09:15:23","modified_gmt":"2025-10-06T07:15:23","slug":"geschaeftsfuehrung","status":"publish","type":"page","link":"https:\/\/www.aixtrusion.de\/de\/unternehmen\/geschaeftsfuehrung\/","title":{"rendered":"Gesch\u00e4ftsf\u00fchrung"},"content":{"rendered":"\n<div class=\"wp-block-columns is-layout-flex wp-container-core-columns-is-layout-28f84493 wp-block-columns-is-layout-flex\">\n<div class=\"wp-block-column is-layout-flow wp-block-column-is-layout-flow\" style=\"flex-basis:75%\">\n<h1 class=\"wp-block-heading\">Gesch\u00e4ftsf\u00fchrung<\/h1>\n\n\n\n<p><strong><mark style=\"background-color:rgba(0, 0, 0, 0);color:#c30017\" class=\"has-inline-color\">Axel Schl\u00fcter<\/mark><\/strong>&nbsp;absolvierte ein Studium der Elektrotechnik an der Universit\u00e4t GH Paderborn am Standort in Meschede. Anschlie\u00dfend schloss er erfolgreich ein Studium zum technischen Betriebswirt an der Fachhochschule S\u00fcdwestfalen ab. Nach Stationen als Hard- und Software-Entwicklungsingenieur bei der Werner Turck GmbH und der BHTC GmbH stieg Axel Schl\u00fcter 2008 als Gesellschafter in die aiXtrusion GmbH ein und ist seitdem f\u00fcr die Elektronik-Hardwareentwicklung verantwortlich.<\/p>\n\n\n\n<p><strong><mark style=\"background-color:rgba(0, 0, 0, 0);color:#c30017\" class=\"has-inline-color\">Marcus Schl\u00fcter<\/mark><\/strong>&nbsp;studierte Maschinenbau an der RWTH Aachen und war anschlie\u00dfend mehrere Jahre als Wissenschaftlicher Mitarbeiter beim Institut f\u00fcr Kunststoffverarbeitung (IKV) t\u00e4tig. Von 2003-2005 arbeitete er als Senior Researcher am Fraunhofer-Institut f\u00fcr Angewandte Informationstechnik. Parallel gr\u00fcndete er 2004 gemeinsam mit Dr.-Ing. Eduard Bergweiler die aiXtrusion GmbH.<\/p>\n<\/div>\n\n\n\n<div class=\"wp-block-column is-layout-flow wp-block-column-is-layout-flow\" style=\"flex-basis:25%\">\n<figure class=\"wp-block-image size-full\"><img loading=\"lazy\" decoding=\"async\" width=\"1920\" height=\"1280\" src=\"https:\/\/www.aixtrusion.de\/wp-content\/uploads\/2024\/08\/aiXtrusion_06.webp\" alt=\"Gesch\u00e4ftsf\u00fchrung der aiXtrusion GmbH\" class=\"wp-image-303\"\/><figcaption class=\"wp-element-caption\">Dipl.-Ing. Dipl.-Wirt.-Ing. Axel Schl\u00fcter und Dr.-Ing. Marcus Schl\u00fcter<\/figcaption><\/figure>\n<\/div>\n<\/div>\n\n\n\n<div style=\"height:100px\" aria-hidden=\"true\" class=\"wp-block-spacer\"><\/div>\n\n\n\n<p>Sehen Sie auch:<\/p>\n\n\n\n<div class=\"wp-block-buttons is-layout-flex wp-block-buttons-is-layout-flex\">\n<div class=\"wp-block-button\"><a class=\"wp-block-button__link wp-element-button\" href=\"\/unternehmen\/kompetenzen\/\">Kompetenzen<\/a><\/div>\n\n\n\n<div class=\"wp-block-button\"><a class=\"wp-block-button__link wp-element-button\" href=\"\/unternehmen\/partner\/\">Unsere Partner<\/a><\/div>\n\n\n\n<div class=\"wp-block-button\"><a class=\"wp-block-button__link wp-element-button\" href=\"\/unternehmen\/philosophie\">Philosophie<\/a><\/div>\n\n\n\n<div class=\"wp-block-button\"><a class=\"wp-block-button__link wp-element-button\" href=\"\/unternehmen\/projektmanagement\/\">Projektmanagement<\/a><\/div>\n\n\n\n<div class=\"wp-block-button is-style-outline is-style-outline--1\"><a class=\"wp-block-button__link wp-element-button\" href=\"\/unternehmen\/karriere\/\">Karriere<\/a><\/div>\n<\/div>\n\n\n\n<p><\/p>\n","protected":false},"excerpt":{"rendered":"<p>Gesch\u00e4ftsf\u00fchrung Axel Schl\u00fcter&nbsp;absolvierte ein Studium der Elektrotechnik an der Universit\u00e4t GH Paderborn am Standort in Meschede. Anschlie\u00dfend schloss er erfolgreich ein Studium zum technischen Betriebswirt an der Fachhochschule S\u00fcdwestfalen ab. Nach Stationen als Hard- und Software-Entwicklungsingenieur bei der Werner Turck GmbH und der BHTC GmbH stieg Axel Schl\u00fcter 2008 als Gesellschafter in die aiXtrusion GmbH [&hellip;]<\/p>\n","protected":false},"author":1,"featured_media":0,"parent":11,"menu_order":0,"comment_status":"closed","ping_status":"closed","template":"page-with-submenu","meta":{"footnotes":"","_links_to":"","_links_to_target":""},"class_list":["post-54","page","type-page","status-publish","hentry"],"_links":{"self":[{"href":"https:\/\/www.aixtrusion.de\/de\/wp-json\/wp\/v2\/pages\/54","targetHints":{"allow":["GET"]}}],"collection":[{"href":"https:\/\/www.aixtrusion.de\/de\/wp-json\/wp\/v2\/pages"}],"about":[{"href":"https:\/\/www.aixtrusion.de\/de\/wp-json\/wp\/v2\/types\/page"}],"author":[{"embeddable":true,"href":"https:\/\/www.aixtrusion.de\/de\/wp-json\/wp\/v2\/users\/1"}],"replies":[{"embeddable":true,"href":"https:\/\/www.aixtrusion.de\/de\/wp-json\/wp\/v2\/comments?post=54"}],"version-history":[{"count":9,"href":"https:\/\/www.aixtrusion.de\/de\/wp-json\/wp\/v2\/pages\/54\/revisions"}],"predecessor-version":[{"id":946,"href":"https:\/\/www.aixtrusion.de\/de\/wp-json\/wp\/v2\/pages\/54\/revisions\/946"}],"up":[{"embeddable":true,"href":"https:\/\/www.aixtrusion.de\/de\/wp-json\/wp\/v2\/pages\/11"}],"wp:attachment":[{"href":"https:\/\/www.aixtrusion.de\/de\/wp-json\/wp\/v2\/media?parent=54"}],"curies":[{"name":"wp","href":"https:\/\/api.w.org\/{rel}","templated":true}]}}