{"id":56,"date":"2024-08-01T12:02:06","date_gmt":"2024-08-01T10:02:06","guid":{"rendered":"https:\/\/www.aixtrusion.de\/index.php\/unternehmen\/kompetenzen\/"},"modified":"2024-08-13T17:50:46","modified_gmt":"2024-08-13T15:50:46","slug":"kompetenzen","status":"publish","type":"page","link":"https:\/\/www.aixtrusion.de\/de\/unternehmen\/kompetenzen\/","title":{"rendered":"Kompetenzen"},"content":{"rendered":"\n<h1 class=\"wp-block-heading\">Kompetenzen<\/h1>\n\n\n\n<p>Ob Sie Ihre Pr\u00fcfprozesse und deren Dokumentation strukturieren und vereinfachen, Bedienelemente anpassen wollen, Interfaces in Ihre Produkte integrieren oder Automatisierungsl\u00f6sungen f\u00fcr Ihren Maschinenpark realisieren m\u00f6chten: aiXtrusion ist Ihr Spezialist f\u00fcr innovative Komplettl\u00f6sungen \u2013 immer mit dem Blick auf das gesamte Engineering entlang Ihrer Wertsch\u00f6pfungsketten.<\/p>\n\n\n\n<p>Technologisch, methodisch und organisatorisch sind wir immer auf dem neuesten Stand und bieten Ihnen hochwertige, ganzheitliche Probleml\u00f6sungen mit hoher Projektkompetenz, gehen individuell und schnell auf Ihre W\u00fcnsche ein und sind da, wenn Sie uns brauchen.<\/p>\n\n\n\n<p>Das garantiert Ihnen eine pr\u00e4zise und an Ihre Anforderungen orientierte Umsetzung von Projekten.&nbsp;<\/p>\n\n\n\n<p>F\u00fcr unsere Kunden arbeiten wir in den jeweils geforderten Vorgehensweisen. Wir sind im Qualit\u00e4tsmanagements nach DIN EN ISO 9001:2015 zertifiziert. Damit stellen wir sicher, dass wir in jedem Bereich unseres Unternehmens qualit\u00e4tsorientiert denken und handeln. Wichtige Prozessabl\u00e4ufe werden so durchleuchtet und st\u00e4ndig optimiert. Im Bereich der Entwicklung von Medizinprodukten halten wir uns an DIN ISO 13485 unter Anwendung der IEC 62304.<\/p>\n\n\n\n<h5 class=\"wp-block-heading\">Das aiXtrusion-Team<\/h5>\n\n\n\n<div class=\"wp-block-buttons is-layout-flex wp-block-buttons-is-layout-flex\">\n<div class=\"wp-block-button is-style-fill\"><a class=\"wp-block-button__link wp-element-button\" href=\"\/unternehmen\/kompetenzen\/das-aixtrusion-team\/\">Unsere Mitarbeiter<\/a><\/div>\n<\/div>\n\n\n\n<div style=\"height:24px\" aria-hidden=\"true\" class=\"wp-block-spacer\"><\/div>\n\n\n\n<p>Sehen Sie auch:<\/p>\n\n\n\n<div class=\"wp-block-buttons is-layout-flex wp-block-buttons-is-layout-flex\">\n<div class=\"wp-block-button is-style-outline is-style-outline--1\"><a class=\"wp-block-button__link wp-element-button\" href=\"\/leistungen\/embedded-systems\/\">Embedded Systems<\/a><\/div>\n\n\n\n<div class=\"wp-block-button is-style-outline is-style-outline--2\"><a class=\"wp-block-button__link wp-element-button\" href=\"\/leistungen\/industrie-40-automation\/automatisierungstechnik\/\">Automatisierungstechnik<\/a><\/div>\n<\/div>\n\n\n\n<p><\/p>\n","protected":false},"excerpt":{"rendered":"<p>Kompetenzen Ob Sie Ihre Pr\u00fcfprozesse und deren Dokumentation strukturieren und vereinfachen, Bedienelemente anpassen wollen, Interfaces in Ihre Produkte integrieren oder Automatisierungsl\u00f6sungen f\u00fcr Ihren Maschinenpark realisieren m\u00f6chten: aiXtrusion ist Ihr Spezialist f\u00fcr innovative Komplettl\u00f6sungen \u2013 immer mit dem Blick auf das gesamte Engineering entlang Ihrer Wertsch\u00f6pfungsketten. Technologisch, methodisch und organisatorisch sind wir immer auf dem neuesten [&hellip;]<\/p>\n","protected":false},"author":1,"featured_media":0,"parent":11,"menu_order":1,"comment_status":"closed","ping_status":"closed","template":"page-with-submenu","meta":{"footnotes":"","_links_to":"","_links_to_target":""},"class_list":["post-56","page","type-page","status-publish","hentry"],"_links":{"self":[{"href":"https:\/\/www.aixtrusion.de\/de\/wp-json\/wp\/v2\/pages\/56","targetHints":{"allow":["GET"]}}],"collection":[{"href":"https:\/\/www.aixtrusion.de\/de\/wp-json\/wp\/v2\/pages"}],"about":[{"href":"https:\/\/www.aixtrusion.de\/de\/wp-json\/wp\/v2\/types\/page"}],"author":[{"embeddable":true,"href":"https:\/\/www.aixtrusion.de\/de\/wp-json\/wp\/v2\/users\/1"}],"replies":[{"embeddable":true,"href":"https:\/\/www.aixtrusion.de\/de\/wp-json\/wp\/v2\/comments?post=56"}],"version-history":[{"count":3,"href":"https:\/\/www.aixtrusion.de\/de\/wp-json\/wp\/v2\/pages\/56\/revisions"}],"predecessor-version":[{"id":520,"href":"https:\/\/www.aixtrusion.de\/de\/wp-json\/wp\/v2\/pages\/56\/revisions\/520"}],"up":[{"embeddable":true,"href":"https:\/\/www.aixtrusion.de\/de\/wp-json\/wp\/v2\/pages\/11"}],"wp:attachment":[{"href":"https:\/\/www.aixtrusion.de\/de\/wp-json\/wp\/v2\/media?parent=56"}],"curies":[{"name":"wp","href":"https:\/\/api.w.org\/{rel}","templated":true}]}}