{"id":563,"date":"2024-08-13T22:02:40","date_gmt":"2024-08-13T20:02:40","guid":{"rendered":"https:\/\/www.aixtrusion.de\/kontakt\/lob-und-kritik\/"},"modified":"2025-02-14T13:46:22","modified_gmt":"2025-02-14T12:46:22","slug":"lob-und-kritik","status":"publish","type":"page","link":"https:\/\/www.aixtrusion.de\/de\/kontakt\/lob-und-kritik\/","title":{"rendered":"Lob und Kritik"},"content":{"rendered":"\n<h1 class=\"wp-block-heading\">Lob und Kritik<\/h1>\n\n\n\n<p>Wir bem\u00fchen uns stets noch besser zu werden und unsere Leistungen und Angebote weiter zu optimieren. Daher ist es f\u00fcr uns ganz besonders wichtig zu erfahren, was Sie \u00fcber uns denken und wie Ihnen Ihr Aufenthalt auf unserer Webseite gefallen hat. Teilen Sie uns also Ihr Lob oder Ihre Kritik mit. F\u00fcllen Sie dazu einfach das nachfolgende Formular aus. Wir nehmen Ihre Anregungen und Meinungen sehr ernst und bedanken uns schon jetzt f\u00fcr die Zeit, die Sie sich nehmen, um uns Ihren Eindruck mitzuteilen.<\/p>\n\n\n\n<div class=\"wp-block-contact-form-7-contact-form-selector\">\n<div class=\"wpcf7 no-js\" id=\"wpcf7-f721-o1\" lang=\"de-DE\" dir=\"ltr\" data-wpcf7-id=\"721\">\n<div class=\"screen-reader-response\"><p role=\"status\" aria-live=\"polite\" aria-atomic=\"true\"><\/p> <ul><\/ul><\/div>\n<form action=\"\/de\/wp-json\/wp\/v2\/pages\/563#wpcf7-f721-o1\" method=\"post\" class=\"wpcf7-form init\" aria-label=\"Kontaktformular\" novalidate=\"novalidate\" data-status=\"init\">\n<fieldset class=\"hidden-fields-container\"><input type=\"hidden\" name=\"_wpcf7\" value=\"721\" \/><input type=\"hidden\" name=\"_wpcf7_version\" value=\"6.1.5\" \/><input type=\"hidden\" name=\"_wpcf7_locale\" value=\"de_DE\" \/><input type=\"hidden\" name=\"_wpcf7_unit_tag\" value=\"wpcf7-f721-o1\" \/><input type=\"hidden\" name=\"_wpcf7_container_post\" value=\"0\" \/><input type=\"hidden\" name=\"_wpcf7_posted_data_hash\" value=\"\" \/>\n<\/fieldset>\n<p><label> Name<br \/>\n<span class=\"wpcf7-form-control-wrap\" data-name=\"text-377\"><input size=\"40\" maxlength=\"400\" class=\"wpcf7-form-control wpcf7-text wpcf7-validates-as-required\" aria-required=\"true\" aria-invalid=\"false\" placeholder=\"Max Mustermann\" value=\"\" type=\"text\" name=\"text-377\" \/><\/span> <\/label>\n<\/p>\n<p><label> E-Mail<br \/>\n<span class=\"wpcf7-form-control-wrap\" data-name=\"email-556\"><input size=\"40\" maxlength=\"400\" class=\"wpcf7-form-control wpcf7-email wpcf7-validates-as-required wpcf7-text wpcf7-validates-as-email\" aria-required=\"true\" aria-invalid=\"false\" placeholder=\"max_mustermann@mail.de\" value=\"\" type=\"email\" name=\"email-556\" \/><\/span> <\/label>\n<\/p>\n<p><label> Betreff<br \/>\n<span class=\"wpcf7-form-control-wrap\" data-name=\"text-805\"><input size=\"40\" maxlength=\"400\" class=\"wpcf7-form-control wpcf7-text wpcf7-validates-as-required\" aria-required=\"true\" aria-invalid=\"false\" placeholder=\"Anfrage f\u00fcr...\" value=\"\" type=\"text\" name=\"text-805\" \/><\/span> <\/label>\n<\/p>\n<p><label> Nachricht (optional)<br \/>\n<span class=\"wpcf7-form-control-wrap\" data-name=\"textarea-786\"><textarea cols=\"40\" rows=\"10\" maxlength=\"2000\" class=\"wpcf7-form-control wpcf7-textarea\" aria-invalid=\"false\" placeholder=\"Bez\u00fcglich der...\" name=\"textarea-786\"><\/textarea><\/span><\/label>\n<\/p>\n<p><div class=\"cf7-cf-turnstile\" style=\"margin-top: 0px; margin-bottom: -15px;\"> <div id=\"cf-turnstile-cf7-182542182\" class=\"cf-turnstile\" data-sitekey=\"0x4AAAAAACObhySTy7E6CXMr\" data-theme=\"light\" data-language=\"auto\" data-size=\"normal\" data-retry=\"auto\" data-retry-interval=\"1000\" data-refresh-expired=\"auto\" data-refresh-timeout=\"auto\" data-action=\"contact-form-7\" data-callback=\"turnstileCF7Callback\" data-appearance=\"always\"><\/div> <script>document.addEventListener(\"DOMContentLoaded\", function() { setTimeout(function(){ var e=document.getElementById(\"cf-turnstile-cf7-182542182\"); if(e&&!e.innerHTML.trim()){turnstile.render(e, {sitekey:\"0x4AAAAAACObhySTy7E6CXMr\"});} }, 200); });<\/script> <br class=\"cf-turnstile-br cf-turnstile-br-cf7-182542182\"> <style>#cf-turnstile-cf7-182542182 { margin-left: -15px; }<\/style> <script>document.addEventListener(\"DOMContentLoaded\",function(){document.querySelectorAll('.wpcf7-form').forEach(function(e){e.addEventListener('submit',function(){if(document.getElementById('cf-turnstile-cf7-182542182')){setTimeout(function(){turnstile.reset('#cf-turnstile-cf7-182542182');},1000)}})})});<\/script> <\/div><br\/><input class=\"wpcf7-form-control wpcf7-submit has-spinner\" type=\"submit\" value=\"Nachricht senden\" \/>\n<\/p><div class=\"wpcf7-response-output\" aria-hidden=\"true\"><\/div>\n<\/form>\n<\/div>\n<\/div>\n\n\n\n<p><\/p>\n","protected":false},"excerpt":{"rendered":"<p>Lob und Kritik Wir bem\u00fchen uns stets noch besser zu werden und unsere Leistungen und Angebote weiter zu optimieren. Daher ist es f\u00fcr uns ganz besonders wichtig zu erfahren, was Sie \u00fcber uns denken und wie Ihnen Ihr Aufenthalt auf unserer Webseite gefallen hat. Teilen Sie uns also Ihr Lob oder Ihre Kritik mit. F\u00fcllen [&hellip;]<\/p>\n","protected":false},"author":1,"featured_media":0,"parent":552,"menu_order":2,"comment_status":"open","ping_status":"closed","template":"page-with-submenu","meta":{"footnotes":"","_links_to":"","_links_to_target":""},"class_list":["post-563","page","type-page","status-publish","hentry"],"_links":{"self":[{"href":"https:\/\/www.aixtrusion.de\/de\/wp-json\/wp\/v2\/pages\/563","targetHints":{"allow":["GET"]}}],"collection":[{"href":"https:\/\/www.aixtrusion.de\/de\/wp-json\/wp\/v2\/pages"}],"about":[{"href":"https:\/\/www.aixtrusion.de\/de\/wp-json\/wp\/v2\/types\/page"}],"author":[{"embeddable":true,"href":"https:\/\/www.aixtrusion.de\/de\/wp-json\/wp\/v2\/users\/1"}],"replies":[{"embeddable":true,"href":"https:\/\/www.aixtrusion.de\/de\/wp-json\/wp\/v2\/comments?post=563"}],"version-history":[{"count":4,"href":"https:\/\/www.aixtrusion.de\/de\/wp-json\/wp\/v2\/pages\/563\/revisions"}],"predecessor-version":[{"id":722,"href":"https:\/\/www.aixtrusion.de\/de\/wp-json\/wp\/v2\/pages\/563\/revisions\/722"}],"up":[{"embeddable":true,"href":"https:\/\/www.aixtrusion.de\/de\/wp-json\/wp\/v2\/pages\/552"}],"wp:attachment":[{"href":"https:\/\/www.aixtrusion.de\/de\/wp-json\/wp\/v2\/media?parent=563"}],"curies":[{"name":"wp","href":"https:\/\/api.w.org\/{rel}","templated":true}]}}