{"id":607,"date":"2025-02-12T12:33:47","date_gmt":"2025-02-12T11:33:47","guid":{"rendered":"https:\/\/www.aixtrusion.de\/de\/?page_id=607"},"modified":"2025-03-07T13:52:25","modified_gmt":"2025-03-07T12:52:25","slug":"home","status":"publish","type":"page","link":"https:\/\/www.aixtrusion.de\/de\/","title":{"rendered":"Home"},"content":{"rendered":"<p>&nbsp;<\/p>\n<h1>aiXtrusion GmbH &#8211; \u00fcber 40 Jahre Hard- und Softwareentwicklung aus einer Hand<\/h1>\n<div class=\"ce-textpic ce-left ce-above\">\n<div class=\"ce-bodytext\">\n<p class=\"align-justify\">Mit einer beeindruckenden Geschichte, die bis ins Jahr 1983 zur\u00fcckreicht, hat sich die aiXtrusion GmbH von einem Ingenieurb\u00fcro zu einem innovativen Spezialisten von kundenspezifischen und perfekt aufeinander abgestimmte Hard- und Softwarel\u00f6sungen entwickelt. Mit 55 hochqualifizierten Mitarbeitern verstehen wir uns als innovative Architekten mit Blick auf das gesamte Engineering. T\u00e4glich l\u00f6sen wir anspruchsvolle Aufgabenstellungen entlang der Wertsch\u00f6pfungsketten unserer Kunden bis hin zur Serienproduktion von Elektronikprodukten.<\/p>\n<p class=\"align-justify\">Zahlreiche Industriekunden aus verschiedenen Bereichen, darunter Hausger\u00e4tetechnik, Medizintechnik und Automatisierungstechnik, vertrauen bereits auf die ma\u00dfgeschneiderten L\u00f6sungen von aiXtrusion. Unsere enge, partnerschaftliche Zusammenarbeit erm\u00f6glicht es uns, innovative und effiziente L\u00f6sungen zu entwickeln, die den spezifischen Anforderungen unserer Kunden gerecht werden.<\/p>\n<\/div>\n<\/div>\n","protected":false},"excerpt":{"rendered":"<p>&nbsp; aiXtrusion GmbH &#8211; \u00fcber 40 Jahre Hard- und Softwareentwicklung aus einer Hand Mit einer beeindruckenden Geschichte, die bis ins Jahr 1983 zur\u00fcckreicht, hat sich die aiXtrusion GmbH von einem Ingenieurb\u00fcro zu einem innovativen Spezialisten von kundenspezifischen und perfekt aufeinander abgestimmte Hard- und Softwarel\u00f6sungen entwickelt. Mit 55 hochqualifizierten Mitarbeitern verstehen wir uns als innovative Architekten [&hellip;]<\/p>\n","protected":false},"author":1,"featured_media":0,"parent":0,"menu_order":1,"comment_status":"closed","ping_status":"closed","template":"page-news-right","meta":{"footnotes":"","_links_to":"","_links_to_target":""},"class_list":["post-607","page","type-page","status-publish","hentry"],"_links":{"self":[{"href":"https:\/\/www.aixtrusion.de\/de\/wp-json\/wp\/v2\/pages\/607","targetHints":{"allow":["GET"]}}],"collection":[{"href":"https:\/\/www.aixtrusion.de\/de\/wp-json\/wp\/v2\/pages"}],"about":[{"href":"https:\/\/www.aixtrusion.de\/de\/wp-json\/wp\/v2\/types\/page"}],"author":[{"embeddable":true,"href":"https:\/\/www.aixtrusion.de\/de\/wp-json\/wp\/v2\/users\/1"}],"replies":[{"embeddable":true,"href":"https:\/\/www.aixtrusion.de\/de\/wp-json\/wp\/v2\/comments?post=607"}],"version-history":[{"count":8,"href":"https:\/\/www.aixtrusion.de\/de\/wp-json\/wp\/v2\/pages\/607\/revisions"}],"predecessor-version":[{"id":890,"href":"https:\/\/www.aixtrusion.de\/de\/wp-json\/wp\/v2\/pages\/607\/revisions\/890"}],"wp:attachment":[{"href":"https:\/\/www.aixtrusion.de\/de\/wp-json\/wp\/v2\/media?parent=607"}],"curies":[{"name":"wp","href":"https:\/\/api.w.org\/{rel}","templated":true}]}}