{"id":62,"date":"2024-08-01T12:02:06","date_gmt":"2024-08-01T10:02:06","guid":{"rendered":"https:\/\/www.aixtrusion.de\/index.php\/unternehmen\/philosophie\/"},"modified":"2024-08-13T21:24:59","modified_gmt":"2024-08-13T19:24:59","slug":"philosophie","status":"publish","type":"page","link":"https:\/\/www.aixtrusion.de\/de\/unternehmen\/philosophie\/","title":{"rendered":"Philosophie"},"content":{"rendered":"\n<h3 class=\"wp-block-heading\">Ganzheitlicher Dienstleistungsansatz f\u00fcr echten Mehrwert<\/h3>\n\n\n\n<p>Wir sind ganz und gar Dienstleister. Von der ersten Anfrage bis hin zum umgesetzten Projekt und dessen Evaluation: Wir begleiten Sie kompetent, beratend und stets reflektiert.&nbsp;&nbsp;<\/p>\n\n\n\n<p>aiXtrusion ist Ihr Spezialist f\u00fcr innovative Komplettl\u00f6sungen \u2013 immer mit dem Blick auf das gesamte Engineering entlang Ihrer Wertsch\u00f6pfungsketten. Durch diesen ganzheitlichen Dienstleistungsansatz bieten wir Effizienz f\u00fcr Ihre Entwicklungsprozesse und schaffen Ihnen die Freir\u00e4ume, die Sie ben\u00f6tigen, um sich auf die Entwicklung und Produktion Ihrer Endprodukte zu konzentrieren.<\/p>\n\n\n\n<hr class=\"wp-block-separator has-alpha-channel-opacity is-style-wide\"\/>\n\n\n\n<h3 class=\"wp-block-heading\">Unsere Werte sind uns wichtig!<\/h3>\n\n\n\n<p>Wir sind ein regional verbundenes, bodenst\u00e4ndiges Unternehmen, das Werte nicht nur auf\u00b4s Papier schreibt, sondern lebt:<\/p>\n\n\n\n<ul class=\"wp-block-list\">\n<li>Wir wollen das Vertrauen unserer Kunden und Mitarbeiter erwerben und behalten; deshalb sind wir selbstkritisch und versprechen nichts, was wir nicht halten k\u00f6nnen.<\/li>\n\n\n\n<li>Im Mittelpunkt unseres (unternehmerischen) Handelns steht der Mensch. Jeder im Unternehmen achtet &nbsp;darauf, dass die Interessen von Kunden, Partnern und Mitarbeitern gleicherma\u00dfen ber\u00fccksichtigt werden. Jeder Beteiligte erf\u00e4hrt Wertsch\u00e4tzung.<\/li>\n\n\n\n<li>Fordern und F\u00f6rdern bedeutet f\u00fcr uns, dass wir die Talente und F\u00e4higkeiten jedes Mitarbeiters regelm\u00e4\u00dfig mit den wachsenden Anforderungen abgleichen und mit entsprechender F\u00f6rderung anpassen, damit wir die hohe Qualit\u00e4t in der Abwicklung von Projekten kontinuierlich garantieren k\u00f6nnen.<\/li>\n<\/ul>\n\n\n\n<div style=\"height:16px\" aria-hidden=\"true\" class=\"wp-block-spacer\"><\/div>\n\n\n\n<p>Sehen Sie auch:<\/p>\n\n\n\n<div class=\"wp-block-buttons is-layout-flex wp-block-buttons-is-layout-flex\">\n<div class=\"wp-block-button\"><a class=\"wp-block-button__link wp-element-button\" href=\"\/leistungen\/embedded-systems\/\">Embedded Systems<\/a><\/div>\n\n\n\n<div class=\"wp-block-button is-style-outline is-style-outline--1\"><a class=\"wp-block-button__link wp-element-button\" href=\"\/leistungen\/industrie-40-automation\/automatisierungstechnik\/\">Automatisierungstechnik<\/a><\/div>\n<\/div>\n","protected":false},"excerpt":{"rendered":"<p>Ganzheitlicher Dienstleistungsansatz f\u00fcr echten Mehrwert Wir sind ganz und gar Dienstleister. Von der ersten Anfrage bis hin zum umgesetzten Projekt und dessen Evaluation: Wir begleiten Sie kompetent, beratend und stets reflektiert.&nbsp;&nbsp; aiXtrusion ist Ihr Spezialist f\u00fcr innovative Komplettl\u00f6sungen \u2013 immer mit dem Blick auf das gesamte Engineering entlang Ihrer Wertsch\u00f6pfungsketten. Durch diesen ganzheitlichen Dienstleistungsansatz bieten [&hellip;]<\/p>\n","protected":false},"author":1,"featured_media":0,"parent":11,"menu_order":4,"comment_status":"closed","ping_status":"closed","template":"page-with-submenu","meta":{"footnotes":"","_links_to":"","_links_to_target":""},"class_list":["post-62","page","type-page","status-publish","hentry"],"_links":{"self":[{"href":"https:\/\/www.aixtrusion.de\/de\/wp-json\/wp\/v2\/pages\/62","targetHints":{"allow":["GET"]}}],"collection":[{"href":"https:\/\/www.aixtrusion.de\/de\/wp-json\/wp\/v2\/pages"}],"about":[{"href":"https:\/\/www.aixtrusion.de\/de\/wp-json\/wp\/v2\/types\/page"}],"author":[{"embeddable":true,"href":"https:\/\/www.aixtrusion.de\/de\/wp-json\/wp\/v2\/users\/1"}],"replies":[{"embeddable":true,"href":"https:\/\/www.aixtrusion.de\/de\/wp-json\/wp\/v2\/comments?post=62"}],"version-history":[{"count":4,"href":"https:\/\/www.aixtrusion.de\/de\/wp-json\/wp\/v2\/pages\/62\/revisions"}],"predecessor-version":[{"id":941,"href":"https:\/\/www.aixtrusion.de\/de\/wp-json\/wp\/v2\/pages\/62\/revisions\/941"}],"up":[{"embeddable":true,"href":"https:\/\/www.aixtrusion.de\/de\/wp-json\/wp\/v2\/pages\/11"}],"wp:attachment":[{"href":"https:\/\/www.aixtrusion.de\/de\/wp-json\/wp\/v2\/media?parent=62"}],"curies":[{"name":"wp","href":"https:\/\/api.w.org\/{rel}","templated":true}]}}