{"id":641,"date":"2025-02-03T09:01:58","date_gmt":"2025-02-03T08:01:58","guid":{"rendered":"https:\/\/www.aixtrusion.de\/de\/produkte\/simulationsprogramm-sheetcoolaix-2\/"},"modified":"2026-02-06T10:05:02","modified_gmt":"2026-02-06T09:05:02","slug":"system-on-module-aixcore","status":"publish","type":"page","link":"https:\/\/www.aixtrusion.de\/de\/produkte\/system-on-module-aixcore\/","title":{"rendered":"System-on-Module &#8218;aiXcore&#8216;"},"content":{"rendered":"\n<h1 class=\"wp-block-heading\">aiXcore System-on-Module \u2013 Beschleunigung f\u00fcr Ihre Embedded-Projekte<\/h1>\n\n\n\n<div class=\"wp-block-media-text has-media-on-the-right is-stacked-on-mobile\" style=\"grid-template-columns:auto 25%\"><div class=\"wp-block-media-text__content\">\n<p>aiXtrusion steht von der Planung bis zum fertigen System f\u00fcr individuelle und ausgekl\u00fcgelte Embedded-Systeme und umfassendes Ingenieure-Know-How.&nbsp;<\/p>\n\n\n\n<p>Um die Entwicklung noch schneller und kosteng\u00fcnstiger zu gestalten, haben wir seit Kurzem unser erstes hausinternes System-on-Module (SoM) im Einsatz. Das aiXcore basiert auf der STM32MP15x MPU und bildet die Grundlage f\u00fcr unsere ma\u00dfgeschneiderten Software-L\u00f6sungen in Industrieautomation, Bildverarbeitung, Smart Home und IoT oder High-Performance Embedded-Anwendungen.<\/p>\n<\/div><figure class=\"wp-block-media-text__media\"><img loading=\"lazy\" decoding=\"async\" width=\"500\" height=\"250\" src=\"https:\/\/www.aixtrusion.de\/wp-content\/uploads\/2025\/02\/embedded_aiXtrusion_CTA.png\" alt=\"\" class=\"wp-image-648 size-full\" srcset=\"https:\/\/www.aixtrusion.de\/wp-content\/uploads\/2025\/02\/embedded_aiXtrusion_CTA.png 500w, https:\/\/www.aixtrusion.de\/wp-content\/uploads\/2025\/02\/embedded_aiXtrusion_CTA-300x150.png 300w\" sizes=\"auto, (max-width: 500px) 100vw, 500px\" \/><\/figure><\/div>\n\n\n\n<hr class=\"wp-block-separator alignwide has-alpha-channel-opacity\"\/>\n\n\n\n<h1 class=\"wp-block-heading\">Reduzierte Entwicklungszeiten mit Board Support Package auf Yocto Linux<\/h1>\n\n\n\n<div class=\"wp-block-group has-global-padding is-layout-constrained wp-block-group-is-layout-constrained\">\n<div class=\"wp-block-columns is-layout-flex wp-container-core-columns-is-layout-28f84493 wp-block-columns-is-layout-flex\">\n<div class=\"wp-block-column is-layout-flow wp-block-column-is-layout-flow\">\n<div class=\"wp-block-group has-global-padding is-layout-constrained wp-block-group-is-layout-constrained\"><div class=\"wp-block-post-excerpt\"><p class=\"wp-block-post-excerpt__excerpt\">Das aiXcore SOM kommt bereits ab Werk mit einem speziell angepassten Board Support Package (BSP) auf Basis von Yocto Linux, wodurch Entwicklungszeiten deutlich reduziert werden k\u00f6nnen.Mit dem BSP k\u00f6nnen Entwickler das Endprodukt flexibel an projektindividuelle Anforderungen anpassen und sich ansonsten auf die Implementierung ihrer individuellen Anwendungsfunktionen konzentrieren. Durch die vollst\u00e4ndige Kompatibilit\u00e4t mit Linux ist das aiXcore ideal f\u00fcr s\u00e4mtliche Open-Source-Projekte.\u00a0aiXtrusion setzt zu fast 100% auf Linux und bietet hierbei umfassenden Support, von der Treiberentwicklung \u00fcber die Erstellung von Anwendungssoftware bis hin zur Layout-Dokumentation. <\/p><\/div>\n\n\n<p>Durch diese Kombination aus Open-Source-Kompatibilit\u00e4t und dem erfahrenen Support-Team von aiXtrusion wird der Weg zur Realisierung komplexer Projekte vereinfacht und beschleunigt.<\/p>\n<\/div>\n<\/div>\n\n\n\n<div class=\"wp-block-column is-layout-flow wp-block-column-is-layout-flow\">\n<figure class=\"wp-block-image size-medium\"><img loading=\"lazy\" decoding=\"async\" width=\"300\" height=\"200\" src=\"https:\/\/www.aixtrusion.de\/wp-content\/uploads\/2025\/02\/aiXcore-edited-300x200.png\" alt=\"System-on-Module\" class=\"wp-image-655\" srcset=\"https:\/\/www.aixtrusion.de\/wp-content\/uploads\/2025\/02\/aiXcore-edited-300x200.png 300w, https:\/\/www.aixtrusion.de\/wp-content\/uploads\/2025\/02\/aiXcore-edited-1024x683.png 1024w, https:\/\/www.aixtrusion.de\/wp-content\/uploads\/2025\/02\/aiXcore-edited-768x512.png 768w, https:\/\/www.aixtrusion.de\/wp-content\/uploads\/2025\/02\/aiXcore-edited-1536x1024.png 1536w, https:\/\/www.aixtrusion.de\/wp-content\/uploads\/2025\/02\/aiXcore-edited-2048x1366.png 2048w\" sizes=\"auto, (max-width: 300px) 100vw, 300px\" \/><\/figure>\n<\/div>\n<\/div>\n<\/div>\n\n\n\n<figure class=\"wp-block-image size-medium\"><a href=\"https:\/\/www.aixtrusion.de\/de\/leistungen\/embedded-systems\/software\/\"><img loading=\"lazy\" decoding=\"async\" width=\"300\" height=\"150\" src=\"https:\/\/www.aixtrusion.de\/wp-content\/uploads\/2025\/02\/Linux_aiXtrusion_CTA-300x150.png\" alt=\"\" class=\"wp-image-650\" srcset=\"https:\/\/www.aixtrusion.de\/wp-content\/uploads\/2025\/02\/Linux_aiXtrusion_CTA-300x150.png 300w, https:\/\/www.aixtrusion.de\/wp-content\/uploads\/2025\/02\/Linux_aiXtrusion_CTA.png 500w\" sizes=\"auto, (max-width: 300px) 100vw, 300px\" \/><\/a><\/figure>\n\n\n\n<hr class=\"wp-block-separator alignwide has-alpha-channel-opacity\"\/>\n\n\n\n<h2 class=\"wp-block-heading\">Starke Leistung, hervorragende Grafik &#8211; aiXcore SOM mit STM32MP15x MPU<\/h2>\n\n\n\n<p>Das aiXcore SOM basiert auf der STM32MP15x-Prozessor-Familie von STMicroelectronics. So bieten die leistungsst\u00e4rksten Prozessoren einen Dual-Core Arm\u00ae Cortex\u00ae-A7 (bis zu 800 MHz) und einen Cortex\u00ae-M4 Co-Prozessor (bis zu 209 MHz). Ausgestattet mit 32 kB EEPROM, bis zu 4 Gbit (500 MB) DDR3, 4 GB eMMC und Ethernet, unterst\u00fctzt das aiXcore SOM zahlreiche Schnittstellen wie SPI, I2C, USB und Audio. CAN-FD ist f\u00fcr anspruchsvolle Anwendungen in Automotive, Automatisierung und Medizintechnik verf\u00fcgbar.<\/p>\n\n\n\n<div class=\"wp-block-buttons is-layout-flex wp-block-buttons-is-layout-flex\">\n<div class=\"wp-block-button\"><a class=\"wp-block-button__link has-base-color has-text-color has-background has-link-color wp-element-button\" href=\"https:\/\/www.aixtrusion.de\/wp-content\/uploads\/2025\/02\/Factsheet_aiXcore_V5.pdf\" style=\"background-color:#c30017\">Factsheet aiXcore downloaden<\/a><\/div>\n<\/div>\n\n\n\n<hr class=\"wp-block-separator alignwide has-alpha-channel-opacity\"\/>\n\n\n\n<p>F\u00fcr grafikintensive Anwendungen wie Video\u00fcberwachung, 3D-Visualisierungen und Bildverarbeitung oder Digital Signage bietet der STM32MP157 eine 3D OpenGL ES 2.0 Graphics Engine und unterst\u00fctzt MIPI-DSI, HDMI-CEC und bis zu 99 GPIOs.<\/p>\n\n\n\n<div class=\"wp-block-media-text is-stacked-on-mobile\" style=\"grid-template-columns:25% auto\"><figure class=\"wp-block-media-text__media\"><img loading=\"lazy\" decoding=\"async\" width=\"819\" height=\"1024\" src=\"https:\/\/www.aixtrusion.de\/wp-content\/uploads\/2025\/02\/aiXcore-Tabelle-819x1024.png\" alt=\"\" class=\"wp-image-644 size-large\" srcset=\"https:\/\/www.aixtrusion.de\/wp-content\/uploads\/2025\/02\/aiXcore-Tabelle-819x1024.png 819w, https:\/\/www.aixtrusion.de\/wp-content\/uploads\/2025\/02\/aiXcore-Tabelle-240x300.png 240w, https:\/\/www.aixtrusion.de\/wp-content\/uploads\/2025\/02\/aiXcore-Tabelle-768x960.png 768w, https:\/\/www.aixtrusion.de\/wp-content\/uploads\/2025\/02\/aiXcore-Tabelle-1229x1536.png 1229w, https:\/\/www.aixtrusion.de\/wp-content\/uploads\/2025\/02\/aiXcore-Tabelle-1638x2048.png 1638w, https:\/\/www.aixtrusion.de\/wp-content\/uploads\/2025\/02\/aiXcore-Tabelle.png 2000w\" sizes=\"auto, (max-width: 819px) 100vw, 819px\" \/><\/figure><div class=\"wp-block-media-text__content\">\n<p>Alle Schnittstellen-Optionen je Prozessortyp finden Sie in unserer Vergleichstabelle.<\/p>\n\n\n\n<div class=\"wp-block-buttons is-layout-flex wp-block-buttons-is-layout-flex\">\n<div class=\"wp-block-button is-style-fill\"><a class=\"wp-block-button__link has-base-color has-text-color has-background has-link-color wp-element-button\" href=\"https:\/\/www.aixtrusion.de\/wp-content\/uploads\/2025\/02\/aiXcore-Tabelle-819x1024.png\" style=\"background-color:#c30017\">MPU STM32MP15x Compare Chart \u00f6ffnen<\/a><\/div>\n<\/div>\n<\/div><\/div>\n\n\n\n<hr class=\"wp-block-separator alignwide has-alpha-channel-opacity\"\/>\n\n\n\n<h1 class=\"wp-block-heading\" id=\"block-7bbd0240-1703-44a9-aaec-066b2cd1fbf9\">Anpassungsf\u00e4higkeit f\u00fcr kundenspezifische Anforderungen<\/h1>\n\n\n\n<p id=\"block-ff6862dc-5156-4b6c-86f7-b029d9130a10\">Die offene Architektur des aiXcore-SOM macht es extrem anpassungsf\u00e4hig. Durch die M\u00f6glichkeit, das SOM direkt auf eine Tr\u00e4gerplatine zu verl\u00f6ten, k\u00f6nnen zus\u00e4tzlich Herstellungskosten reduziert und die Zuverl\u00e4ssigkeit des Gesamtsystems erh\u00f6ht werden. Diese Flexibilit\u00e4t macht das aiXcore zu einer attraktiven L\u00f6sung f\u00fcr ma\u00dfgeschneiderte Embedded-Systeme.<\/p>\n\n\n\n<div class=\"wp-block-columns is-layout-flex wp-container-core-columns-is-layout-28f84493 wp-block-columns-is-layout-flex\">\n<div class=\"wp-block-column is-layout-flow wp-block-column-is-layout-flow\">\n<figure class=\"wp-block-image size-medium\"><img loading=\"lazy\" decoding=\"async\" width=\"300\" height=\"200\" src=\"https:\/\/www.aixtrusion.de\/wp-content\/uploads\/2025\/02\/aiXcore_Entwicklungsumgebung_small-300x200.png\" alt=\"\" class=\"wp-image-645\" srcset=\"https:\/\/www.aixtrusion.de\/wp-content\/uploads\/2025\/02\/aiXcore_Entwicklungsumgebung_small-300x200.png 300w, https:\/\/www.aixtrusion.de\/wp-content\/uploads\/2025\/02\/aiXcore_Entwicklungsumgebung_small-768x512.png 768w, https:\/\/www.aixtrusion.de\/wp-content\/uploads\/2025\/02\/aiXcore_Entwicklungsumgebung_small.png 800w\" sizes=\"auto, (max-width: 300px) 100vw, 300px\" \/><figcaption class=\"wp-element-caption\">Direkte Verl\u00f6tung des aiXcore SOM auf einer Tr\u00e4gerplatine.<\/figcaption><\/figure>\n<\/div>\n\n\n\n<div class=\"wp-block-column is-layout-flow wp-block-column-is-layout-flow\">\n<figure class=\"wp-block-image size-medium\" style=\"margin-top:var(--wp--preset--spacing--20);margin-bottom:var(--wp--preset--spacing--20)\"><img loading=\"lazy\" decoding=\"async\" width=\"300\" height=\"117\" src=\"https:\/\/www.aixtrusion.de\/wp-content\/uploads\/2025\/02\/csm_Detail_aiXcore_SOM_7e17fac2cd-300x117.png\" alt=\"\" class=\"wp-image-647\" srcset=\"https:\/\/www.aixtrusion.de\/wp-content\/uploads\/2025\/02\/csm_Detail_aiXcore_SOM_7e17fac2cd-300x117.png 300w, https:\/\/www.aixtrusion.de\/wp-content\/uploads\/2025\/02\/csm_Detail_aiXcore_SOM_7e17fac2cd.png 450w\" sizes=\"auto, (max-width: 300px) 100vw, 300px\" \/><\/figure>\n<\/div>\n<\/div>\n\n\n\n<hr class=\"wp-block-separator alignwide has-alpha-channel-opacity\"\/>\n\n\n\n<div class=\"wp-block-group has-global-padding is-layout-constrained wp-block-group-is-layout-constrained\">\n<div class=\"wp-block-group has-background has-global-padding is-layout-constrained wp-block-group-is-layout-constrained\" style=\"background-color:#c30017\">\n<div class=\"wp-block-group has-global-padding is-layout-constrained wp-block-group-is-layout-constrained\">\n<div class=\"wp-block-group has-global-padding is-layout-constrained wp-block-group-is-layout-constrained\" style=\"border-width:2px\">\n<h1 class=\"wp-block-heading is-style-default has-base-color has-text-color has-background has-link-color wp-elements-f621ad187e312f8be818dc3eb830dd14\" id=\"block-7bbd0240-1703-44a9-aaec-066b2cd1fbf9\" style=\"background-color:#c30017\">100% Full-Custom: aiXcore f\u00fcr hohe St\u00fcckzahlen<\/h1>\n\n\n\n<p class=\"has-border-color has-base-color has-text-color has-link-color wp-elements-4df8bd4f62c349d175bec9435d8e5f79\" style=\"border-color:#c30017;border-width:22px;margin-right:0;margin-left:0\">Unternehmen, die h\u00f6here St\u00fcckzahlen ben\u00f6tigen oder spezifische Anforderungen an das Design haben, k\u00f6nnen das Modul direkt in einen individuellen Formfaktor integrieren. Dabei kann das aiXcore f\u00fcr spezifische PCB-Layouts oder zus\u00e4tzliche Funktionalit\u00e4ten modifiziert werden, um optimal auf spezielle Anwendungen in Automatisierung, Medizintechnik oder IIoT abgestimmt zu sein.<\/p>\n\n\n\n<div class=\"wp-block-buttons has-background is-content-justification-right is-layout-flex wp-container-core-buttons-is-layout-d445cf74 wp-block-buttons-is-layout-flex\" style=\"background-color:#c30017\"><\/div>\n<\/div>\n<\/div>\n<\/div>\n<\/div>\n\n\n\n<h1 class=\"wp-block-heading\">Open-Source, umfassender Support &#8211; Embedded-Entwicklungen mit aiXcore SOM<\/h1>\n\n\n\n<p>Durch die Kombination aus Open-Source-Kompatibilit\u00e4t und dem erfahrenen Support-Team von aiXtrusion wird der Weg zur Realisierung komplexer Projekte vereinfacht und die Time-to-Market beschleunigt. So k\u00f6nnen Unternehmen ihre Embedded-Systeme von Prototyping bis Serienfertigung effizient und kosteng\u00fcnstig auf den Markt bringen.<\/p>\n\n\n\n<p><br>Ab Fr\u00fchjahr 2025 wird unser Evaluation Board zur Verf\u00fcgung stehen. Bitte sprechen Sie uns hierzu an.<\/p>\n\n\n\n<p><a href=\"https:\/\/www.aixtrusion.de\/de\/kontakt\/kontaktformular\/\" data-type=\"page\" data-id=\"561\"><strong>Zum Kontaktformular<\/strong><\/a><\/p>\n","protected":false},"excerpt":{"rendered":"<p>Das aiXcore SOM kommt bereits ab Werk mit einem speziell angepassten Board Support Package (BSP) auf Basis von Yocto Linux, wodurch Entwicklungszeiten deutlich reduziert werden k\u00f6nnen.<br \/>Mit dem BSP k\u00f6nnen Entwickler das Endprodukt flexibel an projektindividuelle Anforderungen anpassen und sich ansonsten auf die Implementierung ihrer individuellen Anwendungsfunktionen konzentrieren. Durch die vollst\u00e4ndige Kompatibilit\u00e4t mit Linux ist das aiXcore ideal f\u00fcr s\u00e4mtliche Open-Source-Projekte.\u00a0<br \/>aiXtrusion setzt zu fast 100% auf Linux und bietet hierbei umfassenden Support, von der Treiberentwicklung \u00fcber die Erstellung von Anwendungssoftware bis hin zur Layout-Dokumentation. <\/p>\n","protected":false},"author":4,"featured_media":0,"parent":9,"menu_order":9,"comment_status":"closed","ping_status":"closed","template":"page-with-submenu","meta":{"footnotes":"","_links_to":"","_links_to_target":""},"class_list":["post-641","page","type-page","status-publish","hentry"],"_links":{"self":[{"href":"https:\/\/www.aixtrusion.de\/de\/wp-json\/wp\/v2\/pages\/641","targetHints":{"allow":["GET"]}}],"collection":[{"href":"https:\/\/www.aixtrusion.de\/de\/wp-json\/wp\/v2\/pages"}],"about":[{"href":"https:\/\/www.aixtrusion.de\/de\/wp-json\/wp\/v2\/types\/page"}],"author":[{"embeddable":true,"href":"https:\/\/www.aixtrusion.de\/de\/wp-json\/wp\/v2\/users\/4"}],"replies":[{"embeddable":true,"href":"https:\/\/www.aixtrusion.de\/de\/wp-json\/wp\/v2\/comments?post=641"}],"version-history":[{"count":34,"href":"https:\/\/www.aixtrusion.de\/de\/wp-json\/wp\/v2\/pages\/641\/revisions"}],"predecessor-version":[{"id":1074,"href":"https:\/\/www.aixtrusion.de\/de\/wp-json\/wp\/v2\/pages\/641\/revisions\/1074"}],"up":[{"embeddable":true,"href":"https:\/\/www.aixtrusion.de\/de\/wp-json\/wp\/v2\/pages\/9"}],"wp:attachment":[{"href":"https:\/\/www.aixtrusion.de\/de\/wp-json\/wp\/v2\/media?parent=641"}],"curies":[{"name":"wp","href":"https:\/\/api.w.org\/{rel}","templated":true}]}}