{"id":66,"date":"2024-08-01T12:02:06","date_gmt":"2024-08-01T10:02:06","guid":{"rendered":"https:\/\/www.aixtrusion.de\/index.php\/unternehmen\/partner\/"},"modified":"2026-05-07T11:12:06","modified_gmt":"2026-05-07T09:12:06","slug":"partner","status":"publish","type":"page","link":"https:\/\/www.aixtrusion.de\/de\/unternehmen\/partner\/","title":{"rendered":"Partner"},"content":{"rendered":"\n<div class=\"wp-block-media-text has-media-on-the-right is-stacked-on-mobile\" style=\"grid-template-columns:auto 25%\"><div class=\"wp-block-media-text__content\">\n<h2 class=\"wp-block-heading\"><a href=\"https:\/\/duotec.de\/\" target=\"_blank\" rel=\"noreferrer noopener nofollow\">DUOTEC GMBH<\/a><\/h2>\n\n\n\n<p>ist unser Kooperations-Partner f\u00fcr kundenspezifische und qualitativ hochwertige Elektronikfertigungen. Kurze Kommunikationswege sowie modernste Technologien und effiziente Produktionsprozesse erm\u00f6glichen uns mit unserem Partner eine Serienfertigung nach Ma\u00df.<\/p>\n\n\n\n<p><a href=\"https:\/\/duotec.de\/\" target=\"_blank\" rel=\"noreferrer noopener nofollow\">www.duotec.de<\/a><\/p>\n\n\n\n<h5 class=\"wp-block-heading\">aiXtrusion und duotec<\/h5>\n\n\n\n<div class=\"wp-block-buttons\">\n<div class=\"wp-block-button\"><a class=\"wp-block-button__link wp-element-button btn btn-danger\" href=\"\/kooperation-mit-turck-duotec\/\">aiXtrusion festigt enge Zusammenarbeit mit duotec<\/a><\/div>\n<\/div>\n<\/div><figure class=\"wp-block-media-text__media\"><img loading=\"lazy\" decoding=\"async\" width=\"838\" height=\"244\" src=\"https:\/\/www.aixtrusion.de\/wp-content\/uploads\/2026\/05\/Duotec_Logo.jpg\" alt=\"Duotec\" class=\"wp-image-1321 size-full\" srcset=\"https:\/\/www.aixtrusion.de\/wp-content\/uploads\/2026\/05\/Duotec_Logo.jpg 838w, https:\/\/www.aixtrusion.de\/wp-content\/uploads\/2026\/05\/Duotec_Logo-300x87.jpg 300w, https:\/\/www.aixtrusion.de\/wp-content\/uploads\/2026\/05\/Duotec_Logo-768x224.jpg 768w\" sizes=\"auto, (max-width: 838px) 100vw, 838px\" \/><\/figure><\/div>\n\n\n\n<hr class=\"wp-block-separator has-alpha-channel-opacity is-style-wide\"\/>\n\n\n\n<div class=\"wp-block-media-text has-media-on-the-right is-stacked-on-mobile\" style=\"grid-template-columns:auto 25%\"><div class=\"wp-block-media-text__content\">\n<h2 class=\"wp-block-heading\"><a href=\"http:\/\/www.ttt-berghaus.de\/\" target=\"_blank\" rel=\"noreferrer noopener nofollow\">TTT-BERGHAUS<\/a><\/h2>\n\n\n\n<p>Wir vertrauen auf langj\u00e4hrige Expertise, fundierte unternehmerische Erfahrung und verl\u00e4ssliche Kooperationen. In einem innovativen Entwicklungsraum wirkt unser Kunde ma\u00dfgeblich an der Entwicklung von neuen Kunststoffprodukten mit.<\/p>\n\n\n\n<p><a href=\"http:\/\/www.ttt-berghaus.de\/\" target=\"_blank\" rel=\"noreferrer noopener nofollow\">www.ttt-berghaus.de<\/a><\/p>\n<\/div><figure class=\"wp-block-media-text__media\"><img loading=\"lazy\" decoding=\"async\" width=\"350\" height=\"317\" src=\"https:\/\/www.aixtrusion.de\/wp-content\/uploads\/2026\/05\/berghaus-logo-left.png\" alt=\"TTT Berghaus\" class=\"wp-image-1326 size-full\" srcset=\"https:\/\/www.aixtrusion.de\/wp-content\/uploads\/2026\/05\/berghaus-logo-left.png 350w, https:\/\/www.aixtrusion.de\/wp-content\/uploads\/2026\/05\/berghaus-logo-left-300x272.png 300w\" sizes=\"auto, (max-width: 350px) 100vw, 350px\" \/><\/figure><\/div>\n\n\n\n<hr class=\"wp-block-separator has-alpha-channel-opacity is-style-wide\"\/>\n\n\n\n<div class=\"wp-block-media-text has-media-on-the-right is-stacked-on-mobile\" style=\"grid-template-columns:auto 25%\"><div class=\"wp-block-media-text__content\">\n<h2 class=\"wp-block-heading\"><a href=\"http:\/\/www.digitales-forum-arnsberg.de\/\" target=\"_blank\" rel=\"noreferrer noopener nofollow\">DIGITALES FORUM ARNSBERG<\/a><\/h2>\n\n\n\n<p>Kompetenzen b\u00fcndeln und Know-How nach au\u00dfen tragen:<\/p>\n\n\n\n<p>Das Digitale Forum Arnsberg bietet f\u00fcr heimische Unternehmen aus der Region Arnsberg eine Plattform zum Austausch und ist Ansprechpartner f\u00fcr digitale Fragen im Bereich IT-Infrastruktur, IT-Strategie, Business-L\u00f6sungen und digitales Marketing. Damit schafft das Digitale Forum Arnsberg eine Verbindung zwischen Unternehmen, die L\u00f6sungen f\u00fcr die digitale Wirtschaft anbieten, und zukunftsorientierten Unternehmen auch \u00fcber die Region hinaus.<\/p>\n\n\n\n<p>Mehr Informationen \u00fcber das Digitale Forum Arnsberg finden sie unter:<\/p>\n\n\n\n<p><a href=\"http:\/\/www.digitales-forum-arnsberg.de\/\" target=\"_blank\" rel=\"noreferrer noopener nofollow\">www.digitales-forum-arnsberg.de<\/a><\/p>\n\n\n\n<div style=\"height:16px\" aria-hidden=\"true\" class=\"wp-block-spacer\"><\/div>\n<\/div><figure class=\"wp-block-media-text__media\"><img loading=\"lazy\" decoding=\"async\" width=\"510\" height=\"155\" src=\"https:\/\/www.aixtrusion.de\/wp-content\/uploads\/2024\/08\/logo-dfa.webp\" alt=\"\" class=\"wp-image-337 size-full\"\/><\/figure><\/div>\n\n\n\n<p>Sie haben Fragen:<\/p>\n\n\n\n<div class=\"wp-block-buttons\">\n<div class=\"wp-block-button\"><a class=\"wp-block-button__link wp-element-button btn btn-danger\" href=\"\/kontakt\/kontaktformular\/\">Kontaktieren Sie uns<\/a><\/div>\n<\/div>\n","protected":false},"excerpt":{"rendered":"<p>DUOTEC GMBH ist unser Kooperations-Partner f\u00fcr kundenspezifische und qualitativ hochwertige Elektronikfertigungen. Kurze Kommunikationswege sowie modernste Technologien und effiziente Produktionsprozesse erm\u00f6glichen uns mit unserem Partner eine Serienfertigung nach Ma\u00df. www.duotec.de aiXtrusion und duotec aiXtrusion festigt enge Zusammenarbeit mit duotec TTT-BERGHAUS Wir vertrauen auf langj\u00e4hrige Expertise, fundierte unternehmerische Erfahrung und verl\u00e4ssliche Kooperationen. In einem innovativen Entwicklungsraum wirkt [&hellip;]<\/p>\n","protected":false},"author":1,"featured_media":0,"parent":11,"menu_order":7,"comment_status":"closed","ping_status":"closed","template":"page-with-submenu","meta":{"footnotes":"","_links_to":"","_links_to_target":""},"class_list":["post-66","page","type-page","status-publish","hentry"],"_links":{"self":[{"href":"https:\/\/www.aixtrusion.de\/de\/wp-json\/wp\/v2\/pages\/66","targetHints":{"allow":["GET"]}}],"collection":[{"href":"https:\/\/www.aixtrusion.de\/de\/wp-json\/wp\/v2\/pages"}],"about":[{"href":"https:\/\/www.aixtrusion.de\/de\/wp-json\/wp\/v2\/types\/page"}],"author":[{"embeddable":true,"href":"https:\/\/www.aixtrusion.de\/de\/wp-json\/wp\/v2\/users\/1"}],"replies":[{"embeddable":true,"href":"https:\/\/www.aixtrusion.de\/de\/wp-json\/wp\/v2\/comments?post=66"}],"version-history":[{"count":9,"href":"https:\/\/www.aixtrusion.de\/de\/wp-json\/wp\/v2\/pages\/66\/revisions"}],"predecessor-version":[{"id":1327,"href":"https:\/\/www.aixtrusion.de\/de\/wp-json\/wp\/v2\/pages\/66\/revisions\/1327"}],"up":[{"embeddable":true,"href":"https:\/\/www.aixtrusion.de\/de\/wp-json\/wp\/v2\/pages\/11"}],"wp:attachment":[{"href":"https:\/\/www.aixtrusion.de\/de\/wp-json\/wp\/v2\/media?parent=66"}],"curies":[{"name":"wp","href":"https:\/\/api.w.org\/{rel}","templated":true}]}}