{"id":7,"date":"2024-08-01T10:56:41","date_gmt":"2024-08-01T08:56:32","guid":{"rendered":"https:\/\/www.aixtrusion.de\/index.php\/leistungen\/"},"modified":"2024-09-11T12:42:57","modified_gmt":"2024-09-11T10:42:57","slug":"leistungen","status":"publish","type":"page","link":"https:\/\/www.aixtrusion.de\/de\/leistungen\/","title":{"rendered":"Leistungen"},"content":{"rendered":"\n<div class=\"wp-block-media-text has-media-on-the-right is-stacked-on-mobile\" style=\"grid-template-columns:auto 25%\"><div class=\"wp-block-media-text__content\">\n<h2 class=\"wp-block-heading\">Von der Forschung und Entwicklung bis zum fertigen Produkt<\/h2>\n\n\n\n<p>&#8222;Engineering in its entirety\u201c &nbsp;bedeutet f\u00fcr uns die Verbindung von technischem Know-How und langj\u00e4hriger Erfahrung mit einem Rundum-Verst\u00e4ndnis f\u00fcr Engineering-Aufgaben, aktuelle Technologien und Leidenschaft f\u00fcr das, was wir f\u00fcr Sie leisten!<\/p>\n\n\n\n<p>Die Erstellung von kundenspezifischen Anwendungen und von Software- sowie Hardware-Infrastrukturen ist die Kernkompetenz der aiXtrusion GmbH. Wir entwickeln speziell auf Ihre W\u00fcnsche angepasste Produkte &#8211; vom 8Bit-Embedded-System \u00fcber Embedded-Linux-Plattformen bis hin zu PC- und cloudbasierten Client-Server-Modellen. Unser hochqualifiziertes Team konstruiert f\u00fcr jeden Anwendungsfall die passende L\u00f6sung.<\/p>\n\n\n\n<p>Wir f\u00fcr unsere Kunden \u00fcberwiegend im technischen Umfeld unterwegs. Unser Verst\u00e4ndnis f\u00fcr Prozesse hilft, uns auf L\u00f6sungsstrategien zu fokussieren, sie zu bewerten und auszuw\u00e4hlen. So entwickeln wir Informationssysteme entsprechend den Anforderungen und in enger Zusammenarbeit mit unseren Kunden.<\/p>\n\n\n\n<p>Dabei steht eines immer im Mittelpunkt unserer Arbeit: Effizienz f\u00fcr Ihre Entwicklung.<\/p>\n<\/div><figure class=\"wp-block-media-text__media\"><img loading=\"lazy\" decoding=\"async\" width=\"1088\" height=\"1088\" src=\"https:\/\/www.aixtrusion.de\/wp-content\/uploads\/2024\/08\/csm_industry40_2015_11_002_0781eb86b0.png\" alt=\"\" class=\"wp-image-19 size-full\"\/><\/figure><\/div>\n\n\n\n<h3 class=\"wp-block-heading\">Alles aus einer Hand<\/h3>\n\n\n\n<p>&#8230;hei\u00dft f\u00fcr uns nicht nur beraten, planen und entwickeln, sondern auch realisieren. So sind wir dazu in der Lage, die von uns entwickelten Komponenten auch in Serie produzieren zu lassen.&nbsp;<\/p>\n\n\n\n<p>F\u00fcr alle Leistungen garantieren wir:<\/p>\n\n\n\n<ul class=\"wp-block-list\">\n<li>professionelles Projektmanagement,<\/li>\n\n\n\n<li>qualifizierte Prozess- und Qualit\u00e4tskontrollen und<\/li>\n\n\n\n<li>systematische Dokumentation.<\/li>\n<\/ul>\n\n\n\n<hr class=\"wp-block-separator has-alpha-channel-opacity is-style-wide\"\/>\n\n\n\n<h3 class=\"wp-block-heading\">Unser Service f\u00fcr Sie<\/h3>\n\n\n\n<p>Wir bearbeiten Ihre Projekte im Rahmen von Werk- oder Dienstvertr\u00e4gen in unserem Haus oder vor Ort bei Ihnen. Die Produktion einzelner Komponenten, auch in Serienfertigung, &nbsp;\u00fcbernehmen wir in Zusammenarbeit mit unseren langj\u00e4hrigen Kooperationspartnern.<\/p>\n\n\n\n<hr class=\"wp-block-separator has-alpha-channel-opacity is-style-wide\"\/>\n\n\n\n<h3 class=\"wp-block-heading\">Konkret sind wir in diesen Bereichen f\u00fcr Sie t\u00e4tig:<\/h3>\n\n\n\n<ul class=\"wp-block-list\">\n<li>Hard-und Softwareentwicklung<\/li>\n\n\n\n<li>SPS-Programmierung<\/li>\n\n\n\n<li>Layout &amp; Routing<\/li>\n\n\n\n<li>Sensor- und Pr\u00fcftechnik<\/li>\n\n\n\n<li>Entwicklung von funkbasierten Zugangs- und \u00dcbertragungssystemen<\/li>\n\n\n\n<li>hochspezialisierte Analogtechnik<\/li>\n\n\n\n<li>Leistungselektronik<\/li>\n\n\n\n<li>Zulassungen und Systempr\u00fcfungen<\/li>\n\n\n\n<li>Werkzeugauslegung (FEM)<\/li>\n\n\n\n<li>Prozessanalyse und \u2013optimierung<\/li>\n\n\n\n<li>FMEA bis auf Bauteilebene<\/li>\n\n\n\n<li>Worst-Case-Analysen<\/li>\n\n\n\n<li>Reverse Engineering<\/li>\n\n\n\n<li>Materialvermessung (Rheologie)<\/li>\n\n\n\n<li>elektronisches Logbuch<\/li>\n\n\n\n<li>Ger\u00e4teentwicklung<\/li>\n\n\n\n<li>Konstruktion\/Bauteilentwicklung\/Fertigung<\/li>\n\n\n\n<li>Geh\u00e4useentwicklung<\/li>\n<\/ul>\n\n\n\n<div style=\"height:25px\" aria-hidden=\"true\" class=\"wp-block-spacer\"><\/div>\n\n\n\n<p>Sehen Sie auch:<\/p>\n\n\n\n<div class=\"wp-block-buttons is-layout-flex wp-block-buttons-is-layout-flex\">\n<div class=\"wp-block-button\"><a class=\"wp-block-button__link wp-element-button\" href=\"\/aktuelles\/success-stories\/\">Success Stories<\/a><\/div>\n\n\n\n<div class=\"wp-block-button is-style-outline is-style-outline--1\"><a class=\"wp-block-button__link wp-element-button\" href=\"\/leistungen\/bildverarbeitung-fuer-die-industrie\/\">Bildverarbeitung &amp; Automation<\/a><\/div>\n<\/div>\n\n\n\n<p><\/p>\n","protected":false},"excerpt":{"rendered":"<p>Von der Forschung und Entwicklung bis zum fertigen Produkt &#8222;Engineering in its entirety\u201c &nbsp;bedeutet f\u00fcr uns die Verbindung von technischem Know-How und langj\u00e4hriger Erfahrung mit einem Rundum-Verst\u00e4ndnis f\u00fcr Engineering-Aufgaben, aktuelle Technologien und Leidenschaft f\u00fcr das, was wir f\u00fcr Sie leisten! Die Erstellung von kundenspezifischen Anwendungen und von Software- sowie Hardware-Infrastrukturen ist die Kernkompetenz der aiXtrusion [&hellip;]<\/p>\n","protected":false},"author":1,"featured_media":0,"parent":0,"menu_order":5,"comment_status":"closed","ping_status":"closed","template":"page-with-submenu","meta":{"footnotes":"","_links_to":"","_links_to_target":""},"class_list":["post-7","page","type-page","status-publish","hentry"],"_links":{"self":[{"href":"https:\/\/www.aixtrusion.de\/de\/wp-json\/wp\/v2\/pages\/7","targetHints":{"allow":["GET"]}}],"collection":[{"href":"https:\/\/www.aixtrusion.de\/de\/wp-json\/wp\/v2\/pages"}],"about":[{"href":"https:\/\/www.aixtrusion.de\/de\/wp-json\/wp\/v2\/types\/page"}],"author":[{"embeddable":true,"href":"https:\/\/www.aixtrusion.de\/de\/wp-json\/wp\/v2\/users\/1"}],"replies":[{"embeddable":true,"href":"https:\/\/www.aixtrusion.de\/de\/wp-json\/wp\/v2\/comments?post=7"}],"version-history":[{"count":9,"href":"https:\/\/www.aixtrusion.de\/de\/wp-json\/wp\/v2\/pages\/7\/revisions"}],"predecessor-version":[{"id":456,"href":"https:\/\/www.aixtrusion.de\/de\/wp-json\/wp\/v2\/pages\/7\/revisions\/456"}],"wp:attachment":[{"href":"https:\/\/www.aixtrusion.de\/de\/wp-json\/wp\/v2\/media?parent=7"}],"curies":[{"name":"wp","href":"https:\/\/api.w.org\/{rel}","templated":true}]}}