{"id":70,"date":"2024-08-01T12:02:41","date_gmt":"2024-08-01T10:02:41","guid":{"rendered":"https:\/\/www.aixtrusion.de\/index.php\/aktuelles\/news\/"},"modified":"2025-02-14T14:43:31","modified_gmt":"2025-02-14T13:43:31","slug":"news","status":"publish","type":"page","link":"https:\/\/www.aixtrusion.de\/de\/aktuelles\/news\/","title":{"rendered":"News"},"content":{"rendered":"        <div class=\"page-navigation text-xs-center\">\n        <ul class=\"pagination\">\n            \n                            <li class=\"page-item active\">\n                    <a class=\"page-link\" href=\"https:\/\/www.aixtrusion.de\/de\/aktuelles\/news\/page\/1\/\">1<\/a>   \n                <\/li>\n                            <li class=\"page-item\">\n                    <a class=\"page-link\" href=\"https:\/\/www.aixtrusion.de\/de\/aktuelles\/news\/page\/2\/\">2<\/a>   \n                <\/li>\n                            <li class=\"page-item\">\n                    <a class=\"page-link\" href=\"https:\/\/www.aixtrusion.de\/de\/aktuelles\/news\/page\/3\/\">3<\/a>   \n                <\/li>\n                            <li class=\"page-item\">\n                    <a class=\"page-link\" href=\"https:\/\/www.aixtrusion.de\/de\/aktuelles\/news\/page\/4\/\">4<\/a>   \n                <\/li>\n                            <li class=\"page-item\">\n                    <a class=\"page-link\" href=\"https:\/\/www.aixtrusion.de\/de\/aktuelles\/news\/page\/5\/\">5<\/a>   \n                <\/li>\n            \n                        <li class=\"page-item last next\">\n                <a class=\"page-link\" href=\"https:\/\/www.aixtrusion.de\/de\/aktuelles\/news\/page\/2\/\">\n                    N\u00e4chste\n                <\/a>\n            <\/li>\n                    <\/ul>\n    <\/div>\n        \n    <div class=\"news-posts-list\">\n                        <div class=\"row news-list-item m-b-2\">\n        <div class=\" col-xs-12 col-sm-4 col-md-3 col-lg-3 col-xl-3 \">\n            <a title=\"Professionelles LED-Steuerger\u00e4t f\u00fcr industrielle Anwendungen\"\n                target=\"_self\"\n                href=\"https:\/\/www.aixtrusion.de\/de\/professionelles-led-steuergeraet-fuer-industrielle-anwendungen\/\">\n                <figure class=\"wp-block-post-featured-image\">\n                    <img loading=\"lazy\" decoding=\"async\" width=\"1120\" height=\"928\" src=\"https:\/\/www.aixtrusion.de\/wp-content\/uploads\/2026\/02\/aiXLED_Hutschiene.jpg\" class=\"attachment-post-thumbnail size-post-thumbnail wp-post-image\" alt=\"aiXLED Steuerger\u00e4t\" srcset=\"https:\/\/www.aixtrusion.de\/wp-content\/uploads\/2026\/02\/aiXLED_Hutschiene.jpg 1120w, https:\/\/www.aixtrusion.de\/wp-content\/uploads\/2026\/02\/aiXLED_Hutschiene-300x249.jpg 300w, https:\/\/www.aixtrusion.de\/wp-content\/uploads\/2026\/02\/aiXLED_Hutschiene-1024x848.jpg 1024w, https:\/\/www.aixtrusion.de\/wp-content\/uploads\/2026\/02\/aiXLED_Hutschiene-768x636.jpg 768w\" sizes=\"auto, (max-width: 1120px) 100vw, 1120px\" \/>                <\/figure>\n            <\/a>\n        <\/div>\n        <div class=\"col-md-9 articletype-0\" itemscope=\"itemscope\" itemtype=\"http:\/\/schema.org\/Article\">\n            <h3 itemprop=\"headline\">\n                <a title=\"Professionelles LED-Steuerger\u00e4t f\u00fcr industrielle Anwendungen\"\n                    target=\"_self\"\n                    href=\"https:\/\/www.aixtrusion.de\/de\/professionelles-led-steuergeraet-fuer-industrielle-anwendungen\/\">\n                    Professionelles LED-Steuerger\u00e4t f\u00fcr industrielle Anwendungen                <\/a>\n            <\/h3>\n            <div class=\"extra\">\n                <!-- author -->\n                <!-- date --> <span class=\"glyphicon glyphicon-calendar\"> <\/span>\n                <time datetime=\"2026-02-20\">\n                20. Februar 2026                    <meta itemprop=\"datePublished\" content=\"2026-02-20\">\n                <\/time>\n                <!-- category -->\n            <\/div>\n            <!-- teaser -->\n            <div class=\"\" itemprop=\"description\">\n                <p><p>Pr\u00e4zision, Flexibilit\u00e4t und einfache Integration in einem kompakten Hutschienen-Modul Mit dem aiXLED-Steuerger\u00e4t bietet aiXtrusion eine Highend-L\u00f6sung f\u00fcr die Industrie, um adressierbare LED-Streifen pr\u00e4zise zu steuern. Dank der intuitiven Konfigurations-Software l\u00e4sst sich jede LED einzeln ansteuern, was eine punktgenaue visuelle Umsetzung komplexer Anforderungen erm\u00f6glicht. => Hier erhalten Sie weitere Informationen<\/p>\n<\/p>\n            <\/div>\n\n            <a class=\"btn btn-primary btn-read-more\"\n                title=\"Professionelles LED-Steuerger\u00e4t f\u00fcr industrielle Anwendungen\"\n                target=\"_self\"\n                href=\"https:\/\/www.aixtrusion.de\/de\/professionelles-led-steuergeraet-fuer-industrielle-anwendungen\/\">\n                Weiterlesen\n            <\/a>\n        <\/div>\n    <\/div>\n    \n      \n                        <div class=\"row news-list-item m-b-2\">\n        <div class=\" col-xs-12 col-sm-4 col-md-3 col-lg-3 col-xl-3 \">\n            <a title=\"aiXtrusion bringt eigenes SOM heraus\"\n                target=\"_self\"\n                href=\"https:\/\/www.aixtrusion.de\/de\/aixtrusion-bringt-eigenes-som-heraus\/\">\n                <figure class=\"wp-block-post-featured-image\">\n                    <img loading=\"lazy\" decoding=\"async\" width=\"2290\" height=\"1527\" src=\"https:\/\/www.aixtrusion.de\/wp-content\/uploads\/2025\/02\/aiXcore-edited.png\" class=\"attachment-post-thumbnail size-post-thumbnail wp-post-image\" alt=\"System-on-Module\" srcset=\"https:\/\/www.aixtrusion.de\/wp-content\/uploads\/2025\/02\/aiXcore-edited.png 2290w, https:\/\/www.aixtrusion.de\/wp-content\/uploads\/2025\/02\/aiXcore-edited-300x200.png 300w, https:\/\/www.aixtrusion.de\/wp-content\/uploads\/2025\/02\/aiXcore-edited-1024x683.png 1024w, https:\/\/www.aixtrusion.de\/wp-content\/uploads\/2025\/02\/aiXcore-edited-768x512.png 768w, https:\/\/www.aixtrusion.de\/wp-content\/uploads\/2025\/02\/aiXcore-edited-1536x1024.png 1536w, https:\/\/www.aixtrusion.de\/wp-content\/uploads\/2025\/02\/aiXcore-edited-2048x1366.png 2048w\" sizes=\"auto, (max-width: 2290px) 100vw, 2290px\" \/>                <\/figure>\n            <\/a>\n        <\/div>\n        <div class=\"col-md-9 articletype-0\" itemscope=\"itemscope\" itemtype=\"http:\/\/schema.org\/Article\">\n            <h3 itemprop=\"headline\">\n                <a title=\"aiXtrusion bringt eigenes SOM heraus\"\n                    target=\"_self\"\n                    href=\"https:\/\/www.aixtrusion.de\/de\/aixtrusion-bringt-eigenes-som-heraus\/\">\n                    aiXtrusion bringt eigenes SOM heraus                <\/a>\n            <\/h3>\n            <div class=\"extra\">\n                <!-- author -->\n                <!-- date --> <span class=\"glyphicon glyphicon-calendar\"> <\/span>\n                <time datetime=\"2025-02-01\">\n                1. Februar 2025                    <meta itemprop=\"datePublished\" content=\"2025-02-01\">\n                <\/time>\n                <!-- category -->\n            <\/div>\n            <!-- teaser -->\n            <div class=\"\" itemprop=\"description\">\n                <p><p>System on Module auf Basis STM32 Das aiXcore genannte SOM wird bereits ab Werk mit einem speziell angepassten Board Support Package (BSP) auf Basis von Yocto Linux ausgeliefert, wodurch Entwicklungszeiten deutlich reduziert werden k\u00f6nnen. Mit dem BSP k\u00f6nnen Entwickler das Endprodukt flexibel an projektindividuelle Anforderungen anpassen und sich ansonsten auf die Implementierung ihrer individuellen Anwendungsfunktionen [&hellip;]<\/p>\n<\/p>\n            <\/div>\n\n            <a class=\"btn btn-primary btn-read-more\"\n                title=\"aiXtrusion bringt eigenes SOM heraus\"\n                target=\"_self\"\n                href=\"https:\/\/www.aixtrusion.de\/de\/aixtrusion-bringt-eigenes-som-heraus\/\">\n                Weiterlesen\n            <\/a>\n        <\/div>\n    <\/div>\n    \n      \n                        <div class=\"row news-list-item m-b-2\">\n        <div class=\" col-xs-12 col-sm-4 col-md-3 col-lg-3 col-xl-3 \">\n            <a title=\"Eine optimale Schraubenverbindung dank aiXtight\"\n                target=\"_self\"\n                href=\"https:\/\/www.aixtrusion.de\/de\/eine-optimale-schraubenverbindung-dank-aixtight\/\">\n                <figure class=\"wp-block-post-featured-image\">\n                    <img loading=\"lazy\" decoding=\"async\" width=\"600\" height=\"600\" src=\"https:\/\/www.aixtrusion.de\/wp-content\/uploads\/2024\/08\/aiXtight-teaser.png\" class=\"attachment-post-thumbnail size-post-thumbnail wp-post-image\" alt=\"\" \/>                <\/figure>\n            <\/a>\n        <\/div>\n        <div class=\"col-md-9 articletype-0\" itemscope=\"itemscope\" itemtype=\"http:\/\/schema.org\/Article\">\n            <h3 itemprop=\"headline\">\n                <a title=\"Eine optimale Schraubenverbindung dank aiXtight\"\n                    target=\"_self\"\n                    href=\"https:\/\/www.aixtrusion.de\/de\/eine-optimale-schraubenverbindung-dank-aixtight\/\">\n                    Eine optimale Schraubenverbindung dank aiXtight                <\/a>\n            <\/h3>\n            <div class=\"extra\">\n                <!-- author -->\n                <!-- date --> <span class=\"glyphicon glyphicon-calendar\"> <\/span>\n                <time datetime=\"2023-08-03\">\n                3. August 2023                    <meta itemprop=\"datePublished\" content=\"2023-08-03\">\n                <\/time>\n                <!-- category -->\n            <\/div>\n            <!-- teaser -->\n            <div class=\"\" itemprop=\"description\">\n                <p><p>Patentiertes Messverfahren zur 100%-Pr\u00fcfung der Schraubenkopfauflage Eine optimale Schraubenverbindung dank aiXtightPatentiertes Messverfahren zur 100%-Pr\u00fcfung der Schraubenkopfauflage F\u00fcr eine optimale Schraubenverbindung m\u00fcssen zahlreiche Einflussfaktoren ber\u00fccksichtigt werden. Mit dem kameragest\u00fctzten Messsystem von aiXtrusion werden fehlerhafte Schraubenverbindungen direkt bei der Montage erkannt. Die Auslieferung von fehlerhaft montierten Bauteilen geh\u00f6rt damit der Vergangenheit an. => Hier erhalten Sie alle [&hellip;]<\/p>\n<\/p>\n            <\/div>\n\n            <a class=\"btn btn-primary btn-read-more\"\n                title=\"Eine optimale Schraubenverbindung dank aiXtight\"\n                target=\"_self\"\n                href=\"https:\/\/www.aixtrusion.de\/de\/eine-optimale-schraubenverbindung-dank-aixtight\/\">\n                Weiterlesen\n            <\/a>\n        <\/div>\n    <\/div>\n    \n      \n                        <div class=\"row news-list-item m-b-2\">\n        <div class=\" col-xs-12 col-sm-4 col-md-3 col-lg-3 col-xl-3 \">\n            <a title=\"Fr\u00fchwarnsystem erkennt Verschlei\u00df an Schl\u00fcsselstelle\"\n                target=\"_self\"\n                href=\"https:\/\/www.aixtrusion.de\/de\/fruehwarnsystem-erkennt-verschleiss-an-schluesselstelle\/\">\n                <figure class=\"wp-block-post-featured-image\">\n                    <img loading=\"lazy\" decoding=\"async\" width=\"250\" height=\"116\" src=\"https:\/\/www.aixtrusion.de\/wp-content\/uploads\/2024\/08\/aiXtrusion-Logo.webp\" class=\"attachment-post-thumbnail size-post-thumbnail wp-post-image\" alt=\"\" \/>                <\/figure>\n            <\/a>\n        <\/div>\n        <div class=\"col-md-9 articletype-0\" itemscope=\"itemscope\" itemtype=\"http:\/\/schema.org\/Article\">\n            <h3 itemprop=\"headline\">\n                <a title=\"Fr\u00fchwarnsystem erkennt Verschlei\u00df an Schl\u00fcsselstelle\"\n                    target=\"_self\"\n                    href=\"https:\/\/www.aixtrusion.de\/de\/fruehwarnsystem-erkennt-verschleiss-an-schluesselstelle\/\">\n                    Fr\u00fchwarnsystem erkennt Verschlei\u00df an Schl\u00fcsselstelle                <\/a>\n            <\/h3>\n            <div class=\"extra\">\n                <!-- author -->\n                <!-- date --> <span class=\"glyphicon glyphicon-calendar\"> <\/span>\n                <time datetime=\"2023-06-12\">\n                12. Juni 2023                    <meta itemprop=\"datePublished\" content=\"2023-06-12\">\n                <\/time>\n                <!-- category -->\n            <\/div>\n            <!-- teaser -->\n            <div class=\"\" itemprop=\"description\">\n                <p><p>aiXtrusion entwickelt eine Verschlei\u00dferkennung an F\u00f6rderketten Lesen Sie hier den ganzen Artikel<\/p>\n<\/p>\n            <\/div>\n\n            <a class=\"btn btn-primary btn-read-more\"\n                title=\"Fr\u00fchwarnsystem erkennt Verschlei\u00df an Schl\u00fcsselstelle\"\n                target=\"_self\"\n                href=\"https:\/\/www.aixtrusion.de\/de\/fruehwarnsystem-erkennt-verschleiss-an-schluesselstelle\/\">\n                Weiterlesen\n            <\/a>\n        <\/div>\n    <\/div>\n    \n      \n                        <div class=\"row news-list-item m-b-2\">\n        <div class=\" col-xs-12 col-sm-4 col-md-3 col-lg-3 col-xl-3 \">\n            <a title=\"Wir stellen weiter ein\"\n                target=\"_self\"\n                href=\"https:\/\/www.aixtrusion.de\/de\/wir-stellen-weiter-ein\/\">\n                <figure class=\"wp-block-post-featured-image\">\n                    <img loading=\"lazy\" decoding=\"async\" width=\"200\" height=\"86\" src=\"https:\/\/www.aixtrusion.de\/wp-content\/uploads\/2024\/08\/news.webp\" class=\"attachment-post-thumbnail size-post-thumbnail wp-post-image\" alt=\"\" \/>                <\/figure>\n            <\/a>\n        <\/div>\n        <div class=\"col-md-9 articletype-0\" itemscope=\"itemscope\" itemtype=\"http:\/\/schema.org\/Article\">\n            <h3 itemprop=\"headline\">\n                <a title=\"Wir stellen weiter ein\"\n                    target=\"_self\"\n                    href=\"https:\/\/www.aixtrusion.de\/de\/wir-stellen-weiter-ein\/\">\n                    Wir stellen weiter ein                <\/a>\n            <\/h3>\n            <div class=\"extra\">\n                <!-- author -->\n                <!-- date --> <span class=\"glyphicon glyphicon-calendar\"> <\/span>\n                <time datetime=\"2023-02-01\">\n                1. Februar 2023                    <meta itemprop=\"datePublished\" content=\"2023-02-01\">\n                <\/time>\n                <!-- category -->\n            <\/div>\n            <!-- teaser -->\n            <div class=\"\" itemprop=\"description\">\n                <p><p>Hier finden Sie unsere Ausschreibungen<\/p>\n<\/p>\n            <\/div>\n\n            <a class=\"btn btn-primary btn-read-more\"\n                title=\"Wir stellen weiter ein\"\n                target=\"_self\"\n                href=\"https:\/\/www.aixtrusion.de\/de\/wir-stellen-weiter-ein\/\">\n                Weiterlesen\n            <\/a>\n        <\/div>\n    <\/div>\n    \n      \n            <\/div>\n    \n        <div class=\"page-navigation text-xs-center\">\n        <ul class=\"pagination\">\n            \n                            <li class=\"page-item active\">\n                    <a class=\"page-link\" href=\"https:\/\/www.aixtrusion.de\/de\/aktuelles\/news\/page\/1\/\">1<\/a>   \n                <\/li>\n                            <li class=\"page-item\">\n                    <a class=\"page-link\" href=\"https:\/\/www.aixtrusion.de\/de\/aktuelles\/news\/page\/2\/\">2<\/a>   \n                <\/li>\n                            <li class=\"page-item\">\n                    <a class=\"page-link\" href=\"https:\/\/www.aixtrusion.de\/de\/aktuelles\/news\/page\/3\/\">3<\/a>   \n                <\/li>\n                            <li class=\"page-item\">\n                    <a class=\"page-link\" href=\"https:\/\/www.aixtrusion.de\/de\/aktuelles\/news\/page\/4\/\">4<\/a>   \n                <\/li>\n                            <li class=\"page-item\">\n                    <a class=\"page-link\" href=\"https:\/\/www.aixtrusion.de\/de\/aktuelles\/news\/page\/5\/\">5<\/a>   \n                <\/li>\n            \n                        <li class=\"page-item last next\">\n                <a class=\"page-link\" href=\"https:\/\/www.aixtrusion.de\/de\/aktuelles\/news\/page\/2\/\">\n                    N\u00e4chste\n                <\/a>\n            <\/li>\n                    <\/ul>\n    <\/div>\n    \n    \n\n\n\n\n<p><\/p>\n","protected":false},"excerpt":{"rendered":"","protected":false},"author":1,"featured_media":0,"parent":13,"menu_order":0,"comment_status":"closed","ping_status":"closed","template":"page-with-submenu","meta":{"footnotes":"","_links_to":"","_links_to_target":""},"class_list":["post-70","page","type-page","status-publish","hentry"],"_links":{"self":[{"href":"https:\/\/www.aixtrusion.de\/de\/wp-json\/wp\/v2\/pages\/70","targetHints":{"allow":["GET"]}}],"collection":[{"href":"https:\/\/www.aixtrusion.de\/de\/wp-json\/wp\/v2\/pages"}],"about":[{"href":"https:\/\/www.aixtrusion.de\/de\/wp-json\/wp\/v2\/types\/page"}],"author":[{"embeddable":true,"href":"https:\/\/www.aixtrusion.de\/de\/wp-json\/wp\/v2\/users\/1"}],"replies":[{"embeddable":true,"href":"https:\/\/www.aixtrusion.de\/de\/wp-json\/wp\/v2\/comments?post=70"}],"version-history":[{"count":9,"href":"https:\/\/www.aixtrusion.de\/de\/wp-json\/wp\/v2\/pages\/70\/revisions"}],"predecessor-version":[{"id":356,"href":"https:\/\/www.aixtrusion.de\/de\/wp-json\/wp\/v2\/pages\/70\/revisions\/356"}],"up":[{"embeddable":true,"href":"https:\/\/www.aixtrusion.de\/de\/wp-json\/wp\/v2\/pages\/13"}],"wp:attachment":[{"href":"https:\/\/www.aixtrusion.de\/de\/wp-json\/wp\/v2\/media?parent=70"}],"curies":[{"name":"wp","href":"https:\/\/api.w.org\/{rel}","templated":true}]}}