{"id":9,"date":"2024-08-01T10:56:32","date_gmt":"2024-08-01T08:56:32","guid":{"rendered":"https:\/\/www.aixtrusion.de\/index.php\/produkte\/"},"modified":"2024-09-17T19:59:22","modified_gmt":"2024-09-17T17:59:22","slug":"produkte","status":"publish","type":"page","link":"https:\/\/www.aixtrusion.de\/de\/produkte\/","title":{"rendered":"Produkte"},"content":{"rendered":"\n<h3 class=\"wp-block-heading\">Unterst\u00fctzung Ihrer Wertsch\u00f6pfung<\/h3>\n\n\n\n<p>Unsere Produkte werden in kontinuierlicher Kooperation mit unseren Kunden entwickelt. So entstehen Standard-Anwendungen, die Sie bei der Verbesserung Ihrer Produktions- und Wertsch\u00f6pfungsprozesse unterst\u00fctzen. Die Produkte sind so flexibel gestaltet, dass wir sie individuell auf Ihre Bed\u00fcrfnisse anpassen k\u00f6nnen.<\/p>\n\n\n\n<div id=\"c1933\" class=\"\">\n\t<div class=\"row\">\n\t\t<div class=\"col-xl-4 col-lg-4 col-md-6 col-sm-12 col-xs-12 smallPadding\">\n\t\t\t<div class=\"\">\n\t\t\t\t<div id=\"c2041\" class=\"\">\n\t\t\t\t\t<a href=\"\/de\/produkte\/dokumentationsassistent-daixma\/\" target=\"_self\" class=\"linkContainer_link\" rel=\"noopener\">\n\t\t\t\t\t\t<div class=\"link-container linkContainer_highlight\" style=\"padding: 1rem;\">\n\t\t\t\t\t\t\t<div class=\"\">\n\t\t\t\t\t\t\t\t<div id=\"c1930\" class=\"\">\n\t\t\t\t\t\t\t\t\t<div class=\"row\">\n\t\t\t\t\t\t\t\t\t\t<div class=\"col-xl-4 col-lg-3 col-md-1 col-sm-3 col-xs-3\">\n\t\t\t\t\t\t\t\t\t\t\t<div class=\"\">\n\t\t\t\t\t\t\t\t\t\t\t<\/div>\n\t\t\t\t\t\t\t\t\t\t<\/div>\n\t\t\t\t\t\t\t\t\t\t<div class=\"col-xl-4 col-lg-6 col-md-10 col-sm-6 col-xs-6\">\n\t\t\t\t\t\t\t\t\t\t\t<div class=\"\">\n\t\t\t\t\t\t\t\t\t\t\t\t<div id=\"c1929\" class=\"\">\n\t\t\t\t\t\t\t\t\t\t\t\t\t<div class=\"ce-textpic ce-center ce-above\">\n\t\t\t\t\t\t\t\t\t\t\t\t\t\t<div class=\"\">\n\t\t\t\t\t\t\t\t\t\t\t\t\t\t\t<div class=\"row\">\n\t\t\t\t\t\t\t\t\t\t\t\t\t\t\t\t<div class=\" col-xs-12 col-sm-12 col-md-12 col-lg-12 col-xl-12 \">\n\t\t\t\t\t\t\t\t\t\t\t\t\t\t\t\t\t<div class=\"ce-media\">\n\t\t\t\t\t\t\t\t\t\t\t\t\t\t\t\t\t\t<picture alt=\"produkt_daiXma.svg\">\n\t\t\t\t\t\t\t\t\t\t\t\t\t\t\t\t\t\t\t<img decoding=\"async\" src=\"\/wp-content\/uploads\/2024\/08\/produkt_daiXma.svg\" alt=\"produkt_daiXma.svg  \"\n\t\t\t\t\t\t\t\t\t\t\t\t\t\t\t\t\t\t\t\ttitle=\"\" class=\"img-fluid m-b-1 center-block \">\n\t\t\t\t\t\t\t\t\t\t\t\t\t\t\t\t\t\t<\/picture>\n\t\t\t\t\t\t\t\t\t\t\t\t\t\t\t\t\t<\/div>\n\t\t\t\t\t\t\t\t\t\t\t\t\t\t\t\t<\/div>\n\t\t\t\t\t\t\t\t\t\t\t\t\t\t\t<\/div>\n\t\t\t\t\t\t\t\t\t\t\t\t\t\t<\/div>\n\t\t\t\t\t\t\t\t\t\t\t\t\t\t<div class=\"ce-bodytext\">\n\t\t\t\t\t\t\t\t\t\t\t\t\t\t<\/div>\n\t\t\t\t\t\t\t\t\t\t\t\t\t<\/div>\n\t\t\t\t\t\t\t\t\t\t\t\t<\/div>\n\t\t\t\t\t\t\t\t\t\t\t<\/div>\n\t\t\t\t\t\t\t\t\t\t<\/div>\n\t\t\t\t\t\t\t\t\t\t<div class=\"col-xl-4 col-lg-3 col-md-1 col-sm-3 col-xs-3\">\n\t\t\t\t\t\t\t\t\t\t\t<div class=\"\">\n\t\t\t\t\t\t\t\t\t\t\t<\/div>\n\t\t\t\t\t\t\t\t\t\t<\/div>\n\t\t\t\t\t\t\t\t\t<\/div>\n\t\t\t\t\t\t\t\t<\/div>\n\t\t\t\t\t\t\t\t<div id=\"c1931\" class=\"\">\n\t\t\t\t\t\t\t\t\t<div class=\"ce-textpic ce-center ce-above\">\n\t\t\t\t\t\t\t\t\t\t<div class=\"ce-bodytext\">\n\t\t\t\t\t\t\t\t\t\t\t<h3 class=\"align-center\">daiXma<\/h3>\n\t\t\t\t\t\t\t\t\t\t\t<p class=\"align-justify\">daiXma hilft bei der Dokumentation des gesamten Produktionsprozesses &#8211;\n\t\t\t\t\t\t\t\t\t\t\t\tvon der Anfrage \u00fcber das Angebot und die Durchf\u00fchrung bis zum fertigen Bericht.<\/p>\n\t\t\t\t\t\t\t\t\t\t<\/div>\n\t\t\t\t\t\t\t\t\t<\/div>\n\t\t\t\t\t\t\t\t<\/div>\n\t\t\t\t\t\t\t<\/div>\n\t\t\t\t\t\t<\/div>\n\t\t\t\t\t<\/a>\n\t\t\t\t<\/div>\n\t\t\t<\/div>\n\t\t<\/div>\n\t\t<div class=\"clearfix hidden-sm-up\"><\/div>\n\t\t<div class=\"hidden-xs-down clearfix hidden-md-up\"><\/div>\n\t\t<div class=\"col-xl-4 col-lg-4 col-md-6 col-sm-12 col-xs-12 smallPadding\">\n\t\t\t<div class=\"\">\n\t\t\t\t<div id=\"c2042\" class=\"\">\n\t\t\t\t\t<a href=\"\/de\/produkte\/prozessanalysesystem-aixpert\/\" target=\"_self\" class=\"linkContainer_link\" rel=\"noopener\">\n\t\t\t\t\t\t<div class=\"link-container linkContainer_highlight\" style=\"padding: 1rem;\">\n\t\t\t\t\t\t\t<div class=\"\">\n\t\t\t\t\t\t\t\t<div id=\"c1926\" class=\"\">\n\t\t\t\t\t\t\t\t\t<div class=\"row\">\n\t\t\t\t\t\t\t\t\t\t<div class=\"col-xl-4 col-lg-3 col-md-1 col-sm-3 col-xs-3\">\n\t\t\t\t\t\t\t\t\t\t\t<div class=\"\">\n\t\t\t\t\t\t\t\t\t\t\t<\/div>\n\t\t\t\t\t\t\t\t\t\t<\/div>\n\t\t\t\t\t\t\t\t\t\t<div class=\"col-xl-4 col-lg-6 col-md-10 col-sm-6 col-xs-6\">\n\t\t\t\t\t\t\t\t\t\t\t<div class=\"\">\n\t\t\t\t\t\t\t\t\t\t\t\t<div id=\"c1925\" class=\"\">\n\t\t\t\t\t\t\t\t\t\t\t\t\t<div class=\"ce-textpic ce-center ce-above\">\n\t\t\t\t\t\t\t\t\t\t\t\t\t\t<div class=\"\">\n\t\t\t\t\t\t\t\t\t\t\t\t\t\t\t<div class=\"row\">\n\t\t\t\t\t\t\t\t\t\t\t\t\t\t\t\t<div class=\" col-xs-12 col-sm-12 col-md-12 col-lg-12 col-xl-12 \">\n\t\t\t\t\t\t\t\t\t\t\t\t\t\t\t\t\t<div class=\"ce-media\">\n\t\t\t\t\t\t\t\t\t\t\t\t\t\t\t\t\t\t<picture alt=\"produkt_aiXpert.svg\">\n\t\t\t\t\t\t\t\t\t\t\t\t\t\t\t\t\t\t\t<img decoding=\"async\" src=\"\/wp-content\/uploads\/2024\/08\/produkt_aiXpert.svg\" alt=\"produkt_aiXpert.svg  \"\n\t\t\t\t\t\t\t\t\t\t\t\t\t\t\t\t\t\t\t\ttitle=\"\" class=\"img-fluid m-b-1 center-block \">\n\t\t\t\t\t\t\t\t\t\t\t\t\t\t\t\t\t\t<\/picture>\n\t\t\t\t\t\t\t\t\t\t\t\t\t\t\t\t\t<\/div>\n\t\t\t\t\t\t\t\t\t\t\t\t\t\t\t\t<\/div>\n\t\t\t\t\t\t\t\t\t\t\t\t\t\t\t<\/div>\n\t\t\t\t\t\t\t\t\t\t\t\t\t\t<\/div>\n\t\t\t\t\t\t\t\t\t\t\t\t\t\t<div class=\"ce-bodytext\">\n\t\t\t\t\t\t\t\t\t\t\t\t\t\t<\/div>\n\t\t\t\t\t\t\t\t\t\t\t\t\t<\/div>\n\t\t\t\t\t\t\t\t\t\t\t\t<\/div>\n\t\t\t\t\t\t\t\t\t\t\t<\/div>\n\t\t\t\t\t\t\t\t\t\t<\/div>\n\t\t\t\t\t\t\t\t\t\t<div class=\"col-xl-4 col-lg-3 col-md-1 col-sm-3 col-xs-3\">\n\t\t\t\t\t\t\t\t\t\t\t<div class=\"\">\n\t\t\t\t\t\t\t\t\t\t\t<\/div>\n\t\t\t\t\t\t\t\t\t\t<\/div>\n\t\t\t\t\t\t\t\t\t<\/div>\n\t\t\t\t\t\t\t\t<\/div>\n\t\t\t\t\t\t\t\t<div id=\"c1927\" class=\"\">\n\t\t\t\t\t\t\t\t\t<div class=\"ce-textpic ce-center ce-above\">\n\t\t\t\t\t\t\t\t\t\t<div class=\"ce-bodytext\">\n\t\t\t\t\t\t\t\t\t\t\t<h3 class=\"align-center\"\n\t\t\t\t\t\t\t\t\t\t\t\tstyle=\"font-family: texgyreherosregular, 'Helvetica Neue', Helvetica, Arial, sans-serif; color: rgb(55, 58, 60); \">\n\t\t\t\t\t\t\t\t\t\t\t\taiX.PERT<\/h3>\n\t\t\t\t\t\t\t\t\t\t\t<p class=\"align-justify\">Regelung, Automatisierung und Qualit\u00e4ts\u00fcberwachung von\n\t\t\t\t\t\t\t\t\t\t\t\tProduktionsprozessen sind wesentliche Bestandteile des Qualit\u00e4tsmanagements.<\/p>\n\t\t\t\t\t\t\t\t\t\t<\/div>\n\t\t\t\t\t\t\t\t\t<\/div>\n\t\t\t\t\t\t\t\t<\/div>\n\t\t\t\t\t\t\t<\/div>\n\t\t\t\t\t\t<\/div>\n\t\t\t\t\t<\/a>\n\t\t\t\t<\/div>\n\t\t\t<\/div>\n\t\t<\/div>\n\t\t<div class=\"clearfix hidden-sm-up\"><\/div>\n\t\t<div class=\"hidden-xs-down clearfix hidden-md-up\"><\/div>\n\t\t<div class=\"hidden-sm-down clearfix hidden-lg-up\"><\/div>\n\t\t<div class=\"col-xl-4 col-lg-4 col-md-6 col-sm-12 col-xs-12 smallPadding\">\n\t\t\t<div class=\"\">\n\t\t\t\t<div id=\"c2043\" class=\"\">\n\t\t\t\t\t<a href=\"\/de\/produkte\/konfigurationswerkzeug-decon\/\" target=\"_self\" class=\"linkContainer_link\" rel=\"noopener\">\n\t\t\t\t\t\t<div class=\"link-container linkContainer_highlight\" style=\"padding: 1rem;\">\n\t\t\t\t\t\t\t<div class=\"\">\n\t\t\t\t\t\t\t\t<div id=\"c1922\" class=\"\">\n\t\t\t\t\t\t\t\t\t<div class=\"row\">\n\t\t\t\t\t\t\t\t\t\t<div class=\"col-xl-4 col-lg-3 col-md-1 col-sm-3 col-xs-3\">\n\t\t\t\t\t\t\t\t\t\t\t<div class=\"\">\n\t\t\t\t\t\t\t\t\t\t\t<\/div>\n\t\t\t\t\t\t\t\t\t\t<\/div>\n\t\t\t\t\t\t\t\t\t\t<div class=\"col-xl-4 col-lg-6 col-md-10 col-sm-6 col-xs-6\">\n\t\t\t\t\t\t\t\t\t\t\t<div class=\"\">\n\t\t\t\t\t\t\t\t\t\t\t\t<div id=\"c2106\" class=\"\">\n\t\t\t\t\t\t\t\t\t\t\t\t\t<div class=\"ce-textpic ce-left ce-above\">\n\t\t\t\t\t\t\t\t\t\t\t\t\t\t<div class=\"\">\n\t\t\t\t\t\t\t\t\t\t\t\t\t\t\t<div class=\"row\">\n\t\t\t\t\t\t\t\t\t\t\t\t\t\t\t\t<div class=\" col-xs-12 col-sm-12 col-md-12 col-lg-12 col-xl-12 \">\n\t\t\t\t\t\t\t\t\t\t\t\t\t\t\t\t\t<div class=\"ce-media\">\n\t\t\t\t\t\t\t\t\t\t\t\t\t\t\t\t\t\t<picture alt=\"produkt_DeCon.svg\">\n\t\t\t\t\t\t\t\t\t\t\t\t\t\t\t\t\t\t\t<img decoding=\"async\" src=\"\/wp-content\/uploads\/2024\/08\/produkt_DeCon.svg\" alt=\"produkt_DeCon.svg  \"\n\t\t\t\t\t\t\t\t\t\t\t\t\t\t\t\t\t\t\t\ttitle=\"\" class=\"img-fluid m-b-1  \">\n\t\t\t\t\t\t\t\t\t\t\t\t\t\t\t\t\t\t<\/picture>\n\t\t\t\t\t\t\t\t\t\t\t\t\t\t\t\t\t<\/div>\n\t\t\t\t\t\t\t\t\t\t\t\t\t\t\t\t<\/div>\n\t\t\t\t\t\t\t\t\t\t\t\t\t\t\t<\/div>\n\t\t\t\t\t\t\t\t\t\t\t\t\t\t<\/div>\n\t\t\t\t\t\t\t\t\t\t\t\t\t\t<div class=\"ce-bodytext\">\n\t\t\t\t\t\t\t\t\t\t\t\t\t\t<\/div>\n\t\t\t\t\t\t\t\t\t\t\t\t\t<\/div>\n\t\t\t\t\t\t\t\t\t\t\t\t<\/div>\n\t\t\t\t\t\t\t\t\t\t\t<\/div>\n\t\t\t\t\t\t\t\t\t\t<\/div>\n\t\t\t\t\t\t\t\t\t\t<div class=\"col-xl-4 col-lg-3 col-md-1 col-sm-3 col-xs-3\">\n\t\t\t\t\t\t\t\t\t\t\t<div class=\"\">\n\t\t\t\t\t\t\t\t\t\t\t<\/div>\n\t\t\t\t\t\t\t\t\t\t<\/div>\n\t\t\t\t\t\t\t\t\t<\/div>\n\t\t\t\t\t\t\t\t<\/div>\n\t\t\t\t\t\t\t\t<div id=\"c1923\" class=\"\">\n\t\t\t\t\t\t\t\t\t<div class=\"ce-textpic ce-center ce-above\">\n\t\t\t\t\t\t\t\t\t\t<div class=\"ce-bodytext\">\n\t\t\t\t\t\t\t\t\t\t\t<h3 class=\"align-center\">DeCon<\/h3>\n\t\t\t\t\t\t\t\t\t\t\t<p class=\"align-justify\">Zur Konfiguration und Parametrierung von Embedded-Devices ist der\n\t\t\t\t\t\t\t\t\t\t\t\tDevice-Configurator DeCon entstanden.<\/p>\n\t\t\t\t\t\t\t\t\t\t<\/div>\n\t\t\t\t\t\t\t\t\t<\/div>\n\t\t\t\t\t\t\t\t<\/div>\n\t\t\t\t\t\t\t<\/div>\n\t\t\t\t\t\t<\/div>\n\t\t\t\t\t<\/a>\n\t\t\t\t<\/div>\n\t\t\t<\/div>\n\t\t<\/div>\n\t\t<div class=\"clearfix hidden-sm-up\"><\/div>\n\t\t<div class=\"hidden-xs-down clearfix hidden-md-up\"><\/div>\n\t\t<div class=\"hidden-md-down clearfix hidden-xl-up\"><\/div>\n\t\t<div class=\"hidden-lg-down clearfix\"><\/div>\n\t\t<div class=\"col-xl-4 col-lg-4 col-md-6 col-sm-12 col-xs-12 smallPadding\">\n\t\t\t<div class=\"\">\n\t\t\t\t<div id=\"c2044\" class=\"\">\n\t\t\t\t\t<a href=\"\/de\/produkte\/analysetool-morex\/\" target=\"_self\" class=\"linkContainer_link\" rel=\"noopener\">\n\t\t\t\t\t\t<div class=\"link-container linkContainer_highlight\" style=\"padding: 1rem;\">\n\t\t\t\t\t\t\t<div class=\"\">\n\t\t\t\t\t\t\t\t<div id=\"c1918\" class=\"\">\n\t\t\t\t\t\t\t\t\t<div class=\"row\">\n\t\t\t\t\t\t\t\t\t\t<div class=\"col-xl-4 col-lg-3 col-md-1 col-sm-3 col-xs-3\">\n\t\t\t\t\t\t\t\t\t\t\t<div class=\"\">\n\t\t\t\t\t\t\t\t\t\t\t<\/div>\n\t\t\t\t\t\t\t\t\t\t<\/div>\n\t\t\t\t\t\t\t\t\t\t<div class=\"col-xl-4 col-lg-6 col-md-10 col-sm-6 col-xs-6\">\n\t\t\t\t\t\t\t\t\t\t\t<div class=\"\">\n\t\t\t\t\t\t\t\t\t\t\t\t<div id=\"c1917\" class=\"\">\n\t\t\t\t\t\t\t\t\t\t\t\t\t<div class=\"ce-textpic ce-center ce-above\">\n\t\t\t\t\t\t\t\t\t\t\t\t\t\t<div class=\"\">\n\t\t\t\t\t\t\t\t\t\t\t\t\t\t\t<div class=\"row\">\n\t\t\t\t\t\t\t\t\t\t\t\t\t\t\t\t<div class=\" col-xs-12 col-sm-12 col-md-12 col-lg-12 col-xl-12 \">\n\t\t\t\t\t\t\t\t\t\t\t\t\t\t\t\t\t<div class=\"ce-media\">\n\t\t\t\t\t\t\t\t\t\t\t\t\t\t\t\t\t\t<picture alt=\"produkt_MOREX.svg\">\n\t\t\t\t\t\t\t\t\t\t\t\t\t\t\t\t\t\t\t<img decoding=\"async\" src=\"\/wp-content\/uploads\/2024\/08\/produkt_MOREX.svg\" alt=\"produkt_MOREX.svg  \"\n\t\t\t\t\t\t\t\t\t\t\t\t\t\t\t\t\t\t\t\ttitle=\"\" class=\"img-fluid m-b-1 center-block \">\n\t\t\t\t\t\t\t\t\t\t\t\t\t\t\t\t\t\t<\/picture>\n\t\t\t\t\t\t\t\t\t\t\t\t\t\t\t\t\t<\/div>\n\t\t\t\t\t\t\t\t\t\t\t\t\t\t\t\t<\/div>\n\t\t\t\t\t\t\t\t\t\t\t\t\t\t\t<\/div>\n\t\t\t\t\t\t\t\t\t\t\t\t\t\t<\/div>\n\t\t\t\t\t\t\t\t\t\t\t\t\t\t<div class=\"ce-bodytext\">\n\t\t\t\t\t\t\t\t\t\t\t\t\t\t<\/div>\n\t\t\t\t\t\t\t\t\t\t\t\t\t<\/div>\n\t\t\t\t\t\t\t\t\t\t\t\t<\/div>\n\t\t\t\t\t\t\t\t\t\t\t<\/div>\n\t\t\t\t\t\t\t\t\t\t<\/div>\n\t\t\t\t\t\t\t\t\t\t<div class=\"col-xl-4 col-lg-3 col-md-1 col-sm-3 col-xs-3\">\n\t\t\t\t\t\t\t\t\t\t\t<div class=\"\">\n\t\t\t\t\t\t\t\t\t\t\t<\/div>\n\t\t\t\t\t\t\t\t\t\t<\/div>\n\t\t\t\t\t\t\t\t\t<\/div>\n\t\t\t\t\t\t\t\t<\/div>\n\t\t\t\t\t\t\t\t<div id=\"c1919\" class=\"\">\n\t\t\t\t\t\t\t\t\t<div class=\"ce-textpic ce-center ce-above\">\n\t\t\t\t\t\t\t\t\t\t<div class=\"ce-bodytext\">\n\t\t\t\t\t\t\t\t\t\t\t<h3 class=\"align-center\">MOREX<\/h3>\n\t\t\t\t\t\t\t\t\t\t\t<p class=\"align-justify\">Bei MOREX handelt es sich um ein Programm zur Analyse von\n\t\t\t\t\t\t\t\t\t\t\t\tAufbereitungsprozessen in gleichsinnig drehenden, dichtk\u00e4mmenden Doppelschneckenextrudern.<\/p>\n\t\t\t\t\t\t\t\t\t\t<\/div>\n\t\t\t\t\t\t\t\t\t<\/div>\n\t\t\t\t\t\t\t\t<\/div>\n\t\t\t\t\t\t\t<\/div>\n\t\t\t\t\t\t<\/div>\n\t\t\t\t\t<\/a>\n\t\t\t\t<\/div>\n\t\t\t\t<div id=\"c2483\" class=\"\">\n\t\t\t\t\t<a href=\"\/de\/produkte\/simulationsprogramm-sheetcoolaix\/\" target=\"_self\" class=\"linkContainer_link\" rel=\"noopener\">\n\t\t\t\t\t\t<div class=\"link-container linkContainer_highlight\" style=\"padding: 1rem;\">\n\t\t\t\t\t\t\t<div class=\"\">\n\t\t\t\t\t\t\t\t<div id=\"c2481\" class=\"\">\n\t\t\t\t\t\t\t\t\t<div class=\"row\">\n\t\t\t\t\t\t\t\t\t\t<div class=\"col-xl-4 col-lg-3 col-md-1 col-sm-3 col-xs-3\">\n\t\t\t\t\t\t\t\t\t\t\t<div class=\"\">\n\t\t\t\t\t\t\t\t\t\t\t<\/div>\n\t\t\t\t\t\t\t\t\t\t<\/div>\n\t\t\t\t\t\t\t\t\t\t<div class=\"col-xl-4 col-lg-6 col-md-10 col-sm-6 col-xs-6\">\n\t\t\t\t\t\t\t\t\t\t\t<div class=\"\">\n\t\t\t\t\t\t\t\t\t\t\t\t<div id=\"c2480\" class=\"\">\n\t\t\t\t\t\t\t\t\t\t\t\t\t<div class=\"ce-textpic ce-center ce-above\">\n\t\t\t\t\t\t\t\t\t\t\t\t\t\t<div class=\"\">\n\t\t\t\t\t\t\t\t\t\t\t\t\t\t\t<div class=\"row\">\n\t\t\t\t\t\t\t\t\t\t\t\t\t\t\t\t<div class=\" col-xs-12 col-sm-12 col-md-12 col-lg-12 col-xl-12 \">\n\t\t\t\t\t\t\t\t\t\t\t\t\t\t\t\t\t<div class=\"ce-media\">\n\t\t\t\t\t\t\t\t\t\t\t\t\t\t\t\t\t\t<picture alt=\"produkt_SheetCoolAix.svg\">\n\t\t\t\t\t\t\t\t\t\t\t\t\t\t\t\t\t\t\t<img decoding=\"async\" src=\"\/wp-content\/uploads\/2024\/08\/produkt_SheetCoolAix.svg\"\n\t\t\t\t\t\t\t\t\t\t\t\t\t\t\t\t\t\t\t\talt=\"produkt_SheetCoolAix.svg  \" title=\"\" class=\"img-fluid m-b-1 center-block \">\n\t\t\t\t\t\t\t\t\t\t\t\t\t\t\t\t\t\t<\/picture>\n\t\t\t\t\t\t\t\t\t\t\t\t\t\t\t\t\t<\/div>\n\t\t\t\t\t\t\t\t\t\t\t\t\t\t\t\t<\/div>\n\t\t\t\t\t\t\t\t\t\t\t\t\t\t\t<\/div>\n\t\t\t\t\t\t\t\t\t\t\t\t\t\t<\/div>\n\t\t\t\t\t\t\t\t\t\t\t\t\t\t<div class=\"ce-bodytext\">\n\t\t\t\t\t\t\t\t\t\t\t\t\t\t<\/div>\n\t\t\t\t\t\t\t\t\t\t\t\t\t<\/div>\n\t\t\t\t\t\t\t\t\t\t\t\t<\/div>\n\t\t\t\t\t\t\t\t\t\t\t<\/div>\n\t\t\t\t\t\t\t\t\t\t<\/div>\n\t\t\t\t\t\t\t\t\t\t<div class=\"col-xl-4 col-lg-3 col-md-1 col-sm-3 col-xs-3\">\n\t\t\t\t\t\t\t\t\t\t\t<div class=\"\">\n\t\t\t\t\t\t\t\t\t\t\t<\/div>\n\t\t\t\t\t\t\t\t\t\t<\/div>\n\t\t\t\t\t\t\t\t\t<\/div>\n\t\t\t\t\t\t\t\t<\/div>\n\t\t\t\t\t\t\t\t<div id=\"c2482\" class=\"\">\n\t\t\t\t\t\t\t\t\t<div class=\"ce-textpic ce-center ce-above\">\n\t\t\t\t\t\t\t\t\t\t<div class=\"ce-bodytext\">\n\t\t\t\t\t\t\t\t\t\t\t<h3 class=\"align-center\">SheetCoolAix<\/h3>\n\t\t\t\t\t\t\t\t\t\t\t<p class=\"align-justify\">Berechnet die Abk\u00fchlung einer Folie oder einer Platte w\u00e4hrend des\n\t\t\t\t\t\t\t\t\t\t\t\tExtrusionsprozesses. Als Ergebnisse liegen die Temperaturverteilung entlang des Weges als auch\n\t\t\t\t\t\t\t\t\t\t\t\t\u00fcber die Dicke vor. <\/p>\n\t\t\t\t\t\t\t\t\t\t<\/div>\n\t\t\t\t\t\t\t\t\t<\/div>\n\t\t\t\t\t\t\t\t<\/div>\n\t\t\t\t\t\t\t<\/div>\n\t\t\t\t\t\t<\/div>\n\t\t\t\t\t<\/a>\n\t\t\t\t<\/div>\n\t\t\t<\/div>\n\t\t<\/div>\n\t\t<div class=\"clearfix hidden-sm-up\"><\/div>\n\t\t<div class=\"hidden-xs-down clearfix hidden-md-up\"><\/div>\n\t\t<div class=\"hidden-sm-down clearfix hidden-lg-up\"><\/div>\n\t\t<div class=\"col-xl-4 col-lg-4 col-md-6 col-sm-12 col-xs-12 smallPadding\">\n\t\t\t<div class=\"\">\n\t\t\t\t<div id=\"c2045\" class=\"\">\n\t\t\t\t\t<a href=\"\/de\/produkte\/auslegungsprogramm-vertigo\/\" target=\"_self\" class=\"linkContainer_link\" rel=\"noopener\">\n\t\t\t\t\t\t<div class=\"link-container linkContainer_highlight\" style=\"padding: 1rem;\">\n\t\t\t\t\t\t\t<div class=\"\">\n\t\t\t\t\t\t\t\t<div id=\"c1915\" class=\"\">\n\t\t\t\t\t\t\t\t\t<div class=\"row\">\n\t\t\t\t\t\t\t\t\t\t<div class=\"col-xl-4 col-lg-3 col-md-1 col-sm-3 col-xs-3\">\n\t\t\t\t\t\t\t\t\t\t\t<div class=\"\">\n\t\t\t\t\t\t\t\t\t\t\t<\/div>\n\t\t\t\t\t\t\t\t\t\t<\/div>\n\t\t\t\t\t\t\t\t\t\t<div class=\"col-xl-4 col-lg-6 col-md-10 col-sm-6 col-xs-6\">\n\t\t\t\t\t\t\t\t\t\t\t<div class=\"\">\n\t\t\t\t\t\t\t\t\t\t\t\t<div id=\"c1914\" class=\"\">\n\t\t\t\t\t\t\t\t\t\t\t\t\t<div class=\"ce-textpic ce-center ce-above\">\n\t\t\t\t\t\t\t\t\t\t\t\t\t\t<div class=\"\">\n\t\t\t\t\t\t\t\t\t\t\t\t\t\t\t<div class=\"row\">\n\t\t\t\t\t\t\t\t\t\t\t\t\t\t\t\t<div class=\" col-xs-12 col-sm-12 col-md-12 col-lg-12 col-xl-12 \">\n\t\t\t\t\t\t\t\t\t\t\t\t\t\t\t\t\t<div class=\"ce-media\">\n\t\t\t\t\t\t\t\t\t\t\t\t\t\t\t\t\t\t<picture alt=\"produkt_vertigo.svg\">\n\t\t\t\t\t\t\t\t\t\t\t\t\t\t\t\t\t\t\t<img decoding=\"async\" src=\"\/wp-content\/uploads\/2024\/08\/produkt_vertigo.svg\" alt=\"produkt_vertigo.svg  \"\n\t\t\t\t\t\t\t\t\t\t\t\t\t\t\t\t\t\t\t\ttitle=\"\" class=\"img-fluid m-b-1 center-block \">\n\t\t\t\t\t\t\t\t\t\t\t\t\t\t\t\t\t\t<\/picture>\n\t\t\t\t\t\t\t\t\t\t\t\t\t\t\t\t\t<\/div>\n\t\t\t\t\t\t\t\t\t\t\t\t\t\t\t\t<\/div>\n\t\t\t\t\t\t\t\t\t\t\t\t\t\t\t<\/div>\n\t\t\t\t\t\t\t\t\t\t\t\t\t\t<\/div>\n\t\t\t\t\t\t\t\t\t\t\t\t\t\t<div class=\"ce-bodytext\">\n\t\t\t\t\t\t\t\t\t\t\t\t\t\t<\/div>\n\t\t\t\t\t\t\t\t\t\t\t\t\t<\/div>\n\t\t\t\t\t\t\t\t\t\t\t\t<\/div>\n\t\t\t\t\t\t\t\t\t\t\t<\/div>\n\t\t\t\t\t\t\t\t\t\t<\/div>\n\t\t\t\t\t\t\t\t\t\t<div class=\"col-xl-4 col-lg-3 col-md-1 col-sm-3 col-xs-3\">\n\t\t\t\t\t\t\t\t\t\t\t<div class=\"\">\n\t\t\t\t\t\t\t\t\t\t\t<\/div>\n\t\t\t\t\t\t\t\t\t\t<\/div>\n\t\t\t\t\t\t\t\t\t<\/div>\n\t\t\t\t\t\t\t\t<\/div>\n\t\t\t\t\t\t\t\t<div id=\"c1916\" class=\"\">\n\t\t\t\t\t\t\t\t\t<div class=\"ce-textpic ce-center ce-above\">\n\t\t\t\t\t\t\t\t\t\t<div class=\"ce-bodytext\">\n\t\t\t\t\t\t\t\t\t\t\t<h3 class=\"align-center\">Vertigo<\/h3>\n\t\t\t\t\t\t\t\t\t\t\t<p class=\"align-justify\">Vertigo ist ein Programm zur numerischen Auslegung und Nachrechnung des\n\t\t\t\t\t\t\t\t\t\t\t\tBetriebsverhaltens von Schmelzeverteilersystemen.<\/p>\n\t\t\t\t\t\t\t\t\t\t<\/div>\n\t\t\t\t\t\t\t\t\t<\/div>\n\t\t\t\t\t\t\t\t<\/div>\n\t\t\t\t\t\t\t<\/div>\n\t\t\t\t\t\t<\/div>\n\t\t\t\t\t<\/a>\n\t\t\t\t<\/div>\n\t\t\t\t<div id=\"c2479\" class=\"\">\n\t\t\t\t\t<a href=\"\/de\/leistungen\/bildverarbeitung-fuer-die-industrie\/aixtight\/\" target=\"_self\" class=\"linkContainer_link\" rel=\"noopener\">\n\t\t\t\t\t\t<div class=\"link-container linkContainer_highlight\" style=\"padding: 1rem;\">\n\t\t\t\t\t\t\t<div class=\"\">\n\t\t\t\t\t\t\t\t<div id=\"c2477\" class=\"\">\n\t\t\t\t\t\t\t\t\t<div class=\"row\">\n\t\t\t\t\t\t\t\t\t\t<div class=\"col-xl-4 col-lg-3 col-md-1 col-sm-3 col-xs-3\">\n\t\t\t\t\t\t\t\t\t\t\t<div class=\"\">\n\t\t\t\t\t\t\t\t\t\t\t<\/div>\n\t\t\t\t\t\t\t\t\t\t<\/div>\n\t\t\t\t\t\t\t\t\t\t<div class=\"col-xl-4 col-lg-6 col-md-10 col-sm-6 col-xs-6\">\n\t\t\t\t\t\t\t\t\t\t\t<div class=\"\">\n\t\t\t\t\t\t\t\t\t\t\t\t<div id=\"c2476\" class=\"\">\n\t\t\t\t\t\t\t\t\t\t\t\t\t<div class=\"ce-textpic ce-center ce-above\">\n\t\t\t\t\t\t\t\t\t\t\t\t\t\t<div class=\"\">\n\t\t\t\t\t\t\t\t\t\t\t\t\t\t\t<div class=\"row\">\n\t\t\t\t\t\t\t\t\t\t\t\t\t\t\t\t<div class=\" col-xs-12 col-sm-12 col-md-12 col-lg-12 col-xl-12 \">\n\t\t\t\t\t\t\t\t\t\t\t\t\t\t\t\t\t<div class=\"ce-media\">\n\t\t\t\t\t\t\t\t\t\t\t\t\t\t\t\t\t\t<picture alt=\"aiXtight_patentiertes_Messverfahren.png\">\n\t\t\t\t\t\t\t\t\t\t\t\t\t\t\t\t\t\t\t<img\n\t\t\t\t\t\t\t\t\t\t\t\t\t\t\t\t\t\t\t\tsrc=\"\/wp-content\/uploads\/2024\/08\/aiXtight-patentiertes-Messverfahren.webp\"\n\t\t\t\t\t\t\t\t\t\t\t\t\t\t\t\t\t\t\t\talt=\"aiXtight_patentiertes_Messverfahren\" title=\"\"\n\t\t\t\t\t\t\t\t\t\t\t\t\t\t\t\t\t\t\t\tclass=\"img-fluid m-b-1 center-block \">\n\t\t\t\t\t\t\t\t\t\t\t\t\t\t\t\t\t\t<\/picture>\n\t\t\t\t\t\t\t\t\t\t\t\t\t\t\t\t\t<\/div>\n\t\t\t\t\t\t\t\t\t\t\t\t\t\t\t\t<\/div>\n\t\t\t\t\t\t\t\t\t\t\t\t\t\t\t<\/div>\n\t\t\t\t\t\t\t\t\t\t\t\t\t\t<\/div>\n\t\t\t\t\t\t\t\t\t\t\t\t\t\t<div class=\"ce-bodytext\">\n\t\t\t\t\t\t\t\t\t\t\t\t\t\t<\/div>\n\t\t\t\t\t\t\t\t\t\t\t\t\t<\/div>\n\t\t\t\t\t\t\t\t\t\t\t\t<\/div>\n\t\t\t\t\t\t\t\t\t\t\t<\/div>\n\t\t\t\t\t\t\t\t\t\t<\/div>\n\t\t\t\t\t\t\t\t\t\t<div class=\"col-xl-4 col-lg-3 col-md-1 col-sm-3 col-xs-3\">\n\t\t\t\t\t\t\t\t\t\t\t<div class=\"\">\n\t\t\t\t\t\t\t\t\t\t\t<\/div>\n\t\t\t\t\t\t\t\t\t\t<\/div>\n\t\t\t\t\t\t\t\t\t<\/div>\n\t\t\t\t\t\t\t\t<\/div>\n\t\t\t\t\t\t\t\t<div id=\"c2478\" class=\"\">\n\t\t\t\t\t\t\t\t\t<div class=\"ce-textpic ce-center ce-above\">\n\t\t\t\t\t\t\t\t\t\t<div class=\"ce-bodytext\">\n\t\t\t\t\t\t\t\t\t\t\t<h3 class=\"align-center\">Schraubenkopfauflagenerkennung &#8218;aiXtight&#8216;<\/h3>\n\t\t\t\t\t\t\t\t\t\t\t<p class=\"align-justify\">Sichere Schraubenkopfauflage durch patentiertes\n\t\t\t\t\t\t\t\t\t\t\t\tMessverfahren<br>Kamerasystem zur 100%-Pr\u00fcfung der Schaubenkopfauflage<\/p>\n\t\t\t\t\t\t\t\t\t\t<\/div>\n\t\t\t\t\t\t\t\t\t<\/div>\n\t\t\t\t\t\t\t\t<\/div>\n\t\t\t\t\t\t\t<\/div>\n\t\t\t\t\t\t<\/div>\n\t\t\t\t\t<\/a>\n\t\t\t\t<\/div>\n\t\t\t<\/div>\n\t\t<\/div>\n\t\t<div class=\"clearfix hidden-sm-up\"><\/div>\n\t\t<div class=\"hidden-xs-down clearfix hidden-md-up\"><\/div>\n\t\t<div class=\"col-xl-4 col-lg-4 col-md-6 col-sm-12 col-xs-12 smallPadding\">\n\t\t\t<div class=\"\">\n\t\t\t\t<div id=\"c2046\" class=\"\">\n\t\t\t\t\t<a href=\"\/de\/produkte\/berechnungsprogramm-wenverti\/\" target=\"_self\" class=\"linkContainer_link\" rel=\"noopener\">\n\t\t\t\t\t\t<div class=\"link-container linkContainer_highlight\" style=\"padding: 1rem;\">\n\t\t\t\t\t\t\t<div class=\"\">\n\t\t\t\t\t\t\t\t<div id=\"c1911\" class=\"\">\n\t\t\t\t\t\t\t\t\t<div class=\"row\">\n\t\t\t\t\t\t\t\t\t\t<div class=\"col-xl-4 col-lg-3 col-md-1 col-sm-3 col-xs-3\">\n\t\t\t\t\t\t\t\t\t\t\t<div class=\"\">\n\t\t\t\t\t\t\t\t\t\t\t<\/div>\n\t\t\t\t\t\t\t\t\t\t<\/div>\n\t\t\t\t\t\t\t\t\t\t<div class=\"col-xl-4 col-lg-6 col-md-10 col-sm-6 col-xs-6\">\n\t\t\t\t\t\t\t\t\t\t\t<div class=\"\">\n\t\t\t\t\t\t\t\t\t\t\t\t<div id=\"c1910\" class=\"\">\n\t\t\t\t\t\t\t\t\t\t\t\t\t<div class=\"ce-textpic ce-center ce-above\">\n\t\t\t\t\t\t\t\t\t\t\t\t\t\t<div class=\"\">\n\t\t\t\t\t\t\t\t\t\t\t\t\t\t\t<div class=\"row\">\n\t\t\t\t\t\t\t\t\t\t\t\t\t\t\t\t<div class=\" col-xs-12 col-sm-12 col-md-12 col-lg-12 col-xl-12 \">\n\t\t\t\t\t\t\t\t\t\t\t\t\t\t\t\t\t<div class=\"ce-media\">\n\t\t\t\t\t\t\t\t\t\t\t\t\t\t\t\t\t\t<picture alt=\"produkt_wenverti.svg\">\n\t\t\t\t\t\t\t\t\t\t\t\t\t\t\t\t\t\t\t<img decoding=\"async\" src=\"\/wp-content\/uploads\/2024\/08\/produkt_wenverti.svg\" alt=\"produkt_wenverti.svg  \"\n\t\t\t\t\t\t\t\t\t\t\t\t\t\t\t\t\t\t\t\ttitle=\"\" class=\"img-fluid m-b-1 center-block \">\n\t\t\t\t\t\t\t\t\t\t\t\t\t\t\t\t\t\t<\/picture>\n\t\t\t\t\t\t\t\t\t\t\t\t\t\t\t\t\t<\/div>\n\t\t\t\t\t\t\t\t\t\t\t\t\t\t\t\t<\/div>\n\t\t\t\t\t\t\t\t\t\t\t\t\t\t\t<\/div>\n\t\t\t\t\t\t\t\t\t\t\t\t\t\t<\/div>\n\t\t\t\t\t\t\t\t\t\t\t\t\t\t<div class=\"ce-bodytext\">\n\t\t\t\t\t\t\t\t\t\t\t\t\t\t<\/div>\n\t\t\t\t\t\t\t\t\t\t\t\t\t<\/div>\n\t\t\t\t\t\t\t\t\t\t\t\t<\/div>\n\t\t\t\t\t\t\t\t\t\t\t<\/div>\n\t\t\t\t\t\t\t\t\t\t<\/div>\n\t\t\t\t\t\t\t\t\t\t<div class=\"col-xl-4 col-lg-3 col-md-1 col-sm-3 col-xs-3\">\n\t\t\t\t\t\t\t\t\t\t\t<div class=\"\">\n\t\t\t\t\t\t\t\t\t\t\t<\/div>\n\t\t\t\t\t\t\t\t\t\t<\/div>\n\t\t\t\t\t\t\t\t\t<\/div>\n\t\t\t\t\t\t\t\t<\/div>\n\t\t\t\t\t\t\t\t<div id=\"c1912\" class=\"\">\n\t\t\t\t\t\t\t\t\t<div class=\"ce-textpic ce-center ce-above\">\n\t\t\t\t\t\t\t\t\t\t<div class=\"ce-bodytext\">\n\t\t\t\t\t\t\t\t\t\t\t<h3 class=\"align-center\">WenVerti<\/h3>\n\t\t\t\t\t\t\t\t\t\t\t<p class=\"align-justify\">Ist ein Programm zur Berechnung der Polymerschmelzestr\u00f6mung in axialen\n\t\t\t\t\t\t\t\t\t\t\t\tund radialen Wendelverteilern, Verwischgewinden bzw. Dralldornen.<\/p>\n\t\t\t\t\t\t\t\t\t\t<\/div>\n\t\t\t\t\t\t\t\t\t<\/div>\n\t\t\t\t\t\t\t\t<\/div>\n\t\t\t\t\t\t\t<\/div>\n\t\t\t\t\t\t<\/div>\n\t\t\t\t\t<\/a>\n\t\t\t\t<\/div>\n\t\t\t<\/div>\n\t\t<\/div>\n\t\t<div class=\"col-xl-4 col-lg-4 col-md-6 col-sm-12 col-xs-12 smallPadding\">\n\t\t\t<div class=\"\">\n\t\t\t<\/div>\n\t\t<\/div>\n\t\t<div class=\"clearfix hidden-sm-up\"><\/div>\n\t\t<div class=\"hidden-xs-down clearfix hidden-md-up\"><\/div>\n\t<\/div>\n<\/div>\n\n\n\n<p><\/p>\n","protected":false},"excerpt":{"rendered":"<p>Unterst\u00fctzung Ihrer Wertsch\u00f6pfung Unsere Produkte werden in kontinuierlicher Kooperation mit unseren Kunden entwickelt. So entstehen Standard-Anwendungen, die Sie bei der Verbesserung Ihrer Produktions- und Wertsch\u00f6pfungsprozesse unterst\u00fctzen. Die Produkte sind so flexibel gestaltet, dass wir sie individuell auf Ihre Bed\u00fcrfnisse anpassen k\u00f6nnen. daiXma daiXma hilft bei der Dokumentation des gesamten Produktionsprozesses &#8211; von der Anfrage \u00fcber [&hellip;]<\/p>\n","protected":false},"author":1,"featured_media":0,"parent":0,"menu_order":6,"comment_status":"closed","ping_status":"closed","template":"page-with-submenu","meta":{"footnotes":"","_links_to":"","_links_to_target":""},"class_list":["post-9","page","type-page","status-publish","hentry"],"_links":{"self":[{"href":"https:\/\/www.aixtrusion.de\/de\/wp-json\/wp\/v2\/pages\/9","targetHints":{"allow":["GET"]}}],"collection":[{"href":"https:\/\/www.aixtrusion.de\/de\/wp-json\/wp\/v2\/pages"}],"about":[{"href":"https:\/\/www.aixtrusion.de\/de\/wp-json\/wp\/v2\/types\/page"}],"author":[{"embeddable":true,"href":"https:\/\/www.aixtrusion.de\/de\/wp-json\/wp\/v2\/users\/1"}],"replies":[{"embeddable":true,"href":"https:\/\/www.aixtrusion.de\/de\/wp-json\/wp\/v2\/comments?post=9"}],"version-history":[{"count":7,"href":"https:\/\/www.aixtrusion.de\/de\/wp-json\/wp\/v2\/pages\/9\/revisions"}],"predecessor-version":[{"id":629,"href":"https:\/\/www.aixtrusion.de\/de\/wp-json\/wp\/v2\/pages\/9\/revisions\/629"}],"wp:attachment":[{"href":"https:\/\/www.aixtrusion.de\/de\/wp-json\/wp\/v2\/media?parent=9"}],"curies":[{"name":"wp","href":"https:\/\/api.w.org\/{rel}","templated":true}]}}