{"id":931,"date":"2025-10-06T08:56:11","date_gmt":"2025-10-06T06:56:11","guid":{"rendered":"https:\/\/www.aixtrusion.de\/de\/unternehmen\/philosophie-2\/"},"modified":"2025-10-06T09:06:25","modified_gmt":"2025-10-06T07:06:25","slug":"projektmanagement","status":"publish","type":"page","link":"https:\/\/www.aixtrusion.de\/de\/unternehmen\/projektmanagement\/","title":{"rendered":"Projektmanagement"},"content":{"rendered":"\n<h3 class=\"wp-block-heading\">Projektmanagement mit Weitblick<\/h3>\n\n\n\n<p>In einer Welt, in der Produkte immer komplexer, Kundenanforderungen immer individueller und Zeitfenster immer knapper werden, ist Projektmanagement nicht nur hilfreich, es ist essentiell.<\/p>\n\n\n\n<figure class=\"wp-block-image size-full is-resized\"><img loading=\"lazy\" decoding=\"async\" width=\"900\" height=\"600\" src=\"https:\/\/www.aixtrusion.de\/wp-content\/uploads\/2025\/10\/aiXtrusion-Projektmanagement.jpg\" alt=\"Projektmanagement\" class=\"wp-image-929\" style=\"width:600px\" srcset=\"https:\/\/www.aixtrusion.de\/wp-content\/uploads\/2025\/10\/aiXtrusion-Projektmanagement.jpg 900w, https:\/\/www.aixtrusion.de\/wp-content\/uploads\/2025\/10\/aiXtrusion-Projektmanagement-300x200.jpg 300w, https:\/\/www.aixtrusion.de\/wp-content\/uploads\/2025\/10\/aiXtrusion-Projektmanagement-768x512.jpg 768w\" sizes=\"auto, (max-width: 900px) 100vw, 900px\" \/><\/figure>\n\n\n\n<hr class=\"wp-block-separator has-alpha-channel-opacity is-style-wide\"\/>\n\n\n\n<h3 class=\"wp-block-heading\">Effizientes Projektmanagement bedeutet f\u00fcr uns:<\/h3>\n\n\n\n<p><\/p>\n\n\n\n<ul class=\"wp-block-list\">\n<li>Qualit\u00e4t durch klare Prozesse sichern<\/li>\n\n\n\n<li>Komplexit\u00e4t beherrschbar machen<\/li>\n\n\n\n<li>Kapazit\u00e4ten und Ressourcen gezielt steuern<\/li>\n\n\n\n<li>Transparenz schaffen \u2013 intern wie extern<\/li>\n\n\n\n<li>Termine zuverl\u00e4ssig einhalten<\/li>\n<\/ul>\n\n\n\n<p>Bei aiXtrusion verstehen wir Projektmanagement als strategischen Kompass, der uns sicher durch technische Herausforderungen, wechselnde Anforderungen und ambitionierte Zeitpl\u00e4ne navigiert. Dabei sind uns:<\/p>\n\n\n\n<ul class=\"wp-block-list\">\n<li>klare Projektpl\u00e4ne und definierte Rollen,<\/li>\n\n\n\n<li>interdisziplin\u00e4re Teams aus Projektleitern, Entwicklern und Testern,<\/li>\n\n\n\n<li>regelm\u00e4\u00dfige Jour Fixes f\u00fcr Abstimmung und Transparenz,<\/li>\n\n\n\n<li>offener Austausch mit Kunden \u2013 auf Augenh\u00f6he und<\/li>\n\n\n\n<li>Tools, die wir nicht nur nutzen, sondern aktiv mitgestalten wichtig.<\/li>\n<\/ul>\n\n\n\n<p>Denn, wirklich wirksam wird Projektmanagement erst dann, wenn es flexibel ist, mitdenkt und sich anpasst. Genau hier setzen wir an.<\/p>\n\n\n\n<h2 class=\"wp-block-heading\">OpenProject \u2013 unser zentrales Steuerungstool<\/h2>\n\n\n\n<p>Wir setzen auf OpenProject als Herzst\u00fcck unserer Projektsteuerung. Als Open-Source-Software bietet es umfassende Funktionen f\u00fcr klassisches, agiles und hybrides Projektmanagement. Dank unserer Entwicklerkompetenz passen wir das Tool individuell an unsere Prozesse an \u2013 f\u00fcr maximale Effizienz und Transparenz.<\/p>\n\n\n\n<h3 class=\"wp-block-heading\">Herausforderungen in Hard- und Softwareprojekten<\/h3>\n\n\n\n<p>Hardwareprojekte sind oft durch lange Lieferzeiten und feste Rahmenbedingungen gepr\u00e4gt. Softwareprojekte hingegen sind dynamisch, anpassungsf\u00e4hig und fehleranf\u00e4llig. Typische Stolpersteine:<\/p>\n\n\n\n<ul class=\"wp-block-list\">\n<li>Schnittstellenprobleme zwischen Systemen<\/li>\n\n\n\n<li>Ressourcen-Engp\u00e4sse in interdisziplin\u00e4ren Teams<\/li>\n\n\n\n<li>Schnelle Innovationszyklen, die Flexibilit\u00e4t erfordern<\/li>\n\n\n\n<li>Lernen, reflektieren, besser werden<\/li>\n<\/ul>\n\n\n\n<p>F\u00fcr die Programmierung von Software nutzen wir das Tool GitLab. Mit diesem Tool lassen sich Softwarestr\u00e4nge mit Fokus auf Qualit\u00e4t und Skalierbarkeit erstellen. Das hilft uns, durch Versionsspeicherung und Nachverfolgbarkeit im Prozess den \u00dcberblick zu bewahren.<\/p>\n\n\n\n<h3 class=\"wp-block-heading\">Und zum Schluss: Lesson Learned Management<\/h3>\n\n\n\n<p>Wir sichern Erfahrungen, teilen Wissen und integrieren Learnings direkt in unsere Prozesse. So werden wir jeden Tag ein St\u00fcck besser \u2013 f\u00fcr unsere Kunden und f\u00fcr uns selbst.<\/p>\n\n\n\n<div style=\"height:16px\" aria-hidden=\"true\" class=\"wp-block-spacer\"><\/div>\n\n\n\n<p>Sehen Sie auch:<\/p>\n\n\n\n<div class=\"wp-block-buttons is-layout-flex wp-block-buttons-is-layout-flex\">\n<div class=\"wp-block-button\"><a class=\"wp-block-button__link wp-element-button\" href=\"\/leistungen\/embedded-systems\/\">Embedded Systems<\/a><\/div>\n\n\n\n<div class=\"wp-block-button is-style-outline is-style-outline--1\"><a class=\"wp-block-button__link wp-element-button\" href=\"\/leistungen\/industrie-40-automation\/automatisierungstechnik\/\">Automatisierungstechnik<\/a><\/div>\n<\/div>\n","protected":false},"excerpt":{"rendered":"<p>Projektmanagement mit Weitblick In einer Welt, in der Produkte immer komplexer, Kundenanforderungen immer individueller und Zeitfenster immer knapper werden, ist Projektmanagement nicht nur hilfreich, es ist essentiell. Effizientes Projektmanagement bedeutet f\u00fcr uns: Bei aiXtrusion verstehen wir Projektmanagement als strategischen Kompass, der uns sicher durch technische Herausforderungen, wechselnde Anforderungen und ambitionierte Zeitpl\u00e4ne navigiert. Dabei sind uns: [&hellip;]<\/p>\n","protected":false},"author":3,"featured_media":0,"parent":11,"menu_order":5,"comment_status":"closed","ping_status":"closed","template":"page-with-submenu","meta":{"footnotes":"","_links_to":"","_links_to_target":""},"class_list":["post-931","page","type-page","status-publish","hentry"],"_links":{"self":[{"href":"https:\/\/www.aixtrusion.de\/de\/wp-json\/wp\/v2\/pages\/931","targetHints":{"allow":["GET"]}}],"collection":[{"href":"https:\/\/www.aixtrusion.de\/de\/wp-json\/wp\/v2\/pages"}],"about":[{"href":"https:\/\/www.aixtrusion.de\/de\/wp-json\/wp\/v2\/types\/page"}],"author":[{"embeddable":true,"href":"https:\/\/www.aixtrusion.de\/de\/wp-json\/wp\/v2\/users\/3"}],"replies":[{"embeddable":true,"href":"https:\/\/www.aixtrusion.de\/de\/wp-json\/wp\/v2\/comments?post=931"}],"version-history":[{"count":5,"href":"https:\/\/www.aixtrusion.de\/de\/wp-json\/wp\/v2\/pages\/931\/revisions"}],"predecessor-version":[{"id":956,"href":"https:\/\/www.aixtrusion.de\/de\/wp-json\/wp\/v2\/pages\/931\/revisions\/956"}],"up":[{"embeddable":true,"href":"https:\/\/www.aixtrusion.de\/de\/wp-json\/wp\/v2\/pages\/11"}],"wp:attachment":[{"href":"https:\/\/www.aixtrusion.de\/de\/wp-json\/wp\/v2\/media?parent=931"}],"curies":[{"name":"wp","href":"https:\/\/api.w.org\/{rel}","templated":true}]}}